{"id":6648,"date":"2014-11-19T09:35:39","date_gmt":"2014-11-19T09:35:39","guid":{"rendered":"http:\/\/www.holiday-active.com\/pt-pt\/about\/"},"modified":"2020-08-18T19:40:48","modified_gmt":"2020-08-18T19:40:48","slug":"sobre","status":"publish","type":"page","link":"https:\/\/holiday-active.com\/pt-pt\/sobre\/","title":{"rendered":"Sobre"},"content":{"rendered":"<div class=\"wpb-content-wrapper\"><p>[vc_row row_fullwidth=&#8221;yes&#8221; css=&#8221;.vc_custom_1494784589761{background-image: url(https:\/\/holiday-active.com\/\/wp-content\/uploads\/2014\/11\/About_us.jpg?id=9604) !important;background-position: center !important;background-repeat: no-repeat !important;background-size: cover !important;}&#8221;][vc_column][vc_row_inner][vc_column_inner][vc_empty_space height=&#8221;350px&#8221;][\/vc_column_inner][\/vc_row_inner][\/vc_column][\/vc_row][vc_row css=&#8221;.vc_custom_1422335093421{padding-bottom: 60px !important;}&#8221;][vc_column width=&#8221;8\/12&#8243;][vc_column_text]<\/p>\n<h1 class=\"page-title\"><span style=\"color: #ed8323;\">Sobre N\u00f3s<\/span><\/h1>\n<p>Somos apaixonados por Portugal e queremos que o seja tamb\u00e9m.<\/p>\n<p>Cri\u00e1mos holiday-active.com para aqueles que querem mais do pa\u00eds que visitam. Para aqueles que querem conhecer a hist\u00f3ria, a cultura e compreender como o passado define o presente de Portugal e das suas cidades<\/p>\n<p>Queremos que descubra o verdadeiro Portugal, longe das multid\u00f5es, e apresentar-lhe a aut\u00eantica cultura portuguesa, o seu povo e as suas tradi\u00e7\u00f5es.[\/vc_column_text][\/vc_column][\/vc_row][vc_row parallax_class=&#8221;yes&#8221; css=&#8221;.vc_custom_1467885801640{background: #756e67 url(http:\/\/shinetheme.com\/demosd\/traveler_demo\/wp-content\/uploads\/2014\/11\/people_on_the_beach_1280x852.jpg?id=20) !important;}&#8221;][vc_column width=&#8221;10\/12&#8243;][vc_column_text el_class=&#8221;gap gap-big text-white&#8221; css=&#8221;.vc_custom_1597779257219{padding-bottom: 25px !important;}&#8221;]<\/p>\n<h2><span style=\"color: #ffffff;\">Como Funciona<\/span><\/h2>\n<p><span style=\"color: #ffffff;\">Compil\u00e1mos tudo o que precisa de saber sobre Portugal num s\u00f3 guia, para o ajudar a tirar o m\u00e1ximo partido da sua experi\u00eancia; visite os lugares que veio ver, mas aproveite ao m\u00e1ximo o seu tempo. Sinta a autenticidade, a calorosa hospitalidade portuguesa e volte para casa com o desejo de regressar em breve.<\/span><\/p>\n<p><span style=\"color: #ffffff;\">Toda a informa\u00e7\u00e3o \u00e9 apresentada de forma simples e directa. Planear umas f\u00e9rias, um fim-de-semana, ou uma atividade de \u00faltima hora nunca foi t\u00e3o f\u00e1cil.<\/span>[\/vc_column_text][vc_empty_space][\/vc_column][\/vc_row][vc_row][vc_column width=&#8221;8\/12&#8243;][vc_column_text]<\/p>\n<div class=\"gap\"><\/div>\n<h2>O Que Fazemos<\/h2>\n<p>Portugal pode ser muitas coisas: castelos medievais magn\u00edficos, hist\u00f3ria fascinante, aldeias pitorescas, paisagens surpreendentes, cidades cativantes, gastronomia que faz crescer \u00e1gua na boca e praias deslumbrantes.<\/p>\n<p>Para o viajante independente que planeia o seu pr\u00f3prio itiner\u00e1rio, apresentamos provavelmente o maior n\u00famero de op\u00e7\u00f5es. Para o viajante curioso, desvendamos a hist\u00f3ria e cultura de Portugal. Para o viajante aventureiro, desafiamo-lo a experimentar mais. Para o viajante impulsivo que decidiu vir a Portugal no ultimo momento, temos tudo preparado para si<\/p>\n<p>Tra\u00e7amos os planos para que a sua viagem a Portugal seja memor\u00e1vel<\/p>\n<p>Navegue em holiday-active.com e descubra Portugal, \u00e0 sua maneira[\/vc_column_text][vc_empty_space][\/vc_column][\/vc_row][vc_row css=&#8221;.vc_custom_1597777922564{background-color: #756e67 !important;}&#8221;][vc_column width=&#8221;10\/12&#8243;][vc_column_text]<\/p>\n<h2><\/h2>\n<h2><span style=\"color: #ffffff;\">O nosso foco:<\/span><\/h2>\n<p><span style=\"color: #ffffff;\">Elegemos as actividades, passeios e alojamentos que experiment\u00e1mos ou que est\u00e3o em nossa lista de desejos. Todas as sugest\u00f5es apresentadas foram pesquisadas e s\u00e3o fornecidas de boa f\u00e9. De todos as op\u00e7\u00f5es dispon\u00edveis em Portugal, reduzimos a lista para o que consideramos ser as melhores ofertas<\/span><\/p>\n<p><span style=\"color: #ffffff;\">Explore o verdadeiro Portugal e procure experi\u00eancias \u00fanicas.<\/span>[\/vc_column_text][vc_empty_space][\/vc_column][\/vc_row][vc_row][vc_column width=&#8221;1\/4&#8243;][vc_empty_space][vc_single_image image=&#8221;13084&#8243; alignment=&#8221;center&#8221; style=&#8221;vc_box_circle_2&#8243; onclick=&#8221;custom_link&#8221; img_link_target=&#8221;_blank&#8221; css_animation=&#8221;fadeIn&#8221; link=&#8221;https:\/\/holiday-active.com\/pt-pt\/sobre-portugal\/&#8221;][vc_empty_space][vc_column_text]<\/p>\n<h4 style=\"text-align: center;\">Portugal<\/h4>\n<p>[\/vc_column_text][vc_column_text]<\/p>\n<p style=\"text-align: center;\">Ao sabor de um pa\u00eds inesquec\u00edvel<\/p>\n<p>[\/vc_column_text][vc_empty_space][\/vc_column][vc_column width=&#8221;1\/4&#8243;][vc_empty_space][vc_single_image image=&#8221;16050&#8243; alignment=&#8221;center&#8221; style=&#8221;vc_box_circle_2&#8243; onclick=&#8221;custom_link&#8221; img_link_target=&#8221;_blank&#8221; css_animation=&#8221;fadeIn&#8221; link=&#8221;https:\/\/holiday-active.com\/pt-pt\/alojamento-em-portugal\/&#8221;][vc_empty_space][vc_column_text]<\/p>\n<h4 style=\"text-align: center;\">Alojamento<\/h4>\n<p>[\/vc_column_text][vc_column_text]<\/p>\n<p style=\"text-align: center;\">Em tendas a hot\u00e9is de 5 Estrelas<\/p>\n<p>[\/vc_column_text][vc_empty_space][\/vc_column][vc_column width=&#8221;1\/4&#8243;][vc_empty_space][vc_single_image image=&#8221;16062&#8243; alignment=&#8221;center&#8221; style=&#8221;vc_box_circle_2&#8243; css_animation=&#8221;fadeIn&#8221;][vc_empty_space][vc_column_text]<\/p>\n<h4 style=\"text-align: center;\">Actividades<\/h4>\n<p>[\/vc_column_text][vc_column_text]<\/p>\n<p style=\"text-align: center;\">De Aventura e Lazer<\/p>\n<p>[\/vc_column_text][vc_empty_space][\/vc_column][vc_column width=&#8221;1\/4&#8243;][vc_empty_space][vc_single_image image=&#8221;16064&#8243; alignment=&#8221;center&#8221; style=&#8221;vc_box_circle_2&#8243; css_animation=&#8221;fadeIn&#8221;][vc_empty_space][vc_column_text]<\/p>\n<h4 style=\"text-align: center;\">Tours<\/h4>\n<p>[\/vc_column_text][vc_column_text]<\/p>\n<p style=\"text-align: center;\">Por mar, terra ou ar<\/p>\n<p>[\/vc_column_text][vc_empty_space][\/vc_column][\/vc_row][vc_row][vc_column][vc_empty_space][vc_column_text]Usamos links afiliados, o que significa que recebemos uma pequena comiss\u00e3o se reservar atrav\u00e9s deles. Isso n\u00e3o afecta de forma alguma o pre\u00e7o final, mas ajuda-nos a manter o site actualizado. Todas as reservas e pagamentos s\u00e3o feitos directamente ao afiliado.<\/p>\n<p>[\/vc_column_text][vc_empty_space][\/vc_column][\/vc_row][vc_row][vc_column][\/vc_column][\/vc_row]<\/p>\n<\/div>","protected":false},"excerpt":{"rendered":"<p>[vc_row row_fullwidth=&#8221;yes&#8221; css=&#8221;.vc_custom_1494784589761{background-image: url(https:\/\/holiday-active.com\/\/wp-content\/uploads\/2014\/11\/About_us.jpg?id=9604) !important;background-position: center !important;background-repeat: no-repeat !important;background-size: cover !important;}&#8221;][vc_column][vc_row_inner][vc_column_inner][vc_empty_space height=&#8221;350px&#8221;][\/vc_column_inner][\/vc_row_inner][\/vc_column][\/vc_row][vc_row css=&#8221;.vc_custom_1422335093421{padding-bottom: 60px !important;}&#8221;][vc_column width=&#8221;8\/12&#8243;][vc_column_text] Sobre N\u00f3s Somos apaixonados por Portugal e queremos que o seja tamb\u00e9m. Cri\u00e1mos holiday-active.com para aqueles que querem mais do pa\u00eds que visitam. Para aqueles que querem conhecer a hist\u00f3ria, a cultura e compreender como o passado define o [&hellip;]<\/p>\n","protected":false},"author":1,"featured_media":0,"parent":0,"menu_order":0,"comment_status":"open","ping_status":"open","template":"template-home.php","meta":{"_monsterinsights_skip_tracking":false,"_monsterinsights_sitenote_active":false,"_monsterinsights_sitenote_note":"","_monsterinsights_sitenote_category":0,"footnotes":""},"class_list":["post-6648","page","type-page","status-publish","has-post-thumbnail","hentry"],"yoast_head":"<!-- This site is optimized with the Yoast SEO plugin v27.2 - https:\/\/yoast.com\/product\/yoast-seo-wordpress\/ -->\n<title>Sobre | holiday-active.com<\/title>\n<meta name=\"description\" content=\"Descubra Portugal com holiday-active.com. Um pa\u00eds pequeno em tamanho, mas imenso na sua diversidade, hist\u00f3ria e tradi\u00e7\u00e3o.\" \/>\n<meta name=\"robots\" content=\"index, follow, max-snippet:-1, max-image-preview:large, max-video-preview:-1\" \/>\n<link rel=\"canonical\" href=\"https:\/\/holiday-active.com\/pt-pt\/sobre\/\" \/>\n<meta property=\"og:locale\" content=\"pt_PT\" \/>\n<meta property=\"og:type\" content=\"article\" \/>\n<meta property=\"og:title\" content=\"Sobre | holiday-active.com\" \/>\n<meta property=\"og:description\" content=\"Descubra Portugal com holiday-active.com. Um pa\u00eds pequeno em tamanho, mas imenso na sua diversidade, hist\u00f3ria e tradi\u00e7\u00e3o.\" \/>\n<meta property=\"og:url\" content=\"https:\/\/holiday-active.com\/pt-pt\/sobre\/\" \/>\n<meta property=\"og:site_name\" content=\"holiday-active.com\" \/>\n<meta property=\"article:publisher\" content=\"https:\/\/www.facebook.com\/holidayactive\" \/>\n<meta property=\"article:modified_time\" content=\"2020-08-18T19:40:48+00:00\" \/>\n<meta name=\"twitter:card\" content=\"summary_large_image\" \/>\n<meta name=\"twitter:label1\" content=\"Tempo estimado de leitura\" \/>\n\t<meta name=\"twitter:data1\" content=\"4 minutos\" \/>\n<script type=\"application\/ld+json\" class=\"yoast-schema-graph\">{\"@context\":\"https:\/\/schema.org\",\"@graph\":[{\"@type\":\"WebPage\",\"@id\":\"https:\/\/holiday-active.com\/pt-pt\/sobre\/\",\"url\":\"https:\/\/holiday-active.com\/pt-pt\/sobre\/\",\"name\":\"Sobre | holiday-active.com\",\"isPartOf\":{\"@id\":\"https:\/\/holiday-active.com\/#website\"},\"datePublished\":\"2014-11-19T09:35:39+00:00\",\"dateModified\":\"2020-08-18T19:40:48+00:00\",\"description\":\"Descubra Portugal com holiday-active.com. Um pa\u00eds pequeno em tamanho, mas imenso na sua diversidade, hist\u00f3ria e tradi\u00e7\u00e3o.\",\"breadcrumb\":{\"@id\":\"https:\/\/holiday-active.com\/pt-pt\/sobre\/#breadcrumb\"},\"inLanguage\":\"pt-PT\",\"potentialAction\":[{\"@type\":\"ReadAction\",\"target\":[\"https:\/\/holiday-active.com\/pt-pt\/sobre\/\"]}]},{\"@type\":\"BreadcrumbList\",\"@id\":\"https:\/\/holiday-active.com\/pt-pt\/sobre\/#breadcrumb\",\"itemListElement\":[{\"@type\":\"ListItem\",\"position\":1,\"name\":\"Home\",\"item\":\"https:\/\/holiday-active.com\/pt-pt\/\"},{\"@type\":\"ListItem\",\"position\":2,\"name\":\"Sobre\"}]},{\"@type\":\"WebSite\",\"@id\":\"https:\/\/holiday-active.com\/#website\",\"url\":\"https:\/\/holiday-active.com\/\",\"name\":\"holiday-active.com\",\"description\":\"Traveling in Portugal\",\"potentialAction\":[{\"@type\":\"SearchAction\",\"target\":{\"@type\":\"EntryPoint\",\"urlTemplate\":\"https:\/\/holiday-active.com\/?s={search_term_string}\"},\"query-input\":{\"@type\":\"PropertyValueSpecification\",\"valueRequired\":true,\"valueName\":\"search_term_string\"}}],\"inLanguage\":\"pt-PT\"}]}<\/script>\n<!-- \/ Yoast SEO plugin. -->","yoast_head_json":{"title":"Sobre | holiday-active.com","description":"Descubra Portugal com holiday-active.com. Um pa\u00eds pequeno em tamanho, mas imenso na sua diversidade, hist\u00f3ria e tradi\u00e7\u00e3o.","robots":{"index":"index","follow":"follow","max-snippet":"max-snippet:-1","max-image-preview":"max-image-preview:large","max-video-preview":"max-video-preview:-1"},"canonical":"https:\/\/holiday-active.com\/pt-pt\/sobre\/","og_locale":"pt_PT","og_type":"article","og_title":"Sobre | holiday-active.com","og_description":"Descubra Portugal com holiday-active.com. Um pa\u00eds pequeno em tamanho, mas imenso na sua diversidade, hist\u00f3ria e tradi\u00e7\u00e3o.","og_url":"https:\/\/holiday-active.com\/pt-pt\/sobre\/","og_site_name":"holiday-active.com","article_publisher":"https:\/\/www.facebook.com\/holidayactive","article_modified_time":"2020-08-18T19:40:48+00:00","twitter_card":"summary_large_image","twitter_misc":{"Tempo estimado de leitura":"4 minutos"},"schema":{"@context":"https:\/\/schema.org","@graph":[{"@type":"WebPage","@id":"https:\/\/holiday-active.com\/pt-pt\/sobre\/","url":"https:\/\/holiday-active.com\/pt-pt\/sobre\/","name":"Sobre | holiday-active.com","isPartOf":{"@id":"https:\/\/holiday-active.com\/#website"},"datePublished":"2014-11-19T09:35:39+00:00","dateModified":"2020-08-18T19:40:48+00:00","description":"Descubra Portugal com holiday-active.com. Um pa\u00eds pequeno em tamanho, mas imenso na sua diversidade, hist\u00f3ria e tradi\u00e7\u00e3o.","breadcrumb":{"@id":"https:\/\/holiday-active.com\/pt-pt\/sobre\/#breadcrumb"},"inLanguage":"pt-PT","potentialAction":[{"@type":"ReadAction","target":["https:\/\/holiday-active.com\/pt-pt\/sobre\/"]}]},{"@type":"BreadcrumbList","@id":"https:\/\/holiday-active.com\/pt-pt\/sobre\/#breadcrumb","itemListElement":[{"@type":"ListItem","position":1,"name":"Home","item":"https:\/\/holiday-active.com\/pt-pt\/"},{"@type":"ListItem","position":2,"name":"Sobre"}]},{"@type":"WebSite","@id":"https:\/\/holiday-active.com\/#website","url":"https:\/\/holiday-active.com\/","name":"holiday-active.com","description":"Traveling in Portugal","potentialAction":[{"@type":"SearchAction","target":{"@type":"EntryPoint","urlTemplate":"https:\/\/holiday-active.com\/?s={search_term_string}"},"query-input":{"@type":"PropertyValueSpecification","valueRequired":true,"valueName":"search_term_string"}}],"inLanguage":"pt-PT"}]}},"_links":{"self":[{"href":"https:\/\/holiday-active.com\/pt-pt\/wp-json\/wp\/v2\/pages\/6648","targetHints":{"allow":["GET"]}}],"collection":[{"href":"https:\/\/holiday-active.com\/pt-pt\/wp-json\/wp\/v2\/pages"}],"about":[{"href":"https:\/\/holiday-active.com\/pt-pt\/wp-json\/wp\/v2\/types\/page"}],"author":[{"embeddable":true,"href":"https:\/\/holiday-active.com\/pt-pt\/wp-json\/wp\/v2\/users\/1"}],"replies":[{"embeddable":true,"href":"https:\/\/holiday-active.com\/pt-pt\/wp-json\/wp\/v2\/comments?post=6648"}],"version-history":[{"count":0,"href":"https:\/\/holiday-active.com\/pt-pt\/wp-json\/wp\/v2\/pages\/6648\/revisions"}],"wp:attachment":[{"href":"https:\/\/holiday-active.com\/pt-pt\/wp-json\/wp\/v2\/media?parent=6648"}],"curies":[{"name":"wp","href":"https:\/\/api.w.org\/{rel}","templated":true}]}}