{"id":6456,"date":"2014-11-27T07:26:02","date_gmt":"2014-11-27T07:26:02","guid":{"rendered":"http:\/\/www.holiday-active.com\/pt-pt\/home-layout-default-traveler\/"},"modified":"2021-07-30T17:41:26","modified_gmt":"2021-07-30T17:41:26","slug":"holiday-active-com-ferias-em-portugal","status":"publish","type":"page","link":"https:\/\/holiday-active.com\/pt-pt\/","title":{"rendered":"Holiday-active.com &#8211; F\u00e9rias em Portugal"},"content":{"rendered":"<div class=\"wpb-content-wrapper\"><p>[vc_row row_fullwidth=&#8221;yes&#8221; css=&#8221;.vc_custom_1627666731735{padding-right: 0px !important;padding-left: 0px !important;}&#8221;][vc_column css=&#8221;.vc_custom_1533657435133{padding-right: 0px !important;padding-left: 0px !important;}&#8221;]<div class=\"top-area show-onload\">\r\n                    <div class=\"owl-carousel owl-slider owl-carousel-area\" id=\"owl-carousel-slider\" data-effect=\"fade\">\r\n                    <div class=\"bg-holder full text-center text-white style1\">\r\n    <div class=\"bg-mask st_1776951104\"><\/div>\r\n    <div class=\"bg-img st_1776951103\"><\/div>\r\n    <div class=\"bg-front full-center\">\r\n        <div class=\"owl-cap\">\r\n                        <h1 class=\"owl-cap-title fittext\">Costa Vicentina<\/h1>\r\n            <div class=\"owl-cap-price st_hotel\">\r\n                <small>From<\/small><h5>\u20ac0,00<\/h5>            <\/div>\r\n                        <a class=\"btn btn-white btn-ghost\" href=\"https:\/\/holiday-active.com\/pt-pt\/location\/costa-vicentina\/\">\r\n                <i class=\"fa fa-angle-right\"><\/i>\r\n                Explore            <\/a>\r\n        <\/div>\r\n    <\/div>\r\n<\/div><div class=\"bg-holder full text-center text-white style1\">\r\n    <div class=\"bg-mask st_1776951106\"><\/div>\r\n    <div class=\"bg-img st_1776951105\"><\/div>\r\n    <div class=\"bg-front full-center\">\r\n        <div class=\"owl-cap\">\r\n                        <h1 class=\"owl-cap-title fittext\">Alentejo<\/h1>\r\n            <div class=\"owl-cap-price st_hotel\">\r\n                <small>From<\/small><h5>\u20ac0,00<\/h5>            <\/div>\r\n                        <a class=\"btn btn-white btn-ghost\" href=\"https:\/\/holiday-active.com\/pt-pt\/location\/alentejo\/\">\r\n                <i class=\"fa fa-angle-right\"><\/i>\r\n                Explore            <\/a>\r\n        <\/div>\r\n    <\/div>\r\n<\/div><div class=\"bg-holder full text-center text-white style1\">\r\n    <div class=\"bg-mask st_1776951108\"><\/div>\r\n    <div class=\"bg-img st_1776951107\"><\/div>\r\n    <div class=\"bg-front full-center\">\r\n        <div class=\"owl-cap\">\r\n                        <h1 class=\"owl-cap-title fittext\">Centro<\/h1>\r\n            <div class=\"owl-cap-price st_hotel\">\r\n                <small>From<\/small><h5>\u20ac0,00<\/h5>            <\/div>\r\n                        <a class=\"btn btn-white btn-ghost\" href=\"https:\/\/holiday-active.com\/pt-pt\/location\/centro\/\">\r\n                <i class=\"fa fa-angle-right\"><\/i>\r\n                Explore            <\/a>\r\n        <\/div>\r\n    <\/div>\r\n<\/div><div class=\"bg-holder full text-center text-white style1\">\r\n    <div class=\"bg-mask st_1776951110\"><\/div>\r\n    <div class=\"bg-img st_1776951109\"><\/div>\r\n    <div class=\"bg-front full-center\">\r\n        <div class=\"owl-cap\">\r\n                        <h1 class=\"owl-cap-title fittext\">Norte<\/h1>\r\n            <div class=\"owl-cap-price st_hotel\">\r\n                <small>From<\/small><h5>\u20ac0,00<\/h5>            <\/div>\r\n                        <a class=\"btn btn-white btn-ghost\" href=\"https:\/\/holiday-active.com\/pt-pt\/location\/norte\/\">\r\n                <i class=\"fa fa-angle-right\"><\/i>\r\n                Explore            <\/a>\r\n        <\/div>\r\n    <\/div>\r\n<\/div><div class=\"bg-holder full text-center text-white style1\">\r\n    <div class=\"bg-mask st_1776951112\"><\/div>\r\n    <div class=\"bg-img st_1776951111\"><\/div>\r\n    <div class=\"bg-front full-center\">\r\n        <div class=\"owl-cap\">\r\n                        <div class=\"owl-cap-weather\"><span>\r\n                    18.9                <\/span>\r\n                <i class=\"wi wi-day-cloudy loc-info-weather-icon\"><\/i>            <\/div>\r\n                        <h1 class=\"owl-cap-title fittext\">Algarve<\/h1>\r\n            <div class=\"owl-cap-price st_hotel\">\r\n                <small>From<\/small><h5>\u20ac0,00<\/h5>            <\/div>\r\n                        <a class=\"btn btn-white btn-ghost\" href=\"https:\/\/holiday-active.com\/pt-pt\/location\/algarve\/\">\r\n                <i class=\"fa fa-angle-right\"><\/i>\r\n                Explore            <\/a>\r\n        <\/div>\r\n    <\/div>\r\n<\/div><div class=\"bg-holder full text-center text-white style1\">\r\n    <div class=\"bg-mask st_1776951114\"><\/div>\r\n    <div class=\"bg-img st_1776951113\"><\/div>\r\n    <div class=\"bg-front full-center\">\r\n        <div class=\"owl-cap\">\r\n                        <div class=\"owl-cap-weather\"><span>\r\n                    19.6                <\/span>\r\n                <i class=\"wi wi-cloud loc-info-weather-icon\"><\/i>            <\/div>\r\n                        <h1 class=\"owl-cap-title fittext\">Lisboa<\/h1>\r\n            <div class=\"owl-cap-price st_hotel\">\r\n                <small>From<\/small><h5>\u20ac0,00<\/h5>            <\/div>\r\n                        <a class=\"btn btn-white btn-ghost\" href=\"https:\/\/holiday-active.com\/pt-pt\/location\/lisboa\/\">\r\n                <i class=\"fa fa-angle-right\"><\/i>\r\n                Explore            <\/a>\r\n        <\/div>\r\n    <\/div>\r\n<\/div>\r\n                    <\/div>\r\n                  <\/div>[\/vc_column][\/vc_row][vc_row css=&#8221;.vc_custom_1509388500793{padding-top: 25px !important;padding-right: 30px !important;padding-bottom: 25px !important;padding-left: 30px !important;background-color: #ffffff !important;}&#8221;][vc_column width=&#8221;1\/3&#8243; css=&#8221;.vc_custom_1422952331196{margin-top: 30px !important;margin-bottom: 30px !important;}&#8221;]\r\n                    <div class=\"st-about-info thumb text-center\">\r\n                            <header class=\"thumb-header pull-top st-thumb-header\">\r\n                               <i class=\"fa fa-laptop box-icon-md box-icon-top box-icon-center round st_1776951115 animate-icon-top-to-bottom   box-icon-to-white \"><\/i>\r\n                            <\/header>\r\n                            <div class=\"thumb-caption pull-top st-thumb-caption\">\r\n                                  <h5 class=\"thumb-title\">\r\n                        <a href=\"#\" class=\"text-darken\">Tudo num s\u00f3 lugar<\/a>\r\n                       <\/h5>\r\n                                <p class=\"thumb-desc\">Nunca foi t\u00e3o f\u00e1cil planear as suas f\u00e9rias. Tudo o que precisa saber sobre Portugal, num s\u00f3 guia.<\/p>\r\n                            <\/div>\r\n                    <\/div>\r\n                    [\/vc_column][vc_column width=&#8221;1\/3&#8243; css=&#8221;.vc_custom_1422952312242{margin-top: 30px !important;margin-bottom: 30px !important;}&#8221;]\r\n                    <div class=\"st-about-info thumb text-center\">\r\n                            <header class=\"thumb-header pull-top st-thumb-header\">\r\n                               <i class=\"fa fa-thumbs-o-up box-icon-md box-icon-top box-icon-center round st_1776951116 animate-icon-top-to-bottom   box-icon-to-black \"><\/i>\r\n                            <\/header>\r\n                            <div class=\"thumb-caption pull-top st-thumb-caption\">\r\n                                  <h5 class=\"thumb-title\">\r\n                        <a href=\"#\" class=\"text-darken\">Reserve online as suas f\u00e9rias ideais<\/a>\r\n                       <\/h5>\r\n                                <p class=\"thumb-desc\">Um Guia completo com acesso direto \u00e0s melhores atividades de aventura e lazer em Portugal.<\/p>\r\n                            <\/div>\r\n                    <\/div>\r\n                    [\/vc_column][vc_column width=&#8221;1\/3&#8243; css=&#8221;.vc_custom_1422952303227{margin-top: 30px !important;margin-bottom: 30px !important;}&#8221;]\r\n                    <div class=\"st-about-info thumb text-center\">\r\n                            <header class=\"thumb-header pull-top st-thumb-header\">\r\n                               <i class=\"fa fa-compass box-icon-md box-icon-top box-icon-center round st_1776951117 animate-icon-top-to-bottom   box-icon-to-black \"><\/i>\r\n                            <\/header>\r\n                            <div class=\"thumb-caption pull-top st-thumb-caption\">\r\n                                  <h5 class=\"thumb-title\">\r\n                        <a href=\"#\" class=\"text-darken\">Seja um Viajante<\/a>\r\n                       <\/h5>\r\n                                <p class=\"thumb-desc\">Evite as multid\u00f5es, v\u00e1 al\u00e9m do \u00f3bvio. Descubra a hospitalidade Portuguesa.<\/p>\r\n                            <\/div>\r\n                    <\/div>\r\n                    [\/vc_column][\/vc_row][vc_row full_width=&#8221;stretch_row&#8221; css=&#8221;.vc_custom_1627666835547{background-color: #f0f0f0 !important;background-position: center !important;background-repeat: no-repeat !important;background-size: cover !important;}&#8221;][vc_column][vc_empty_space][vc_column_text]<\/p>\n<h2 style=\"text-align: center;\"><span style=\"color: #808080;\"><strong>Descubra<\/strong> Portugal<\/span><\/h2>\n<p>[\/vc_column_text][vc_empty_space][vc_column_text]<\/p>\n<p style=\"text-align: center;\"><span style=\"color: #808080;\"><strong>Um Pa\u00eds pequeno em tamanho mas grande em diversidade.<\/strong><\/span><\/p>\n<p>[\/vc_column_text][vc_empty_space][vc_separator][vc_empty_space][\/vc_column][\/vc_row][vc_row][vc_column][vc_empty_space][\/vc_column][\/vc_row][vc_row css=&#8221;.vc_custom_1567267059011{background-color: #ffffff !important;}&#8221;][vc_column width=&#8221;1\/4&#8243;][vc_btn title=&#8221;Norte&#8221; align=&#8221;center&#8221; i_icon_fontawesome=&#8221;fa fa-hand-pointer-o&#8221; button_block=&#8221;true&#8221; add_icon=&#8221;true&#8221; link=&#8221;url:https%3A%2F%2Fholiday-active.com%2Fpt-pt%2Flocation%2Fnorte%2F||target:%20_blank|&#8221;][\/vc_column][vc_column width=&#8221;1\/4&#8243;][vc_btn title=&#8221;Centro&#8221; align=&#8221;center&#8221; i_icon_fontawesome=&#8221;fa fa-hand-pointer-o&#8221; button_block=&#8221;true&#8221; add_icon=&#8221;true&#8221; link=&#8221;url:https%3A%2F%2Fholiday-active.com%2Fpt-pt%2Flocation%2Fcentro%2F||target:%20_blank|&#8221;][\/vc_column][vc_column width=&#8221;1\/4&#8243;][vc_btn title=&#8221;Lisboa&#8221; align=&#8221;center&#8221; i_icon_fontawesome=&#8221;fa fa-hand-pointer-o&#8221; button_block=&#8221;true&#8221; add_icon=&#8221;true&#8221; link=&#8221;url:https%3A%2F%2Fholiday-active.com%2Fpt-pt%2Flocation%2Flisboa%2F||target:%20_blank|&#8221;][\/vc_column][vc_column width=&#8221;1\/4&#8243;][vc_btn title=&#8221;Alentejo&#8221; align=&#8221;center&#8221; i_icon_fontawesome=&#8221;fa fa-hand-pointer-o&#8221; button_block=&#8221;true&#8221; add_icon=&#8221;true&#8221; link=&#8221;url:https%3A%2F%2Fholiday-active.com%2Fpt-pt%2Flocation%2Falentejo%2F||target:%20_blank|&#8221;][\/vc_column][\/vc_row][vc_row css=&#8221;.vc_custom_1627666853526{background-color: #f0f0f0 !important;}&#8221;][vc_column][vc_empty_space][vc_column_text]<\/p>\n<h2><span style=\"color: #808080;\">Passeie &amp;<strong>\u00a0Explore<\/strong><\/span><\/h2>\n<p>[\/vc_column_text][vc_empty_space][vc_row_inner css=&#8221;.vc_custom_1627666475023{background-color: #f0f0f0 !important;}&#8221;][vc_column_inner width=&#8221;1\/4&#8243;][vc_single_image image=&#8221;11690&#8243; img_size=&#8221;full&#8221; alignment=&#8221;center&#8221; onclick=&#8221;custom_link&#8221; img_link_target=&#8221;_blank&#8221; link=&#8221;https:\/\/holiday-active.com\/pt-pt\/o-que-visitar-em-lisboa\/&#8221;][vc_empty_space height=&#8221;8px&#8221;][vc_column_text]<\/p>\n<h4 style=\"text-align: center;\">Lisboa<\/h4>\n<p>[\/vc_column_text][vc_empty_space height=&#8221;64px&#8221;][\/vc_column_inner][vc_column_inner width=&#8221;1\/4&#8243;][vc_single_image image=&#8221;11692&#8243; img_size=&#8221;full&#8221; alignment=&#8221;center&#8221; onclick=&#8221;custom_link&#8221; img_link_target=&#8221;_blank&#8221; link=&#8221;https:\/\/holiday-active.com\/\/pt-pt\/o-que-visitar-em-sintra\/&#8221;][vc_empty_space height=&#8221;8px&#8221;][vc_column_text]<\/p>\n<h4 style=\"text-align: center;\">Sintra<\/h4>\n<p>[\/vc_column_text][vc_empty_space height=&#8221;64px&#8221;][\/vc_column_inner][vc_column_inner width=&#8221;1\/4&#8243;][vc_single_image image=&#8221;11694&#8243; img_size=&#8221;full&#8221; alignment=&#8221;center&#8221; onclick=&#8221;custom_link&#8221; img_link_target=&#8221;_blank&#8221; link=&#8221;https:\/\/holiday-active.com\/\/pt-pt\/o-que-visitar-no-porto\/&#8221;][vc_empty_space height=&#8221;8px&#8221;][vc_column_text]<\/p>\n<h4 style=\"text-align: center;\">Porto<\/h4>\n<p>[\/vc_column_text][vc_empty_space height=&#8221;64px&#8221;][\/vc_column_inner][vc_column_inner width=&#8221;1\/4&#8243;][vc_single_image image=&#8221;11696&#8243; img_size=&#8221;full&#8221; alignment=&#8221;center&#8221; onclick=&#8221;custom_link&#8221; img_link_target=&#8221;_blank&#8221; link=&#8221;https:\/\/holiday-active.com\/\/pt-pt\/o-que-visitar-no-algarve\/&#8221;][vc_empty_space height=&#8221;8px&#8221;][vc_column_text]<\/p>\n<h4 style=\"text-align: center;\">Algarve<\/h4>\n<p>[\/vc_column_text][vc_empty_space height=&#8221;64px&#8221;][\/vc_column_inner][\/vc_row_inner][vc_empty_space][vc_row_inner][vc_column_inner width=&#8221;1\/4&#8243;][vc_single_image image=&#8221;17164&#8243; img_size=&#8221;full&#8221; alignment=&#8221;center&#8221; onclick=&#8221;custom_link&#8221; img_link_target=&#8221;_blank&#8221; link=&#8221;https:\/\/holiday-active.com\/pt-pt\/location\/costa-vicentina\/&#8221;][vc_empty_space height=&#8221;8px&#8221;][vc_column_text]<\/p>\n<h4 style=\"text-align: center;\">Costa Vicentina<\/h4>\n<p>[\/vc_column_text][vc_empty_space height=&#8221;64px&#8221;][\/vc_column_inner][vc_column_inner width=&#8221;1\/4&#8243;][vc_single_image image=&#8221;14407&#8243; img_size=&#8221;full&#8221; alignment=&#8221;center&#8221; onclick=&#8221;custom_link&#8221; img_link_target=&#8221;_blank&#8221; link=&#8221;https:\/\/holiday-active.com\/pt-pt\/o-que-visitar-em-aveiro\/&#8221;][vc_empty_space height=&#8221;8px&#8221;][vc_column_text]<\/p>\n<h4 style=\"text-align: center;\">Aveiro<\/h4>\n<p>[\/vc_column_text][vc_empty_space height=&#8221;64px&#8221;][\/vc_column_inner][vc_column_inner width=&#8221;1\/4&#8243;][vc_single_image image=&#8221;14409&#8243; img_size=&#8221;full&#8221; alignment=&#8221;center&#8221; onclick=&#8221;custom_link&#8221; img_link_target=&#8221;_blank&#8221; link=&#8221;https:\/\/holiday-active.com\/pt-pt\/o-que-visitar-em-evora-centro-cultural-da-idade-mediaora-the-cultural-hub-in-the-middle-ages\/&#8221;][vc_empty_space height=&#8221;8px&#8221;][vc_column_text]<\/p>\n<h4 style=\"text-align: center;\">\u00c9vora<\/h4>\n<p>[\/vc_column_text][vc_empty_space height=&#8221;64px&#8221;][\/vc_column_inner][vc_column_inner width=&#8221;1\/4&#8243;][vc_single_image image=&#8221;14415&#8243; img_size=&#8221;full&#8221; alignment=&#8221;center&#8221; onclick=&#8221;custom_link&#8221; img_link_target=&#8221;_blank&#8221; link=&#8221;https:\/\/holiday-active.com\/pt-pt\/o-que-visitar-em-monsaraz\/&#8221;][vc_empty_space height=&#8221;8px&#8221;][vc_column_text]<\/p>\n<h4 style=\"text-align: center;\">Monsaraz<\/h4>\n<p>[\/vc_column_text][vc_empty_space height=&#8221;64px&#8221;][\/vc_column_inner][\/vc_row_inner][\/vc_column][\/vc_row][vc_row css=&#8221;.vc_custom_1567267059011{background-color: #ffffff !important;}&#8221;][vc_column width=&#8221;1\/3&#8243;][vc_empty_space][vc_cta h2=&#8221;&#8221; add_button=&#8221;bottom&#8221; btn_title=&#8221;Escolha o seu alojamento&#8221; btn_link=&#8221;url:https%3A%2F%2Fholiday-active.com%2Fpt-pt%2Falojamento-em-portugal%2F||target:%20_blank|&#8221;]<\/p>\n<h2><span style=\"color: #808080;\">Onde <strong>Ficar<\/strong><\/span><\/h2>\n<p>A acomoda\u00e7\u00e3o certa determina em muito o sucesso de suas f\u00e9rias<\/p>\n<p>Vamos ajud\u00e1-lo a encontrar o alojamento perfeito para a sua estadia. Atendendo a todas as necessidades, desde tendas glamourosas a pal\u00e1cios reais.<\/p>\n<p>Dicas sobre as melhores \u00e1reas da cidade para ficar e como conseguir mais, gastando menos<\/p>\n<p>[\/vc_cta][vc_empty_space][\/vc_column][vc_column width=&#8221;1\/3&#8243;][vc_empty_space][vc_cta h2=&#8221;&#8221;]<\/p>\n<h2><span style=\"color: #808080;\">O que <strong>Fazer<\/strong><\/span><\/h2>\n<p>Para os amantes de atividades de lazer e aventura, Portugal oferece infinitas possibilidades interessantes.<\/p>\n<p>Surf, vela, caminhadas, equita\u00e7\u00e3o, golfe, observa\u00e7\u00e3o de p\u00e1ssaros, canoagem e pesca s\u00e3o apenas alguns.<\/p>\n<p>Mas, \u00e9 claro, a melhor parte da aventura \u00e9 poder compartilh\u00e1-la com os locais e realmente sentir o pulso do Pa\u00eds que visita.<\/p>\n<p><strong><span style=\"color: #808080;\">A sua Aventura em cada Destino<\/span><\/strong>[\/vc_cta][vc_empty_space][\/vc_column][vc_column width=&#8221;1\/3&#8243;][vc_empty_space][vc_cta h2=&#8221;&#8221;]<\/p>\n<h2><span style=\"color: #808080;\">O que <strong>Ver<\/strong><\/span><\/h2>\n<p>Junte-se a n\u00f3s nesta viagem por Portugal. Um pa\u00eds pequeno em tamanho, mas imenso na sua diversidade, hist\u00f3ria e tradi\u00e7\u00e3o.<\/p>\n<p>O que visitar, o que n\u00e3o pode perder, o que provar, compreender Portugal e as suas gentes faz parte deste guia.<\/p>\n<p>Descubra Portugal e veja como o passado define o presente das suas cidades e do seu povo<\/p>\n<p><strong><span style=\"color: #808080;\">Escolha o seu Tour em cada Destino<\/span><\/strong>[\/vc_cta][vc_empty_space][\/vc_column][\/vc_row][vc_row css=&#8221;.vc_custom_1606139462014{background-color: #f0f0f0 !important;}&#8221;][vc_column][vc_empty_space][vc_separator][vc_empty_space][vc_column_text]<\/p>\n<h3 style=\"text-align: center;\"><span style=\"color: #808080;\">Viajar n\u00e3o \u00e9 ver um lugar, mas entend\u00ea-lo<\/span><\/h3>\n<p>[\/vc_column_text][vc_empty_space][\/vc_column][\/vc_row][vc_column width=&#8221;1\/3&#8243;][\/vc_column][vc_column][\/vc_column][vc_column width=&#8221;2\/3&#8243;][\/vc_column]<\/p>\n<\/div>","protected":false},"excerpt":{"rendered":"<p>[vc_row row_fullwidth=&#8221;yes&#8221; css=&#8221;.vc_custom_1627666731735{padding-right: 0px !important;padding-left: 0px !important;}&#8221;][vc_column css=&#8221;.vc_custom_1533657435133{padding-right: 0px !important;padding-left: 0px !important;}&#8221;][\/vc_column][\/vc_row][vc_row css=&#8221;.vc_custom_1509388500793{padding-top: 25px !important;padding-right: 30px !important;padding-bottom: 25px !important;padding-left: 30px !important;background-color: #ffffff !important;}&#8221;][vc_column width=&#8221;1\/3&#8243; css=&#8221;.vc_custom_1422952331196{margin-top: 30px !important;margin-bottom: 30px !important;}&#8221;][\/vc_column][vc_column width=&#8221;1\/3&#8243; css=&#8221;.vc_custom_1422952312242{margin-top: 30px !important;margin-bottom: 30px !important;}&#8221;][\/vc_column][vc_column width=&#8221;1\/3&#8243; css=&#8221;.vc_custom_1422952303227{margin-top: 30px !important;margin-bottom: 30px !important;}&#8221;][\/vc_column][\/vc_row][vc_row full_width=&#8221;stretch_row&#8221; css=&#8221;.vc_custom_1627666835547{background-color: #f0f0f0 !important;background-position: center !important;background-repeat: no-repeat !important;background-size: cover !important;}&#8221;][vc_column][vc_empty_space][vc_column_text] Descubra Portugal [\/vc_column_text][vc_empty_space][vc_column_text] Um [&hellip;]<\/p>\n","protected":false},"author":1,"featured_media":0,"parent":0,"menu_order":0,"comment_status":"open","ping_status":"closed","template":"template-home.php","meta":{"_monsterinsights_skip_tracking":false,"_monsterinsights_sitenote_active":false,"_monsterinsights_sitenote_note":"","_monsterinsights_sitenote_category":0,"footnotes":""},"class_list":["post-6456","page","type-page","status-publish","has-post-thumbnail","hentry"],"yoast_head":"<!-- This site is optimized with the Yoast SEO plugin v27.2 - https:\/\/yoast.com\/product\/yoast-seo-wordpress\/ -->\n<title>holiday-active.com | F\u00e9rias em Portugal<\/title>\n<meta name=\"description\" content=\"Guia online sobre Portugal, com acesso direto \u00e0s melhores f\u00e9rias de aventura e lazer. Evite as multid\u00f5es, v\u00e1 al\u00e9m do \u00f3bvio.Descubra a hospitalidade Portuguesa com holiday\/active.com\" \/>\n<meta name=\"robots\" content=\"index, follow, max-snippet:-1, max-image-preview:large, max-video-preview:-1\" \/>\n<link rel=\"canonical\" href=\"https:\/\/holiday-active.com\/pt-pt\/\" \/>\n<meta property=\"og:locale\" content=\"pt_PT\" \/>\n<meta property=\"og:type\" content=\"article\" \/>\n<meta property=\"og:title\" content=\"holiday-active.com | F\u00e9rias em Portugal\" \/>\n<meta property=\"og:description\" content=\"Guia online sobre Portugal, com acesso direto \u00e0s melhores f\u00e9rias de aventura e lazer. Evite as multid\u00f5es, v\u00e1 al\u00e9m do \u00f3bvio.Descubra a hospitalidade Portuguesa com holiday\/active.com\" \/>\n<meta property=\"og:url\" content=\"https:\/\/holiday-active.com\/pt-pt\/\" \/>\n<meta property=\"og:site_name\" content=\"holiday-active.com\" \/>\n<meta property=\"article:publisher\" content=\"https:\/\/www.facebook.com\/holidayactive\" \/>\n<meta property=\"article:modified_time\" content=\"2021-07-30T17:41:26+00:00\" \/>\n<meta name=\"twitter:card\" content=\"summary_large_image\" \/>\n<meta name=\"twitter:label1\" content=\"Tempo estimado de leitura\" \/>\n\t<meta name=\"twitter:data1\" content=\"6 minutos\" \/>\n<script type=\"application\/ld+json\" class=\"yoast-schema-graph\">{\"@context\":\"https:\/\/schema.org\",\"@graph\":[{\"@type\":\"WebPage\",\"@id\":\"https:\/\/holiday-active.com\/pt-pt\/\",\"url\":\"https:\/\/holiday-active.com\/pt-pt\/\",\"name\":\"holiday-active.com | F\u00e9rias em Portugal\",\"isPartOf\":{\"@id\":\"https:\/\/holiday-active.com\/#website\"},\"datePublished\":\"2014-11-27T07:26:02+00:00\",\"dateModified\":\"2021-07-30T17:41:26+00:00\",\"description\":\"Guia online sobre Portugal, com acesso direto \u00e0s melhores f\u00e9rias de aventura e lazer. Evite as multid\u00f5es, v\u00e1 al\u00e9m do \u00f3bvio.Descubra a hospitalidade Portuguesa com holiday\/active.com\",\"breadcrumb\":{\"@id\":\"https:\/\/holiday-active.com\/pt-pt\/#breadcrumb\"},\"inLanguage\":\"pt-PT\",\"potentialAction\":[{\"@type\":\"ReadAction\",\"target\":[\"https:\/\/holiday-active.com\/pt-pt\/\"]}]},{\"@type\":\"BreadcrumbList\",\"@id\":\"https:\/\/holiday-active.com\/pt-pt\/#breadcrumb\",\"itemListElement\":[{\"@type\":\"ListItem\",\"position\":1,\"name\":\"Home\",\"item\":\"https:\/\/holiday-active.com\/pt-pt\/\"},{\"@type\":\"ListItem\",\"position\":2,\"name\":\"Holiday-active.com &#8211; F\u00e9rias em Portugal\"}]},{\"@type\":\"WebSite\",\"@id\":\"https:\/\/holiday-active.com\/#website\",\"url\":\"https:\/\/holiday-active.com\/\",\"name\":\"holiday-active.com\",\"description\":\"Traveling in Portugal\",\"potentialAction\":[{\"@type\":\"SearchAction\",\"target\":{\"@type\":\"EntryPoint\",\"urlTemplate\":\"https:\/\/holiday-active.com\/?s={search_term_string}\"},\"query-input\":{\"@type\":\"PropertyValueSpecification\",\"valueRequired\":true,\"valueName\":\"search_term_string\"}}],\"inLanguage\":\"pt-PT\"}]}<\/script>\n<!-- \/ Yoast SEO plugin. -->","yoast_head_json":{"title":"holiday-active.com | F\u00e9rias em Portugal","description":"Guia online sobre Portugal, com acesso direto \u00e0s melhores f\u00e9rias de aventura e lazer. Evite as multid\u00f5es, v\u00e1 al\u00e9m do \u00f3bvio.Descubra a hospitalidade Portuguesa com holiday\/active.com","robots":{"index":"index","follow":"follow","max-snippet":"max-snippet:-1","max-image-preview":"max-image-preview:large","max-video-preview":"max-video-preview:-1"},"canonical":"https:\/\/holiday-active.com\/pt-pt\/","og_locale":"pt_PT","og_type":"article","og_title":"holiday-active.com | F\u00e9rias em Portugal","og_description":"Guia online sobre Portugal, com acesso direto \u00e0s melhores f\u00e9rias de aventura e lazer. Evite as multid\u00f5es, v\u00e1 al\u00e9m do \u00f3bvio.Descubra a hospitalidade Portuguesa com holiday\/active.com","og_url":"https:\/\/holiday-active.com\/pt-pt\/","og_site_name":"holiday-active.com","article_publisher":"https:\/\/www.facebook.com\/holidayactive","article_modified_time":"2021-07-30T17:41:26+00:00","twitter_card":"summary_large_image","twitter_misc":{"Tempo estimado de leitura":"6 minutos"},"schema":{"@context":"https:\/\/schema.org","@graph":[{"@type":"WebPage","@id":"https:\/\/holiday-active.com\/pt-pt\/","url":"https:\/\/holiday-active.com\/pt-pt\/","name":"holiday-active.com | F\u00e9rias em Portugal","isPartOf":{"@id":"https:\/\/holiday-active.com\/#website"},"datePublished":"2014-11-27T07:26:02+00:00","dateModified":"2021-07-30T17:41:26+00:00","description":"Guia online sobre Portugal, com acesso direto \u00e0s melhores f\u00e9rias de aventura e lazer. Evite as multid\u00f5es, v\u00e1 al\u00e9m do \u00f3bvio.Descubra a hospitalidade Portuguesa com holiday\/active.com","breadcrumb":{"@id":"https:\/\/holiday-active.com\/pt-pt\/#breadcrumb"},"inLanguage":"pt-PT","potentialAction":[{"@type":"ReadAction","target":["https:\/\/holiday-active.com\/pt-pt\/"]}]},{"@type":"BreadcrumbList","@id":"https:\/\/holiday-active.com\/pt-pt\/#breadcrumb","itemListElement":[{"@type":"ListItem","position":1,"name":"Home","item":"https:\/\/holiday-active.com\/pt-pt\/"},{"@type":"ListItem","position":2,"name":"Holiday-active.com &#8211; F\u00e9rias em Portugal"}]},{"@type":"WebSite","@id":"https:\/\/holiday-active.com\/#website","url":"https:\/\/holiday-active.com\/","name":"holiday-active.com","description":"Traveling in Portugal","potentialAction":[{"@type":"SearchAction","target":{"@type":"EntryPoint","urlTemplate":"https:\/\/holiday-active.com\/?s={search_term_string}"},"query-input":{"@type":"PropertyValueSpecification","valueRequired":true,"valueName":"search_term_string"}}],"inLanguage":"pt-PT"}]}},"_links":{"self":[{"href":"https:\/\/holiday-active.com\/pt-pt\/wp-json\/wp\/v2\/pages\/6456","targetHints":{"allow":["GET"]}}],"collection":[{"href":"https:\/\/holiday-active.com\/pt-pt\/wp-json\/wp\/v2\/pages"}],"about":[{"href":"https:\/\/holiday-active.com\/pt-pt\/wp-json\/wp\/v2\/types\/page"}],"author":[{"embeddable":true,"href":"https:\/\/holiday-active.com\/pt-pt\/wp-json\/wp\/v2\/users\/1"}],"replies":[{"embeddable":true,"href":"https:\/\/holiday-active.com\/pt-pt\/wp-json\/wp\/v2\/comments?post=6456"}],"version-history":[{"count":4,"href":"https:\/\/holiday-active.com\/pt-pt\/wp-json\/wp\/v2\/pages\/6456\/revisions"}],"predecessor-version":[{"id":17382,"href":"https:\/\/holiday-active.com\/pt-pt\/wp-json\/wp\/v2\/pages\/6456\/revisions\/17382"}],"wp:attachment":[{"href":"https:\/\/holiday-active.com\/pt-pt\/wp-json\/wp\/v2\/media?parent=6456"}],"curies":[{"name":"wp","href":"https:\/\/api.w.org\/{rel}","templated":true}]}}