{"id":6448,"date":"2016-01-24T18:07:50","date_gmt":"2016-01-24T18:07:50","guid":{"rendered":"http:\/\/www.holiday-active.com\/pt-pt\/about-portugal\/"},"modified":"2019-07-11T06:48:05","modified_gmt":"2019-07-11T06:48:05","slug":"sobre-portugal","status":"publish","type":"page","link":"https:\/\/holiday-active.com\/pt-pt\/sobre-portugal\/","title":{"rendered":"Sobre Portugal"},"content":{"rendered":"<div class=\"wpb-content-wrapper\"><p>[vc_row full_width=&#8221;stretch_row&#8221; bg_type=&#8221;image&#8221; parallax_style=&#8221;vcpb-default&#8221; bg_image_new=&#8221;id^6033|url^https:\/\/suncarsgroup.comwp-content\/uploads\/2015\/01\/rent-porsche-spain.jpg|caption^null|alt^null|title^rent-porsche-spain|description^null&#8221; bg_override=&#8221;full&#8221; css=&#8221;.vc_custom_1558421243993{margin-top: 0px !important;padding-top: 150px !important;padding-bottom: 150px !important;background-image: url(https:\/\/holiday-active.com\/wp-content\/uploads\/2019\/05\/About-Portugal_87668208.jpg?id=14327) !important;background-position: center !important;background-repeat: no-repeat !important;background-size: cover !important;}&#8221;][vc_column css=&#8221;.vc_custom_1478894705020{padding-top: 100px !important;padding-bottom: 100px !important;}&#8221;][\/vc_column][\/vc_row][vc_row][vc_column][vc_empty_space][vc_column_text]<\/p>\n<h2>Sobre Portugal<\/h2>\n<p>[\/vc_column_text][vc_empty_space][\/vc_column][\/vc_row][vc_row][vc_column][vc_column_text]<strong>Popula\u00e7\u00e3o<\/strong>: 10.309.573 &#8211; estimativa de 2017<\/p>\n<p><strong>\u00c1rea territorial<\/strong>: 92.212 Km2<\/p>\n<p><strong>Idioma:<\/strong> Portugu\u00eas<\/p>\n<p><strong>Moeda:<\/strong> Euro<\/p>\n<p><strong>Capital:<\/strong> Lisboa<\/p>\n<p><strong>Fuso Hor\u00e1rio<\/strong>: WET \/ GMT UTC (A\u00e7ores UTC-1)<\/p>\n<p><strong>C\u00f3digo de chamada:<\/strong> 00 351<\/p>\n<p><strong>Clima:<\/strong> Temperado mar\u00edtimo<\/p>\n<p><strong>Religi\u00e3o:<\/strong> Cat\u00f3lica<\/p>\n<p>[\/vc_column_text][vc_empty_space][\/vc_column][\/vc_row][vc_row][vc_column][vc_empty_space][vc_column_text]<\/p>\n<h2>A melhor altura para visitar Portugal<\/h2>\n<p>[\/vc_column_text][vc_empty_space][\/vc_column][\/vc_row][vc_row][vc_column][vc_column_text]A \u00e9poca alta em Portugal \u00e9 durante os meses de ver\u00e3o de junho a agosto. As f\u00e9rias escolares come\u00e7am a meio de junho e v\u00e3o at\u00e9 ao princ\u00edpio de setembro.<\/p>\n<p>As temperaturas rondam os 30\u00baC, e os destinos populares como o Porto, Lisboa, Sintra e Algarve recebem um afluxo de turistas. Os dias s\u00e3o agora mais compridos e as refei\u00e7\u00f5es ao ar livre e festejos de ver\u00e3o trazem um ambiente especial \u00e0s cidades. As pessoas convivem mais e a atmosfera global compensa os pre\u00e7os mais altos.<\/p>\n<p>A primavera e o outono apresentam ainda temperaturas agrad\u00e1veis e podem ser uma melhor op\u00e7\u00e3o para aqueles que n\u00e3o gostam de dias muito quentes. Mais fresco para fazer turismo, com praias menos movimentadas e possibilita uma maior conviv\u00eancia com os locais.<\/p>\n<p>O inverno \u00e9 de novembro a fevereiro. Fica frio, e as multid\u00f5es de turistas diminuem consideravelmente. Os portugueses tendem a ficar em casa durante esta temporada, ficando as ruas mais vazias.[\/vc_column_text][\/vc_column][\/vc_row][vc_row][vc_column][vc_empty_space][vc_column_text]<\/p>\n<h2>Curiosidades sobre Portugal<\/h2>\n<p>[\/vc_column_text][vc_empty_space][\/vc_column][\/vc_row][vc_row][vc_column][vc_column_text]<strong>Portugal \u00e9 um dos pa\u00edses mais antigos da Europa<\/strong><br \/>\nD. Afonso I declarou a independ\u00eancia de Portugal em 1139. \u00a0Portugal definiu as suas fronteiras em 1249, mantendo-as h\u00e1 mais de 800 anos. Lisboa \u00e9 mais antiga que Roma e entre as cidades mais antigas da Europa<\/p>\n<p><strong>Os primeiros exploradores dos oceanos foram portugueses<\/strong>.<br \/>\nNa Era dos Descobrimentos (s\u00e9culo XV-XVI) Bartolomeu Dias liderou a expedi\u00e7\u00e3o que contornou o Cabo mais a sul de \u00c1frica, na esperan\u00e7a de encontrar uma rota comercial para a \u00cdndia. Vasco da Gama foi o primeiro europeu a chegar \u00e0 \u00cdndia por via mar\u00edtima ligando a Europa e a \u00c1sia por rota mar\u00edtima. \u00c1lvares Cabral liderou a primeira expedi\u00e7\u00e3o conhecida por acostar em 4 continentes: Europa, \u00c1frica, Am\u00e9rica e \u00c1sia &#8211; e reivindicou-os para Portugal. Fern\u00e3o de Magalh\u00e3es foi a primeira pessoa a circunavegar o globo.<\/p>\n<p>Os portugueses foram o primeiro povo europeu a chegar ao Jap\u00e3o<\/p>\n<p><strong>O primeiro imp\u00e9rio global foi o Portugu\u00eas<\/strong><br \/>\nEm 1494, Portugal e Espanha dividiram o mundo em dois, assinando o tratado de Tordesilhas dando a Portugal a metade oriental do \u201cNovo Mundo\u201d, incluindo o Brasil, a \u00c1frica e a \u00c1sia.<br \/>\nO imp\u00e9rio colonial de Portugal durou 600 anos, o mais antigo dos imp\u00e9rios europeus modernos.<br \/>\nNo seu auge, o imp\u00e9rio colonial portugu\u00eas inclu\u00eda o que hoje s\u00e3o 53 pa\u00edses diferentes. O Brasil tornou-se independente em 1822, todas as col\u00f4nias africanas de Portugal ficaram independentes at\u00e9 o final de 1975 e a \u00faltima col\u00f4nia portuguesa, Macau, foi entregue \u00e0 China em 1999.<\/p>\n<p><strong>Portugu\u00eas \u00e9 uma das l\u00ednguas mais faladas no mundo<\/strong><br \/>\nA l\u00edngua portuguesa \u00e9 a sexta l\u00edngua mais falada no mundo, com 220 a 240 milh\u00f5es de falantes nativos em todo o mundo. \u00c9 a l\u00edngua oficial de 9 pa\u00edses e \u00e9 falada nos 5 continentes!<\/p>\n<p><strong>Portugal e Inglaterra t\u00eam a mais antiga alian\u00e7a diplom\u00e1tica do mundo.<\/strong><br \/>\nA Alian\u00e7a Anglo-Portuguesa foi assinada em 1373 e ainda hoje se mant\u00e9m<\/p>\n<p><strong>Portugal \u00e9 o 17\u00ba pa\u00eds mais seguro do mundo.<\/strong><\/p>\n<p><strong>Nosso amor pelo bacalhau<\/strong><br \/>\nMesmo que n\u00e3o tenhamos bacalhau a nadar nas nossas \u00e1guas, o nosso amor por ele \u00e9 inquestion\u00e1vel. Foi no s\u00e9culo XV que os portugueses come\u00e7aram a comercializar o bacalhau e foram eles os primeiros a ir pesc\u00e1-lo \u00e0 Terra Nova, no Canad\u00e1. Utilizaram um processo de secagem e de salga para que o mesmo mantivesse as suas caracter\u00edsticas por um per\u00edodo t\u00e3o longo como 3 meses<br \/>\nDizem que temos mais de 365 receitas de Bacalhau. Uma para cada dia do ano!<\/p>\n<p><strong>Os portugueses apreciam o seu caf\u00e9<\/strong><br \/>\nO nosso caf\u00e9 (Bica ou caf\u00e9) \u00e9 normalmente servido curto e forte e \u00e9 um ritual importante dos portugueses.<\/p>\n<p><strong>Os portugueses s\u00e3o fatalistas<\/strong><br \/>\nA m\u00fasica tradicional portuguesa \u00e9 o fado, que significa destino: um destino que n\u00e3o pode ser alterado.<br \/>\nUma melanc\u00f3lica can\u00e7\u00e3o de amor, perda, esperan\u00e7a e resigna\u00e7\u00e3o, sempre acompanhada pela guitarra portuguesa. Foi-lhe atribu\u00eddo o estatuto de Patrim\u00f3nio Cultural Imaterial da UNESCO.<\/p>\n<p><strong>Os portugueses recebem-no de bra\u00e7os abertos<\/strong><br \/>\nSeja educado e um portugu\u00eas lhe dar\u00e1 a melhor das boas-vindas.[\/vc_column_text][vc_empty_space][\/vc_column][\/vc_row]<\/p>\n<\/div>","protected":false},"excerpt":{"rendered":"<p>[vc_row full_width=&#8221;stretch_row&#8221; bg_type=&#8221;image&#8221; parallax_style=&#8221;vcpb-default&#8221; bg_image_new=&#8221;id^6033|url^https:\/\/suncarsgroup.comwp-content\/uploads\/2015\/01\/rent-porsche-spain.jpg|caption^null|alt^null|title^rent-porsche-spain|description^null&#8221; bg_override=&#8221;full&#8221; css=&#8221;.vc_custom_1558421243993{margin-top: 0px !important;padding-top: 150px !important;padding-bottom: 150px !important;background-image: url(https:\/\/holiday-active.com\/wp-content\/uploads\/2019\/05\/About-Portugal_87668208.jpg?id=14327) !important;background-position: center !important;background-repeat: no-repeat !important;background-size: cover !important;}&#8221;][vc_column css=&#8221;.vc_custom_1478894705020{padding-top: 100px !important;padding-bottom: 100px !important;}&#8221;][\/vc_column][\/vc_row][vc_row][vc_column][vc_empty_space][vc_column_text] Sobre Portugal [\/vc_column_text][vc_empty_space][\/vc_column][\/vc_row][vc_row][vc_column][vc_column_text]Popula\u00e7\u00e3o: 10.309.573 &#8211; estimativa de 2017 \u00c1rea territorial: 92.212 Km2 Idioma: Portugu\u00eas Moeda: Euro Capital: Lisboa Fuso Hor\u00e1rio: WET \/ GMT UTC (A\u00e7ores UTC-1) C\u00f3digo de chamada: [&hellip;]<\/p>\n","protected":false},"author":1,"featured_media":0,"parent":0,"menu_order":0,"comment_status":"closed","ping_status":"closed","template":"","meta":{"_monsterinsights_skip_tracking":false,"_monsterinsights_sitenote_active":false,"_monsterinsights_sitenote_note":"","_monsterinsights_sitenote_category":0,"footnotes":""},"class_list":["post-6448","page","type-page","status-publish","has-post-thumbnail","hentry"],"yoast_head":"<!-- This site is optimized with the Yoast SEO plugin v27.2 - https:\/\/yoast.com\/product\/yoast-seo-wordpress\/ -->\n<title>Sobre Portugal | holiday-active.com<\/title>\n<meta name=\"description\" content=\"Junte-se a n\u00f3s nesta viagem por Portugal e deixe-nos ajud\u00e1-lo a planear o seu itiner\u00e1rio com sugest\u00f5es sobre o que visitar e fornecendo-lhe fatos hist\u00f3ricos interessantes para melhor conhecer pa\u00eds que visita\" \/>\n<meta name=\"robots\" content=\"index, follow, max-snippet:-1, max-image-preview:large, max-video-preview:-1\" \/>\n<link rel=\"canonical\" href=\"https:\/\/holiday-active.com\/pt-pt\/sobre-portugal\/\" \/>\n<meta property=\"og:locale\" content=\"pt_PT\" \/>\n<meta property=\"og:type\" content=\"article\" \/>\n<meta property=\"og:title\" content=\"Sobre Portugal | holiday-active.com\" \/>\n<meta property=\"og:description\" content=\"Junte-se a n\u00f3s nesta viagem por Portugal e deixe-nos ajud\u00e1-lo a planear o seu itiner\u00e1rio com sugest\u00f5es sobre o que visitar e fornecendo-lhe fatos hist\u00f3ricos interessantes para melhor conhecer pa\u00eds que visita\" \/>\n<meta property=\"og:url\" content=\"https:\/\/holiday-active.com\/pt-pt\/sobre-portugal\/\" \/>\n<meta property=\"og:site_name\" content=\"holiday-active.com\" \/>\n<meta property=\"article:publisher\" content=\"https:\/\/www.facebook.com\/holidayactive\" \/>\n<meta property=\"article:modified_time\" content=\"2019-07-11T06:48:05+00:00\" \/>\n<meta name=\"twitter:card\" content=\"summary_large_image\" \/>\n<meta name=\"twitter:label1\" content=\"Tempo estimado de leitura\" \/>\n\t<meta name=\"twitter:data1\" content=\"5 minutos\" \/>\n<script type=\"application\/ld+json\" class=\"yoast-schema-graph\">{\"@context\":\"https:\/\/schema.org\",\"@graph\":[{\"@type\":\"WebPage\",\"@id\":\"https:\/\/holiday-active.com\/pt-pt\/sobre-portugal\/\",\"url\":\"https:\/\/holiday-active.com\/pt-pt\/sobre-portugal\/\",\"name\":\"Sobre Portugal | holiday-active.com\",\"isPartOf\":{\"@id\":\"https:\/\/holiday-active.com\/#website\"},\"datePublished\":\"2016-01-24T18:07:50+00:00\",\"dateModified\":\"2019-07-11T06:48:05+00:00\",\"description\":\"Junte-se a n\u00f3s nesta viagem por Portugal e deixe-nos ajud\u00e1-lo a planear o seu itiner\u00e1rio com sugest\u00f5es sobre o que visitar e fornecendo-lhe fatos hist\u00f3ricos interessantes para melhor conhecer pa\u00eds que visita\",\"breadcrumb\":{\"@id\":\"https:\/\/holiday-active.com\/pt-pt\/sobre-portugal\/#breadcrumb\"},\"inLanguage\":\"pt-PT\",\"potentialAction\":[{\"@type\":\"ReadAction\",\"target\":[\"https:\/\/holiday-active.com\/pt-pt\/sobre-portugal\/\"]}]},{\"@type\":\"BreadcrumbList\",\"@id\":\"https:\/\/holiday-active.com\/pt-pt\/sobre-portugal\/#breadcrumb\",\"itemListElement\":[{\"@type\":\"ListItem\",\"position\":1,\"name\":\"Home\",\"item\":\"https:\/\/holiday-active.com\/pt-pt\/\"},{\"@type\":\"ListItem\",\"position\":2,\"name\":\"Sobre Portugal\"}]},{\"@type\":\"WebSite\",\"@id\":\"https:\/\/holiday-active.com\/#website\",\"url\":\"https:\/\/holiday-active.com\/\",\"name\":\"holiday-active.com\",\"description\":\"Traveling in Portugal\",\"potentialAction\":[{\"@type\":\"SearchAction\",\"target\":{\"@type\":\"EntryPoint\",\"urlTemplate\":\"https:\/\/holiday-active.com\/?s={search_term_string}\"},\"query-input\":{\"@type\":\"PropertyValueSpecification\",\"valueRequired\":true,\"valueName\":\"search_term_string\"}}],\"inLanguage\":\"pt-PT\"}]}<\/script>\n<!-- \/ Yoast SEO plugin. -->","yoast_head_json":{"title":"Sobre Portugal | holiday-active.com","description":"Junte-se a n\u00f3s nesta viagem por Portugal e deixe-nos ajud\u00e1-lo a planear o seu itiner\u00e1rio com sugest\u00f5es sobre o que visitar e fornecendo-lhe fatos hist\u00f3ricos interessantes para melhor conhecer pa\u00eds que visita","robots":{"index":"index","follow":"follow","max-snippet":"max-snippet:-1","max-image-preview":"max-image-preview:large","max-video-preview":"max-video-preview:-1"},"canonical":"https:\/\/holiday-active.com\/pt-pt\/sobre-portugal\/","og_locale":"pt_PT","og_type":"article","og_title":"Sobre Portugal | holiday-active.com","og_description":"Junte-se a n\u00f3s nesta viagem por Portugal e deixe-nos ajud\u00e1-lo a planear o seu itiner\u00e1rio com sugest\u00f5es sobre o que visitar e fornecendo-lhe fatos hist\u00f3ricos interessantes para melhor conhecer pa\u00eds que visita","og_url":"https:\/\/holiday-active.com\/pt-pt\/sobre-portugal\/","og_site_name":"holiday-active.com","article_publisher":"https:\/\/www.facebook.com\/holidayactive","article_modified_time":"2019-07-11T06:48:05+00:00","twitter_card":"summary_large_image","twitter_misc":{"Tempo estimado de leitura":"5 minutos"},"schema":{"@context":"https:\/\/schema.org","@graph":[{"@type":"WebPage","@id":"https:\/\/holiday-active.com\/pt-pt\/sobre-portugal\/","url":"https:\/\/holiday-active.com\/pt-pt\/sobre-portugal\/","name":"Sobre Portugal | holiday-active.com","isPartOf":{"@id":"https:\/\/holiday-active.com\/#website"},"datePublished":"2016-01-24T18:07:50+00:00","dateModified":"2019-07-11T06:48:05+00:00","description":"Junte-se a n\u00f3s nesta viagem por Portugal e deixe-nos ajud\u00e1-lo a planear o seu itiner\u00e1rio com sugest\u00f5es sobre o que visitar e fornecendo-lhe fatos hist\u00f3ricos interessantes para melhor conhecer pa\u00eds que visita","breadcrumb":{"@id":"https:\/\/holiday-active.com\/pt-pt\/sobre-portugal\/#breadcrumb"},"inLanguage":"pt-PT","potentialAction":[{"@type":"ReadAction","target":["https:\/\/holiday-active.com\/pt-pt\/sobre-portugal\/"]}]},{"@type":"BreadcrumbList","@id":"https:\/\/holiday-active.com\/pt-pt\/sobre-portugal\/#breadcrumb","itemListElement":[{"@type":"ListItem","position":1,"name":"Home","item":"https:\/\/holiday-active.com\/pt-pt\/"},{"@type":"ListItem","position":2,"name":"Sobre Portugal"}]},{"@type":"WebSite","@id":"https:\/\/holiday-active.com\/#website","url":"https:\/\/holiday-active.com\/","name":"holiday-active.com","description":"Traveling in Portugal","potentialAction":[{"@type":"SearchAction","target":{"@type":"EntryPoint","urlTemplate":"https:\/\/holiday-active.com\/?s={search_term_string}"},"query-input":{"@type":"PropertyValueSpecification","valueRequired":true,"valueName":"search_term_string"}}],"inLanguage":"pt-PT"}]}},"_links":{"self":[{"href":"https:\/\/holiday-active.com\/pt-pt\/wp-json\/wp\/v2\/pages\/6448","targetHints":{"allow":["GET"]}}],"collection":[{"href":"https:\/\/holiday-active.com\/pt-pt\/wp-json\/wp\/v2\/pages"}],"about":[{"href":"https:\/\/holiday-active.com\/pt-pt\/wp-json\/wp\/v2\/types\/page"}],"author":[{"embeddable":true,"href":"https:\/\/holiday-active.com\/pt-pt\/wp-json\/wp\/v2\/users\/1"}],"replies":[{"embeddable":true,"href":"https:\/\/holiday-active.com\/pt-pt\/wp-json\/wp\/v2\/comments?post=6448"}],"version-history":[{"count":0,"href":"https:\/\/holiday-active.com\/pt-pt\/wp-json\/wp\/v2\/pages\/6448\/revisions"}],"wp:attachment":[{"href":"https:\/\/holiday-active.com\/pt-pt\/wp-json\/wp\/v2\/media?parent=6448"}],"curies":[{"name":"wp","href":"https:\/\/api.w.org\/{rel}","templated":true}]}}