{"id":16750,"date":"2021-01-29T19:33:23","date_gmt":"2021-01-29T19:33:23","guid":{"rendered":"https:\/\/holiday-active.com\/?page_id=16750"},"modified":"2021-05-03T19:19:57","modified_gmt":"2021-05-03T19:19:57","slug":"barragem-de-santa-clara","status":"publish","type":"page","link":"https:\/\/holiday-active.com\/pt-pt\/barragem-de-santa-clara\/","title":{"rendered":"Barragem de Santa Clara"},"content":{"rendered":"<div class=\"wpb-content-wrapper\"><p>[vc_row full_width=&#8221;stretch_row&#8221; bg_type=&#8221;image&#8221; parallax_style=&#8221;vcpb-default&#8221; bg_image_new=&#8221;id^6033|url^https:\/\/suncarsgroup.comwp-content\/uploads\/2015\/01\/rent-porsche-spain.jpg|caption^null|alt^null|title^rent-porsche-spain|description^null&#8221; bg_override=&#8221;full&#8221; css=&#8221;.vc_custom_1607898420114{margin-top: 0px !important;padding-top: 150px !important;padding-bottom: 150px !important;background-image: url(https:\/\/holiday-active.com\/wp-content\/uploads\/2020\/11\/Barragem-de-Santa-Clara-DSC03401.jpg?id=16250) !important;background-position: center !important;background-repeat: no-repeat !important;background-size: cover !important;}&#8221;][vc_column css=&#8221;.vc_custom_1478894705020{padding-top: 100px !important;padding-bottom: 100px !important;}&#8221;][\/vc_column][\/vc_row][vc_row css=&#8221;.vc_custom_1493181701212{margin-top: -43px !important;}&#8221;][vc_column][vc_tta_tabs shape=&#8221;square&#8221; spacing=&#8221;3&#8243; gap=&#8221;1&#8243; active_section=&#8221;1&#8243; no_fill_content_area=&#8221;true&#8221; interval=&#8221;0&#8243; tab_style=&#8221;search_tab&#8221; el_class=&#8221;location_tab_nopadding&#8221; css=&#8221;.vc_custom_1507453963549{padding-bottom: 25px !important;background-color: #ffffff !important;}&#8221;][vc_tta_section i_icon_fontawesome=&#8221;fa fa-info&#8221; add_icon=&#8221;true&#8221; tab_icon=&#8221;fa fa-info&#8221; title=&#8221;Sobre&#8221; tab_id=&#8221;01e3fb61-8a32-3db95-c649be27-021d176a-1aa2be78-e8d7&#8243; el_class=&#8221;infor&#8221;][vc_empty_space][vc_row_inner css=&#8221;.vc_custom_1493189037548{margin-top: 25px !important;margin-bottom: 25px !important;}&#8221;][vc_column_inner][vc_empty_space][vc_column_text]<\/p>\n<h1><strong>Barragem de Santa Clara<\/strong><\/h1>\n<p>[\/vc_column_text][vc_empty_space][vc_column_text]Quando o nevoeiro desce sobre a costa ou se gosta de pescar, uma boa op\u00e7\u00e3o \u00e9 ir at\u00e9 \u00e0 Barragem de Santa Clara.<\/p>\n<p>Existem ao longo da barragem percursos pedestres para explorar e uma variedade de actividades n\u00e1uticas para experimentar.[\/vc_column_text][vc_empty_space][vc_column_text]<\/p>\n<h2>Sobre a Barragem de Santa Clara<\/h2>\n<p>[\/vc_column_text][vc_empty_space][vc_column_text]Mandada construir pelo Estado Novo e conclu\u00edda em 1969 cobre uma \u00e1rea com cerca de 2 mil hectares, aproveitando as \u00e1guas rio Mira. Um magn\u00edfico espelho de \u00e1gua que d\u00e1 guarida a achig\u00e3s,carpas e lagostins.<\/p>\n<p>Para al\u00e9m da hidroel\u00e9ctrica, este imenso reservat\u00f3rio de \u00e1gua permite a irriga\u00e7\u00e3o dos terrenos envolventes plantados com sobreiros e azinhagas.<\/p>\n<p>N zona mais ribeirinha encontrar\u00e1 ac\u00e1cias, mimosas, choupos, freixos, salgueiros sendo que nos terrenos mais f\u00e9rteis e mais pr\u00f3ximo da aldeia poder\u00e1 ainda encontrar hortas, laranjeiras, figueiras e oliveiras. Tamb\u00e9m frequente e muito usado na gastronomia local os agri\u00f5es e poejos<\/p>\n<p>Pode conhecer melhor esta albufeira nada melhor que um passeio de barco ou de caiaques.[\/vc_column_text][vc_empty_space][vc_column_text]<\/p>\n<h3>O que visitar na Barragem de Santa Clara<\/h3>\n<p>[\/vc_column_text][vc_empty_space][vc_toggle title=&#8221;Torre de Manobra da Comporta Ensecadeira.&#8221; style=&#8221;square&#8221; color=&#8221;orange&#8221;]<img decoding=\"async\" class=\"alignnone size-full wp-image-16421\" src=\"https:\/\/holiday-active.com\/wp-content\/uploads\/2020\/11\/Torre-20200910_191048.jpg\" alt=\"the Tower at Santa Clara Dam\" width=\"1200\" height=\"500\" srcset=\"https:\/\/holiday-active.com\/wp-content\/uploads\/2020\/11\/Torre-20200910_191048.jpg 1200w, https:\/\/holiday-active.com\/wp-content\/uploads\/2020\/11\/Torre-20200910_191048-768x320.jpg 768w\" sizes=\"(max-width: 1200px) 100vw, 1200px\" \/><\/p>\n<p>Esta torre permite controlar e manobrar uma comporta de lagartas a montante da descarga de fundo. Esta comporta permite que seja feita a manuten\u00e7\u00e3o da descarga de fundo a seco em total seguran\u00e7a.[\/vc_toggle][vc_toggle title=&#8221;Praia Fluvial de Santa a Clara&#8221; style=&#8221;square&#8221; color=&#8221;orange&#8221;]<img decoding=\"async\" class=\"alignnone size-full wp-image-16254\" src=\"https:\/\/holiday-active.com\/wp-content\/uploads\/2020\/11\/Praia-FluvialDSC03389.jpg\" alt=\"River Beach of Santa a Clara\" width=\"1200\" height=\"500\" srcset=\"https:\/\/holiday-active.com\/wp-content\/uploads\/2020\/11\/Praia-FluvialDSC03389.jpg 1200w, https:\/\/holiday-active.com\/wp-content\/uploads\/2020\/11\/Praia-FluvialDSC03389-768x320.jpg 768w\" sizes=\"(max-width: 1200px) 100vw, 1200px\" \/><\/p>\n<p>A Praia fluvial de Santa a Clara tem uma plataforma flutuante e zona de lazer com chap\u00e9us de sol e mesas de merenda[\/vc_toggle][vc_empty_space][vc_column_text]<\/p>\n<h2>A caminho da Barragem de Santa Clara<\/h2>\n<p>[\/vc_column_text][vc_empty_space][vc_toggle title=&#8221;Ponte D. Maria,&#8221; style=&#8221;square&#8221; color=&#8221;orange&#8221;]<img decoding=\"async\" class=\"alignnone size-full wp-image-16252\" src=\"https:\/\/holiday-active.com\/wp-content\/uploads\/2020\/11\/Ponte-D-Maria-20200910_195302.jpg\" alt=\"D. Maria Bridge near Santa Clara Dam\" width=\"1200\" height=\"500\" srcset=\"https:\/\/holiday-active.com\/wp-content\/uploads\/2020\/11\/Ponte-D-Maria-20200910_195302.jpg 1200w, https:\/\/holiday-active.com\/wp-content\/uploads\/2020\/11\/Ponte-D-Maria-20200910_195302-768x320.jpg 768w\" sizes=\"(max-width: 1200px) 100vw, 1200px\" \/><\/p>\n<p>No caminho \u00e0 barragem de Santa Clara n\u00e3o deixe de ver as ru\u00ednas da ponte D. Maria,<\/p>\n<p>Embora localmente seja conhecida como ponte romana por se situar perto de uma via romana que ligava Arandis (Garv\u00e3o) a Oss\u00f3noba (Faro), foi efectivamente constru\u00edda no s\u00e9culo XVII,[\/vc_toggle][vc_empty_space][\/vc_column_inner][\/vc_row_inner][vc_row_inner css=&#8221;.vc_custom_1535621612655{background-color: #efefef !important;}&#8221;][vc_column_inner width=&#8221;2\/3&#8243;][vc_empty_space][vc_raw_html]JTNDZGl2JTNFJTBBJTIwJTIwJTIwJTIwJTIwJTNDaWZyYW1lJTIwd2lkdGglM0QlMjI4MDAlMjIlMjBoZWlnaHQlM0QlMjIzMDAlMjIlMjBmcmFtZWJvcmRlciUzRCUyMjAlMjIlMjBzcmMlM0QlMjJodHRwcyUzQSUyRiUyRnd3dy5iaW5nLmNvbSUyRm1hcHMlMkZlbWJlZCUzRmglM0QzMDAlMjZ3JTNEODAwJTI2Y3AlM0QzNy41MTQ2NzA1Nzc4NDg4NH4tOC40NDU3NjQ2MjM2NDMyNSUyNmx2bCUzRDE1JTI2dHlwJTNEZCUyNnN0eSUzRHIlMjZzcmMlM0RTSEVMTCUyNkZPUk0lM0RNQkVEVjglMjIlMjBzY3JvbGxpbmclM0QlMjJubyUyMiUzRSUwQSUyMCUyMCUyMCUyMCUyMCUzQyUyRmlmcmFtZSUzRSUwQSUyMCUyMCUyMCUyMCUyMCUzQ2RpdiUyMHN0eWxlJTNEJTIyd2hpdGUtc3BhY2UlM0ElMjBub3dyYXAlM0IlMjB0ZXh0LWFsaWduJTNBJTIwY2VudGVyJTNCJTIwd2lkdGglM0ElMjA4MDBweCUzQiUyMHBhZGRpbmclM0ElMjA2cHglMjAwJTNCJTIyJTNFJTBBJTIwJTIwJTIwJTIwJTIwJTIwJTIwJTIwJTNDYSUyMGlkJTNEJTIybGFyZ2VNYXBMaW5rJTIyJTIwdGFyZ2V0JTNEJTIyX2JsYW5rJTIyJTIwaHJlZiUzRCUyMmh0dHBzJTNBJTJGJTJGd3d3LmJpbmcuY29tJTJGbWFwcyUzRmNwJTNEMzcuNTE0NjcwNTc3ODQ4ODR+LTguNDQ1NzY0NjIzNjQzMjUlMjZhbXAlM0JzdHklM0RyJTI2YW1wJTNCbHZsJTNEMTUlMjZhbXAlM0JGT1JNJTNETUJFRExEJTIyJTNFVmlldyUyMExhcmdlciUyME1hcCUzQyUyRmElM0UlMjAlMjZuYnNwJTNCJTIwJTdDJTIwJTI2bmJzcCUzQiUwQSUyMCUyMCUyMCUyMCUyMCUyMCUyMCUyMCUzQ2ElMjBpZCUzRCUyMmRpck1hcExpbmslMjIlMjB0YXJnZXQlM0QlMjJfYmxhbmslMjIlMjBocmVmJTNEJTIyaHR0cHMlM0ElMkYlMkZ3d3cuYmluZy5jb20lMkZtYXBzJTJGZGlyZWN0aW9ucyUzRmNwJTNEMzcuNTE0NjcwNTc3ODQ4ODR+LTguNDQ1NzY0NjIzNjQzMjUlMjZhbXAlM0JzdHklM0RyJTI2YW1wJTNCbHZsJTNEMTUlMjZhbXAlM0JydHAlM0R+cG9zLjM3LjUxNDY3MDU3Nzg0ODg0Xy04LjQ0NTc2NDYyMzY0MzI1X19fXyUyNmFtcCUzQkZPUk0lM0RNQkVETEQlMjIlM0VHZXQlMjBEaXJlY3Rpb25zJTNDJTJGYSUzRSUwQSUyMCUyMCUyMCUyMCUzQyUyRmRpdiUzRSUwQSUzQyUyRmRpdiUzRQ==[\/vc_raw_html][\/vc_column_inner][vc_column_inner width=&#8221;1\/3&#8243;][vc_empty_space][vc_column_text]<\/p>\n<h3 style=\"text-align: center;\">Em Caminho<\/h3>\n<p style=\"text-align: center;\"><a href=\"https:\/\/holiday-active.com\/pt-pt\/sines-terra-de-vasco-da-gama\/\" target=\"_blank\" rel=\"noopener\">Sines<\/a><br \/>\n<a href=\"https:\/\/holiday-active.com\/pt-pt\/porto-covo-uma-aldeia-cheia-de-caracter\/\" target=\"_blank\" rel=\"noopener\">Porto Covo<\/a><br \/>\n<a href=\"https:\/\/holiday-active.com\/pt-pt\/vila-nova-de-milfontes-entre-o-mar-e-o-rio\/\" target=\"_blank\" rel=\"noopener\">Vila Nova de Milfontes<\/a><br \/>\n<a href=\"https:\/\/holiday-active.com\/pt-pt\/almograve-faca-uma-pausa-e-relaxe\/\" target=\"_blank\" rel=\"noopener\">Almograve<\/a><br \/>\n<a href=\"https:\/\/holiday-active.com\/pt-pt\/zambujeira-do-mar-uma-combinacao-perfeita-de-sol-mar-e-boa-comida\/\" target=\"_blank\" rel=\"noopener\">Zambujeira do Mar<\/a><br \/>\n<a href=\"https:\/\/holiday-active.com\/pt-pt\/o-que-visitar-em-odemira\/\" target=\"_blank\" rel=\"noopener\">Odemira<\/a><br \/>\nBarragem de Santa Clara<br \/>\n<a href=\"https:\/\/holiday-active.com\/pt-pt\/onde-o-alentejo-encontra-o-algarve\/\" target=\"_blank\" rel=\"noopener\">Odeceixe<\/a><br \/>\n<a href=\"https:\/\/holiday-active.com\/pt-pt\/o-refugio-de-amalia-rodrigues\/\" target=\"_blank\" rel=\"noopener\">Brej\u00e3o<\/a><br \/>\n<a href=\"https:\/\/holiday-active.com\/pt-pt\/aljezur-preserve-as-suas-praias-paradisicas\/\" target=\"_blank\" rel=\"noopener\">Aljezur<\/a><br \/>\n<a href=\"https:\/\/holiday-active.com\/pt-pt\/sagres-misticismo-surf-mar-natureza\/\" target=\"_blank\" rel=\"noopener\">Sagres<\/a><\/p>\n<p style=\"text-align: center;\"><a href=\"https:\/\/holiday-active.com\/pt-pt\/conduzir-em-portugal\/\" target=\"_blank\" rel=\"noopener\">Aluguer de Carro<\/a><\/p>\n<p>&nbsp;<\/p>\n<p style=\"text-align: center;\"><a href=\"https:\/\/holiday-active.com\/pt-pt\/conduzir-em-portugal\/\" target=\"_blank\" rel=\"noopener\">Alugue Carro<\/a><\/p>\n<p>[\/vc_column_text][\/vc_column_inner][\/vc_row_inner][\/vc_tta_section][vc_tta_section i_icon_fontawesome=&#8221;fa fa-bed&#8221; add_icon=&#8221;true&#8221; tab_icon=&#8221;fa fa-car&#8221; title=&#8221;Alojamento&#8221; tab_id=&#8221;3dca09c8-f4f0-9db95-c649be27-021d176a-1aa2be78-e8d7&#8243; el_class=&#8221;infor&#8221;][vc_empty_space height=&#8221;16px&#8221;][vc_row_inner][vc_column_inner][vc_empty_space][vc_column_text]<\/p>\n<h3>O seu alojamento na Barragem de Sta Clara<\/h3>\n<p>[\/vc_column_text][vc_empty_space][vc_raw_html]JTNDaW5zJTIwY2xhc3MlM0QlMjJib29raW5nYWZmJTIyJTIwZGF0YS1haWQlM0QlMjIyMTQyNDUzJTIyJTIwZGF0YS10YXJnZXRfYWlkJTNEJTIyMjE0MjQ1MyUyMiUyMGRhdGEtcHJvZCUzRCUyMm1hcCUyMiUyMGRhdGEtd2lkdGglM0QlMjIxMDAlMjUlMjIlMjBkYXRhLWhlaWdodCUzRCUyMjU5MCUyMiUyMGRhdGEtbGFuZyUzRCUyMnVhbG5nJTIyJTIwZGF0YS1kZXN0X2lkJTNEJTIyMCUyMiUyMGRhdGEtZGVzdF90eXBlJTNEJTIybGFuZG1hcmslMjIlMjBkYXRhLWxhdGl0dWRlJTNEJTIyMzcuNTEzNjE5NCUyMiUyMGRhdGEtbG9uZ2l0dWRlJTNEJTIyLTguNDQxODY1MyUyMiUyMGRhdGEtbGFuZG1hcmtfbmFtZSUzRCUyMkJhcnJhZ2VtJTIwZGUlMjBTYW50YSUyMENsYXJhJTIyJTIwZGF0YS1td2hzYiUzRCUyMjAlMjIlMjBkYXRhLWFkZHJlc3MlM0QlMjJCYXJyYWdlbSUyMGRlJTIwU2FudGElMjBDbGFyYSUyQyUyMFBvcnR1Z2FsJTIyJTNFJTBBJTIwJTIwJTIwJTIwJTNDJTIxLS0lMjBBbnl0aGluZyUyMGluc2lkZSUyMHdpbGwlMjBnbyUyMGF3YXklMjBvbmNlJTIwd2lkZ2V0JTIwaXMlMjBsb2FkZWQuJTIwLS0lM0UlMEElMjAlMjAlMjAlMjAlMjAlMjAlMjAlMjAlM0NhJTIwaHJlZiUzRCUyMiUyRiUyRnd3dy5ib29raW5nLmNvbSUzRmFpZCUzRDIxNDI0NTMlMjIlMjByZWwlM0QlRTIlODAlOURub2ZvbGxvdyVFMiU4MCU5RCUzRUJvb2tpbmcuY29tJTNDJTJGYSUzRSUwQSUzQyUyRmlucyUzRSUwQSUzQ3NjcmlwdCUyMHR5cGUlM0QlMjJ0ZXh0JTJGamF2YXNjcmlwdCUyMiUzRSUwQSUyMCUyMCUyMCUyMCUyOGZ1bmN0aW9uJTI4ZCUyQyUyMHNjJTJDJTIwdSUyOSUyMCU3QiUwQSUyMCUyMCUyMCUyMCUyMCUyMHZhciUyMHMlMjAlM0QlMjBkLmNyZWF0ZUVsZW1lbnQlMjhzYyUyOSUyQyUyMHAlMjAlM0QlMjBkLmdldEVsZW1lbnRzQnlUYWdOYW1lJTI4c2MlMjklNUIwJTVEJTNCJTBBJTIwJTIwJTIwJTIwJTIwJTIwcy50eXBlJTIwJTNEJTIwJTI3dGV4dCUyRmphdmFzY3JpcHQlMjclM0IlMEElMjAlMjAlMjAlMjAlMjAlMjBzLmFzeW5jJTIwJTNEJTIwdHJ1ZSUzQiUwQSUyMCUyMCUyMCUyMCUyMCUyMHMuc3JjJTIwJTNEJTIwdSUyMCUyQiUyMCUyNyUzRnYlM0QlMjclMjAlMkIlMjAlMjglMkJuZXclMjBEYXRlJTI4JTI5JTI5JTNCJTBBJTIwJTIwJTIwJTIwJTIwJTIwcC5wYXJlbnROb2RlLmluc2VydEJlZm9yZSUyOHMlMkNwJTI5JTNCJTBBJTIwJTIwJTIwJTIwJTIwJTIwJTdEJTI5JTI4ZG9jdW1lbnQlMkMlMjAlMjdzY3JpcHQlMjclMkMlMjAlMjclMkYlMkZhZmYuYnN0YXRpYy5jb20lMkZzdGF0aWMlMkZhZmZpbGlhdGVfYmFzZSUyRmpzJTJGZmxleGlwcm9kdWN0LmpzJTI3JTI5JTNCJTBBJTNDJTJGc2NyaXB0JTNF[\/vc_raw_html][vc_empty_space height=&#8221;25px&#8221;][\/vc_column_inner][\/vc_row_inner][vc_separator][\/vc_tta_section][vc_tta_section i_icon_fontawesome=&#8221;fa fa-camera&#8221; add_icon=&#8221;true&#8221; title=&#8221;Imagens&#8221; tab_id=&#8221;1505508725897-8ab8a832-e28bdb95-c649be27-021d176a-1aa2be78-e8d7&#8243;][vc_empty_space][vc_column_text]<\/p>\n<h2><strong>Um olhar sobre a Barragem de Santa Clara<\/strong><\/h2>\n<p>[\/vc_column_text][vc_empty_space]<div class=\"popup-gallery\">\r\n                    <div class=\"row row-col-gap\">\r\n                      <div class=\"st_fix_gallery col-md-3 st_1776977914\"><a class=\"hover-img popup-gallery-image\" href=\"https:\/\/holiday-active.com\/wp-content\/uploads\/2021\/01\/Barragem-Sta-Clara_Portugal-2.jpg\" data-effect=\"mfp-zoom-out\"><img decoding=\"async\" width=\"360\" height=\"270\" src=\"https:\/\/holiday-active.com\/wp-content\/uploads\/2021\/01\/Barragem-Sta-Clara_Portugal-2-360x270.jpg\" class=\"attachment-360x270 size-360x270\" alt=\"Santa Clara Dam near Odemira in the Alentejo\" \/><i class=\"fa fa-plus round box-icon-small hover-icon i round\"><\/i><\/a><\/div><div class=\"st_fix_gallery col-md-3 st_1776977914\"><a class=\"hover-img popup-gallery-image\" href=\"https:\/\/holiday-active.com\/wp-content\/uploads\/2021\/01\/Barragem-Sta-Clara_Portugal-3.jpg\" data-effect=\"mfp-zoom-out\"><img decoding=\"async\" width=\"360\" height=\"270\" src=\"https:\/\/holiday-active.com\/wp-content\/uploads\/2021\/01\/Barragem-Sta-Clara_Portugal-3-360x270.jpg\" class=\"attachment-360x270 size-360x270\" alt=\"Santa Clara Dam near Odemira in the Alentejo\" \/><i class=\"fa fa-plus round box-icon-small hover-icon i round\"><\/i><\/a><\/div><div class=\"st_fix_gallery col-md-3 st_1776977914\"><a class=\"hover-img popup-gallery-image\" href=\"https:\/\/holiday-active.com\/wp-content\/uploads\/2021\/01\/Barragem-Sta-Clara_Portugal.jpg\" data-effect=\"mfp-zoom-out\"><img decoding=\"async\" width=\"360\" height=\"270\" src=\"https:\/\/holiday-active.com\/wp-content\/uploads\/2021\/01\/Barragem-Sta-Clara_Portugal-360x270.jpg\" class=\"attachment-360x270 size-360x270\" alt=\"Santa Clara Dam near Odemira in the Alentejo\" \/><i class=\"fa fa-plus round box-icon-small hover-icon i round\"><\/i><\/a><\/div><div class=\"st_fix_gallery col-md-3 st_1776977914\"><a class=\"hover-img popup-gallery-image\" href=\"https:\/\/holiday-active.com\/wp-content\/uploads\/2021\/01\/Barragem-Sta-Clara_Portugal-1.jpg\" data-effect=\"mfp-zoom-out\"><img decoding=\"async\" width=\"360\" height=\"270\" src=\"https:\/\/holiday-active.com\/wp-content\/uploads\/2021\/01\/Barragem-Sta-Clara_Portugal-1-360x270.jpg\" class=\"attachment-360x270 size-360x270\" alt=\"Santa Clara Dam near Odemira in the Alentejo\" \/><i class=\"fa fa-plus round box-icon-small hover-icon i round\"><\/i><\/a><\/div>\r\n                    <\/div>\r\n                <\/div>[\/vc_tta_section][\/vc_tta_tabs][vc_separator][\/vc_column][\/vc_row][vc_row][vc_column][\/vc_column][\/vc_row]<\/p>\n<\/div>","protected":false},"excerpt":{"rendered":"<p>[vc_row full_width=&#8221;stretch_row&#8221; bg_type=&#8221;image&#8221; parallax_style=&#8221;vcpb-default&#8221; bg_image_new=&#8221;id^6033|url^https:\/\/suncarsgroup.comwp-content\/uploads\/2015\/01\/rent-porsche-spain.jpg|caption^null|alt^null|title^rent-porsche-spain|description^null&#8221; bg_override=&#8221;full&#8221; css=&#8221;.vc_custom_1607898420114{margin-top: 0px !important;padding-top: 150px !important;padding-bottom: 150px !important;background-image: url(https:\/\/holiday-active.com\/wp-content\/uploads\/2020\/11\/Barragem-de-Santa-Clara-DSC03401.jpg?id=16250) !important;background-position: center !important;background-repeat: no-repeat !important;background-size: cover !important;}&#8221;][vc_column css=&#8221;.vc_custom_1478894705020{padding-top: 100px !important;padding-bottom: 100px !important;}&#8221;][\/vc_column][\/vc_row][vc_row css=&#8221;.vc_custom_1493181701212{margin-top: -43px !important;}&#8221;][vc_column][vc_tta_tabs shape=&#8221;square&#8221; spacing=&#8221;3&#8243; gap=&#8221;1&#8243; active_section=&#8221;1&#8243; no_fill_content_area=&#8221;true&#8221; interval=&#8221;0&#8243; tab_style=&#8221;search_tab&#8221; el_class=&#8221;location_tab_nopadding&#8221; css=&#8221;.vc_custom_1507453963549{padding-bottom: 25px !important;background-color: #ffffff !important;}&#8221;][vc_tta_section i_icon_fontawesome=&#8221;fa fa-info&#8221; add_icon=&#8221;true&#8221; tab_icon=&#8221;fa fa-info&#8221; title=&#8221;Sobre&#8221; tab_id=&#8221;01e3fb61-8a32-3db95-c649be27-021d176a-1aa2be78-e8d7&#8243; el_class=&#8221;infor&#8221;][vc_empty_space][vc_row_inner css=&#8221;.vc_custom_1493189037548{margin-top: 25px !important;margin-bottom: 25px !important;}&#8221;][vc_column_inner][vc_empty_space][vc_column_text] [&hellip;]<\/p>\n","protected":false},"author":1,"featured_media":0,"parent":0,"menu_order":0,"comment_status":"closed","ping_status":"closed","template":"","meta":{"_monsterinsights_skip_tracking":false,"_monsterinsights_sitenote_active":false,"_monsterinsights_sitenote_note":"","_monsterinsights_sitenote_category":0,"footnotes":""},"class_list":["post-16750","page","type-page","status-publish","has-post-thumbnail","hentry"],"yoast_head":"<!-- This site is optimized with the Yoast SEO plugin v27.2 - https:\/\/yoast.com\/product\/yoast-seo-wordpress\/ -->\n<title>Barragem de Santa Clara | holiday-active.com<\/title>\n<meta name=\"description\" content=\"Um magn\u00edfico espelho de \u00e1gua que cobre uma \u00e1rea com cerca de 2 mil hectares, aproveitando as \u00e1guas rio Mira. D\u00e1 guarida a achig\u00e3s,carpas e lagostins.\" \/>\n<meta name=\"robots\" content=\"index, follow, max-snippet:-1, max-image-preview:large, max-video-preview:-1\" \/>\n<link rel=\"canonical\" href=\"https:\/\/holiday-active.com\/pt-pt\/barragem-de-santa-clara\/\" \/>\n<meta property=\"og:locale\" content=\"pt_PT\" \/>\n<meta property=\"og:type\" content=\"article\" \/>\n<meta property=\"og:title\" content=\"Barragem de Santa Clara | holiday-active.com\" \/>\n<meta property=\"og:description\" content=\"Um magn\u00edfico espelho de \u00e1gua que cobre uma \u00e1rea com cerca de 2 mil hectares, aproveitando as \u00e1guas rio Mira. D\u00e1 guarida a achig\u00e3s,carpas e lagostins.\" \/>\n<meta property=\"og:url\" content=\"https:\/\/holiday-active.com\/pt-pt\/barragem-de-santa-clara\/\" \/>\n<meta property=\"og:site_name\" content=\"holiday-active.com\" \/>\n<meta property=\"article:publisher\" content=\"https:\/\/www.facebook.com\/holidayactive\" \/>\n<meta property=\"article:modified_time\" content=\"2021-05-03T19:19:57+00:00\" \/>\n<meta property=\"og:image\" content=\"https:\/\/holiday-active.com\/wp-content\/uploads\/2020\/11\/Torre-20200910_191048.jpg\" \/>\n<meta name=\"twitter:card\" content=\"summary_large_image\" \/>\n<meta name=\"twitter:label1\" content=\"Tempo estimado de leitura\" \/>\n\t<meta name=\"twitter:data1\" content=\"5 minutos\" \/>\n<script type=\"application\/ld+json\" class=\"yoast-schema-graph\">{\"@context\":\"https:\/\/schema.org\",\"@graph\":[{\"@type\":\"WebPage\",\"@id\":\"https:\/\/holiday-active.com\/pt-pt\/barragem-de-santa-clara\/\",\"url\":\"https:\/\/holiday-active.com\/pt-pt\/barragem-de-santa-clara\/\",\"name\":\"Barragem de Santa Clara | holiday-active.com\",\"isPartOf\":{\"@id\":\"https:\/\/holiday-active.com\/#website\"},\"primaryImageOfPage\":{\"@id\":\"https:\/\/holiday-active.com\/pt-pt\/barragem-de-santa-clara\/#primaryimage\"},\"image\":{\"@id\":\"https:\/\/holiday-active.com\/pt-pt\/barragem-de-santa-clara\/#primaryimage\"},\"thumbnailUrl\":\"https:\/\/holiday-active.com\/wp-content\/uploads\/2020\/11\/Torre-20200910_191048.jpg\",\"datePublished\":\"2021-01-29T19:33:23+00:00\",\"dateModified\":\"2021-05-03T19:19:57+00:00\",\"description\":\"Um magn\u00edfico espelho de \u00e1gua que cobre uma \u00e1rea com cerca de 2 mil hectares, aproveitando as \u00e1guas rio Mira. D\u00e1 guarida a achig\u00e3s,carpas e lagostins.\",\"breadcrumb\":{\"@id\":\"https:\/\/holiday-active.com\/pt-pt\/barragem-de-santa-clara\/#breadcrumb\"},\"inLanguage\":\"pt-PT\",\"potentialAction\":[{\"@type\":\"ReadAction\",\"target\":[\"https:\/\/holiday-active.com\/pt-pt\/barragem-de-santa-clara\/\"]}]},{\"@type\":\"ImageObject\",\"inLanguage\":\"pt-PT\",\"@id\":\"https:\/\/holiday-active.com\/pt-pt\/barragem-de-santa-clara\/#primaryimage\",\"url\":\"https:\/\/holiday-active.com\/wp-content\/uploads\/2020\/11\/Torre-20200910_191048.jpg\",\"contentUrl\":\"https:\/\/holiday-active.com\/wp-content\/uploads\/2020\/11\/Torre-20200910_191048.jpg\"},{\"@type\":\"BreadcrumbList\",\"@id\":\"https:\/\/holiday-active.com\/pt-pt\/barragem-de-santa-clara\/#breadcrumb\",\"itemListElement\":[{\"@type\":\"ListItem\",\"position\":1,\"name\":\"Home\",\"item\":\"https:\/\/holiday-active.com\/pt-pt\/\"},{\"@type\":\"ListItem\",\"position\":2,\"name\":\"Barragem de Santa Clara\"}]},{\"@type\":\"WebSite\",\"@id\":\"https:\/\/holiday-active.com\/#website\",\"url\":\"https:\/\/holiday-active.com\/\",\"name\":\"holiday-active.com\",\"description\":\"Traveling in Portugal\",\"potentialAction\":[{\"@type\":\"SearchAction\",\"target\":{\"@type\":\"EntryPoint\",\"urlTemplate\":\"https:\/\/holiday-active.com\/?s={search_term_string}\"},\"query-input\":{\"@type\":\"PropertyValueSpecification\",\"valueRequired\":true,\"valueName\":\"search_term_string\"}}],\"inLanguage\":\"pt-PT\"}]}<\/script>\n<!-- \/ Yoast SEO plugin. -->","yoast_head_json":{"title":"Barragem de Santa Clara | holiday-active.com","description":"Um magn\u00edfico espelho de \u00e1gua que cobre uma \u00e1rea com cerca de 2 mil hectares, aproveitando as \u00e1guas rio Mira. D\u00e1 guarida a achig\u00e3s,carpas e lagostins.","robots":{"index":"index","follow":"follow","max-snippet":"max-snippet:-1","max-image-preview":"max-image-preview:large","max-video-preview":"max-video-preview:-1"},"canonical":"https:\/\/holiday-active.com\/pt-pt\/barragem-de-santa-clara\/","og_locale":"pt_PT","og_type":"article","og_title":"Barragem de Santa Clara | holiday-active.com","og_description":"Um magn\u00edfico espelho de \u00e1gua que cobre uma \u00e1rea com cerca de 2 mil hectares, aproveitando as \u00e1guas rio Mira. D\u00e1 guarida a achig\u00e3s,carpas e lagostins.","og_url":"https:\/\/holiday-active.com\/pt-pt\/barragem-de-santa-clara\/","og_site_name":"holiday-active.com","article_publisher":"https:\/\/www.facebook.com\/holidayactive","article_modified_time":"2021-05-03T19:19:57+00:00","og_image":[{"url":"https:\/\/holiday-active.com\/wp-content\/uploads\/2020\/11\/Torre-20200910_191048.jpg","type":"","width":"","height":""}],"twitter_card":"summary_large_image","twitter_misc":{"Tempo estimado de leitura":"5 minutos"},"schema":{"@context":"https:\/\/schema.org","@graph":[{"@type":"WebPage","@id":"https:\/\/holiday-active.com\/pt-pt\/barragem-de-santa-clara\/","url":"https:\/\/holiday-active.com\/pt-pt\/barragem-de-santa-clara\/","name":"Barragem de Santa Clara | holiday-active.com","isPartOf":{"@id":"https:\/\/holiday-active.com\/#website"},"primaryImageOfPage":{"@id":"https:\/\/holiday-active.com\/pt-pt\/barragem-de-santa-clara\/#primaryimage"},"image":{"@id":"https:\/\/holiday-active.com\/pt-pt\/barragem-de-santa-clara\/#primaryimage"},"thumbnailUrl":"https:\/\/holiday-active.com\/wp-content\/uploads\/2020\/11\/Torre-20200910_191048.jpg","datePublished":"2021-01-29T19:33:23+00:00","dateModified":"2021-05-03T19:19:57+00:00","description":"Um magn\u00edfico espelho de \u00e1gua que cobre uma \u00e1rea com cerca de 2 mil hectares, aproveitando as \u00e1guas rio Mira. D\u00e1 guarida a achig\u00e3s,carpas e lagostins.","breadcrumb":{"@id":"https:\/\/holiday-active.com\/pt-pt\/barragem-de-santa-clara\/#breadcrumb"},"inLanguage":"pt-PT","potentialAction":[{"@type":"ReadAction","target":["https:\/\/holiday-active.com\/pt-pt\/barragem-de-santa-clara\/"]}]},{"@type":"ImageObject","inLanguage":"pt-PT","@id":"https:\/\/holiday-active.com\/pt-pt\/barragem-de-santa-clara\/#primaryimage","url":"https:\/\/holiday-active.com\/wp-content\/uploads\/2020\/11\/Torre-20200910_191048.jpg","contentUrl":"https:\/\/holiday-active.com\/wp-content\/uploads\/2020\/11\/Torre-20200910_191048.jpg"},{"@type":"BreadcrumbList","@id":"https:\/\/holiday-active.com\/pt-pt\/barragem-de-santa-clara\/#breadcrumb","itemListElement":[{"@type":"ListItem","position":1,"name":"Home","item":"https:\/\/holiday-active.com\/pt-pt\/"},{"@type":"ListItem","position":2,"name":"Barragem de Santa Clara"}]},{"@type":"WebSite","@id":"https:\/\/holiday-active.com\/#website","url":"https:\/\/holiday-active.com\/","name":"holiday-active.com","description":"Traveling in Portugal","potentialAction":[{"@type":"SearchAction","target":{"@type":"EntryPoint","urlTemplate":"https:\/\/holiday-active.com\/?s={search_term_string}"},"query-input":{"@type":"PropertyValueSpecification","valueRequired":true,"valueName":"search_term_string"}}],"inLanguage":"pt-PT"}]}},"_links":{"self":[{"href":"https:\/\/holiday-active.com\/pt-pt\/wp-json\/wp\/v2\/pages\/16750","targetHints":{"allow":["GET"]}}],"collection":[{"href":"https:\/\/holiday-active.com\/pt-pt\/wp-json\/wp\/v2\/pages"}],"about":[{"href":"https:\/\/holiday-active.com\/pt-pt\/wp-json\/wp\/v2\/types\/page"}],"author":[{"embeddable":true,"href":"https:\/\/holiday-active.com\/pt-pt\/wp-json\/wp\/v2\/users\/1"}],"replies":[{"embeddable":true,"href":"https:\/\/holiday-active.com\/pt-pt\/wp-json\/wp\/v2\/comments?post=16750"}],"version-history":[{"count":3,"href":"https:\/\/holiday-active.com\/pt-pt\/wp-json\/wp\/v2\/pages\/16750\/revisions"}],"predecessor-version":[{"id":17146,"href":"https:\/\/holiday-active.com\/pt-pt\/wp-json\/wp\/v2\/pages\/16750\/revisions\/17146"}],"wp:attachment":[{"href":"https:\/\/holiday-active.com\/pt-pt\/wp-json\/wp\/v2\/media?parent=16750"}],"curies":[{"name":"wp","href":"https:\/\/api.w.org\/{rel}","templated":true}]}}