{"id":14472,"date":"2019-06-07T08:39:23","date_gmt":"2019-06-07T08:39:23","guid":{"rendered":"https:\/\/holiday-active.com\/getting-around-porto\/"},"modified":"2019-11-18T18:38:35","modified_gmt":"2019-11-18T18:38:35","slug":"transportes-no-porto","status":"publish","type":"page","link":"https:\/\/holiday-active.com\/pt-pt\/transportes-no-porto\/","title":{"rendered":"Transportes no Porto"},"content":{"rendered":"<div class=\"wpb-content-wrapper\"><p>[vc_row full_width=&#8221;stretch_row&#8221; bg_type=&#8221;image&#8221; parallax_style=&#8221;vcpb-default&#8221; bg_image_new=&#8221;id^6033|url^https:\/\/suncarsgroup.comwp-content\/uploads\/2015\/01\/rent-porsche-spain.jpg|caption^null|alt^null|title^rent-porsche-spain|description^null&#8221; bg_override=&#8221;full&#8221; css=&#8221;.vc_custom_1558282495634{margin-top: 0px !important;padding-top: 150px !important;padding-bottom: 150px !important;background-image: url(https:\/\/holiday-active.com\/wp-content\/uploads\/2019\/05\/Getting-around-Porto_218578006.jpeg?id=14316) !important;background-position: center !important;background-repeat: no-repeat !important;background-size: cover !important;}&#8221;][vc_column css=&#8221;.vc_custom_1478894705020{padding-top: 100px !important;padding-bottom: 100px !important;}&#8221;][\/vc_column][\/vc_row][vc_row][vc_column][vc_empty_space][vc_column_text]<\/p>\n<h2>Transportes no Porto<\/h2>\n<p>[\/vc_column_text][vc_empty_space][vc_column_text]Para visitar o Porto n\u00e3o precisa de carro. O melhor \u00e9 mesmo nem conduzir na cidade. O estacionamento \u00e9 dif\u00edcil a n\u00e3o ser que recorra a parques pagos. As dist\u00e2ncias s\u00e3o curtas e perfeitamente acess\u00edveis a serem feitas a p\u00e9.<\/p>\n<p>Caminhar por entre as ruas e ruelas permite usufruir e descobrir melhor a cidade. Deixar-se encantar pelo Porto \u00e9 deixar-se ir pelas suas ruas sinuosas de cal\u00e7ada e sentir a viv\u00eancia dos bairros com os seus pormenores do dia a dia.<\/p>\n<p>Venha preparado com sapatos confort\u00e1veis e m\u00e1quina fotogr\u00e1fica<\/p>\n<p>Caso queira percorrer distancias mais longas deixamos aqui as nossas dicas para utilizar os Transportes no Porto<\/p>\n<p>[\/vc_column_text][vc_empty_space][\/vc_column][\/vc_row][vc_row][vc_column][vc_empty_space][vc_column_text]<\/p>\n<h2>Metropolitano do Porto<\/h2>\n<p>[\/vc_column_text][vc_empty_space][vc_column_text]<img decoding=\"async\" class=\"size-full wp-image-14428 aligncenter\" src=\"https:\/\/holiday-active.com\/wp-content\/uploads\/2019\/05\/metro-porto-lines.png\" alt=\"\" width=\"778\" height=\"407\" srcset=\"https:\/\/holiday-active.com\/wp-content\/uploads\/2019\/05\/metro-porto-lines.png 778w, https:\/\/holiday-active.com\/wp-content\/uploads\/2019\/05\/metro-porto-lines-768x401.png 768w\" sizes=\"(max-width: 778px) 100vw, 778px\" \/><\/p>\n<p>&nbsp;<\/p>\n<p>O metro do Porto chega ao aeroporto. A linha E (lil\u00e1s) liga o aeroporto ao Porto em apenas 30 minutos<\/p>\n<p>As linhas do metro privilegiam os bairros distantes e em redor da cidade. S\u00f3 ter\u00e1 necessidade de o utilizar se ficar num dos bairros da periferia, caso contr\u00e1rio todo o centro do Porto poder\u00e1 ser percorrido a p\u00e9.<\/p>\n<p>Existem 3 tipos de bilhete: Andante Azul, Andante 24 e Andante Tour.<\/p>\n<p>O Andante Azul \u00e9 o bilhete mais b\u00e1sico e varia conforme o trajeto que pretende fazer.<\/p>\n<p>O Andante 24 \u00e9 semelhante ao Andante Azul, a diferen\u00e7a \u00e9 que a viagem entre as zonas escolhidas podem ser realizadas durante 24 horas consecutivas. O Andante Tour \u00e9 o bilhete mais completo do Metro do Porto que cobre toda a rede por 24 ou 72 horas.<\/p>\n<p><strong>Recomenda\u00e7\u00f5es<\/strong><\/p>\n<ul>\n<li>N\u00e3o se esque\u00e7a de validar o seu bilhete nas m\u00e1quinas, caso contr\u00e1rio a multa pode ser pesada<\/li>\n<li>O bilhete \u00e9 pessoal, se for um grupo de 3 pessoas, ter\u00e1 que adquirir 3 cart\u00f5es distintos.<\/li>\n<li>Cada cart\u00e3o tem o custo inicial de 0,60\u20ac, que pode ser reutilizado na pr\u00f3xima vez que precisar de recarregar o cart\u00e3o, por isso n\u00e3o o deite fora<\/li>\n<li>Tenha aten\u00e7\u00e3o que se recarregar o cart\u00e3o com viagens de uma zona, esse cart\u00e3o s\u00f3 pode ser utilizado nos circuitos abrangidos nessa zona.<\/li>\n<\/ul>\n<p>Descarregue <a href=\"https:\/\/holiday-active.com\/wp-content\/uploads\/2019\/05\/MapaRede_Metro-Porto.pdf\" target=\"_blank\" rel=\"noopener noreferrer\">aqui<\/a> o mapa do\u00a0Metropolitano do Porto[\/vc_column_text][vc_empty_space][\/vc_column][\/vc_row][vc_row][vc_column][vc_empty_space][vc_column_text]<\/p>\n<h2>El\u00e9ctrico<\/h2>\n<p>[\/vc_column_text][vc_empty_space][vc_column_text]<img decoding=\"async\" class=\"alignnone size-full wp-image-14312\" src=\"https:\/\/holiday-active.com\/wp-content\/uploads\/2019\/05\/Electrico-Porto-1200-.jpg\" alt=\"Tram in Porto\" width=\"1200\" height=\"500\" srcset=\"https:\/\/holiday-active.com\/wp-content\/uploads\/2019\/05\/Electrico-Porto-1200-.jpg 1200w, https:\/\/holiday-active.com\/wp-content\/uploads\/2019\/05\/Electrico-Porto-1200--768x320.jpg 768w\" sizes=\"(max-width: 1200px) 100vw, 1200px\" \/><\/p>\n<p>O El\u00e9ctrico, apesar do\u00a0 ser um dos mais antigos transportes no Porto,\u00a0 data de 1895, \u00e9 actualmente um meio de transporte mais tur\u00edstico que utilit\u00e1rio<\/p>\n<p>H\u00e1 tr\u00eas percursos poss\u00edveis cada qual com o seu encanto. Linha da Baixa, Linha da Restaura\u00e7\u00e3o e Linha da Marginal.<\/p>\n<p><strong>Linha da Marginal | Linha 1<\/strong><br \/>\nParte da Igreja de S Francisco, passa pela Ribeira e segue ao longo do Douro at\u00e9 ao Passeio Alegre, na Foz. \u00c9 o trajecto mais concorrido<\/p>\n<p><strong>Linha da Restaura\u00e7\u00e3o | Linha 18 Percurso Circular<\/strong><br \/>\nFaz o percurso entre Massarelos e o Carmo. Parte do Museu do Carro El\u00e9ctrico, na Ribeira, sobe at\u00e9 \u00e0 Torre dos Cl\u00e9rigos, descendo novamente em direc\u00e7\u00e3o ao Douro e p\u00e1ra em frente ao Museu do Carro El\u00e9ctrico<\/p>\n<p><strong>Linha da Baixa | Linha 22 Percurso Circular<\/strong><br \/>\nPercorre as art\u00e9rias mais emblem\u00e1ticas do centro da cidade do Porto, num percurso circular entre o Carmo e a Batalha\/Guindais. Ponto de interesse neste percurso: Torre dos Cl\u00e9rigos, Avenida dos Aliados, Esta\u00e7\u00e3o de S. Bento e Batalha, um dos bairros mais t\u00edpicos da Cidade.<\/p>\n<p>Na Batalha pode sair e apanhar o Funicular do Guindais que em 2 minutos leva-o at\u00e9 \u00e0 Ribeira. Desfruta de uma vista soberba sobre o Douro e a Ponte D Luiz I. O bilhete do funicular pode ser adquirido no local<\/p>\n<p>Todos os Bilhetes para o electrico podem ser adquiridos a bordo dos mesmos e custam 3,50\u20ac<\/p>\n<p>Os percursos t\u00eam a dura\u00e7\u00e3o aproximada de 20 a 30 minutos, saindo com a mesma frequ\u00eancia. Os electricos do Porto funcionam entre as 9 e as 19h[\/vc_column_text][vc_empty_space][\/vc_column][\/vc_row][vc_row][vc_column][vc_empty_space][vc_column_text]<\/p>\n<h2>Autocarros<\/h2>\n<p>[\/vc_column_text][vc_empty_space][vc_column_text]Os autocarro\u00a0 601 e 602 da STCP ligam o aeroporto ao centro da cidade (Cordoaria).<\/p>\n<p>Para consultar percursos clique <a href=\"https:\/\/www.stcp.pt\/pt\/turismo\/conheca-o-porto\/percursos-sugeridos\/\" target=\"_blank\" rel=\"noopener noreferrer\">aqui<\/a><\/p>\n<p>Aqui, tal como noutros transportes no Porto, o cart\u00e3o Andante tamb\u00e9m \u00e9 v\u00e1lido. Caso n\u00e3o tenha este t\u00edtulo poder\u00e1 comprar o seu bilhete no autocarro, embora seja ligeiramente mais caro[\/vc_column_text][vc_empty_space][\/vc_column][\/vc_row][vc_row][vc_column][vc_empty_space][vc_column_text]<\/p>\n<h2>Comboio<\/h2>\n<p>[\/vc_column_text][vc_empty_space][vc_column_text]As principais esta\u00e7\u00f5es de comboio do Porto s\u00e3o a de Campanh\u00e3 e S. Bento. A de S. Bento \u00e9 a mais central e uma verdadeira obra de arte. Decorada com vinte mil azulejos que ilustram a evolu\u00e7\u00e3o dos meios de transporte ao longo tempo.<\/p>\n<p>Aqui pode facilmente apanhar um comboio urbano para visitar as cidades em redor do Porto como <a href=\"\/?page_id=13345\" target=\"_blank\" rel=\"noopener noreferrer\">Braga<\/a>, Viana do Castelo, <a href=\"\/?page_id=12137\" target=\"_blank\" rel=\"noopener noreferrer\">Aveiro<\/a> e <a href=\"\/?page_id=13108\" target=\"_blank\" rel=\"noopener noreferrer\">Guimar\u00e3es<\/a><\/p>\n<p>No percurso Lisboa &#8211; Porto dever\u00e1 ter em conta que n\u00e3o h\u00e1 comboios directos para S Bento. Dever\u00e1 trocar de comboio na Campanh\u00e3<\/p>\n<p>Descarregue <a href=\"https:\/\/holiday-active.com\/wp-content\/uploads\/2019\/05\/mapa-comboios-urbanos-porto.pdf\" target=\"_blank\" rel=\"noopener noreferrer\">aqui<\/a> o mapa dos comboios urbanos do Porto<\/p>\n<p>Compre <a href=\"https:\/\/www.cp.pt\/passageiros\/pt\/consultar-horarios\" target=\"_blank\" rel=\"noopener noreferrer\">aqui <\/a>o seu bilhete online[\/vc_column_text][vc_empty_space][\/vc_column][\/vc_row][vc_row][vc_column][vc_empty_space][vc_column_text]<\/p>\n<h2>Taxi e Uber<\/h2>\n<p>[\/vc_column_text][vc_empty_space][vc_column_text]Todos os t\u00e1xis de Porto s\u00e3o facilmente identificados pela sua cor bege ou pretos com o tejadilho verde.<\/p>\n<p>O pre\u00e7o m\u00e9dio de um percurso pela cidade ronda os 6 euros, e o percurso do aeroporto at\u00e9 o centro do Porto os 25 euros.<\/p>\n<p>Aos s\u00e1bados, domingos e feriados e todos os dias entre as 21:00 e as 6.00 horas, as tarifas sofrem um aumento de 20%.<\/p>\n<p>O taxi normal leva at\u00e9 4 passageiros, no entanto, existem viaturas preparadas para levar 7 pessoas. Devido \u00e0 escassez estas devem ser reservadas previamente e t\u00eam um aumento de 20% sobre o pre\u00e7o de tabela.<\/p>\n<p>A rede Uber tamb\u00e9m opera no Porto e por vezes pode ser uma op\u00e7\u00e3o mais barata[\/vc_column_text][vc_empty_space][\/vc_column][\/vc_row][vc_row][vc_column][vc_empty_space][vc_column_text]<\/p>\n<h2>Hop on Hop off Tour<\/h2>\n<p>[\/vc_column_text][vc_empty_space][vc_raw_html]JTNDZGl2JTIwZGF0YS1neWctaHJlZiUzRCUyMmh0dHBzJTNBJTJGJTJGd2lkZ2V0LmdldHlvdXJndWlkZS5jb20lMkZkZWZhdWx0JTJGYWN0aXZpdGVzLmZyYW1lJTIyJTIwZGF0YS1neWctbG9jYWxlLWNvZGUlM0QlMjJwdC1QVCUyMiUyMGRhdGEtZ3lnLXdpZGdldCUzRCUyMmFjdGl2aXRpZXMlMjIlMjBkYXRhLWd5Zy1udW1iZXItb2YtaXRlbXMlM0QlMjI0JTIyJTIwZGF0YS1neWctY3VycmVuY3klM0QlMjJFVVIlMjIlMjBkYXRhLWd5Zy1wYXJ0bmVyLWlkJTNEJTIyNTZQUTRVWSUyMiUyMGRhdGEtZ3lnLXRvdXItaWRzJTNEJTIyMTQ4NzIlMkMxNDg2MCUyQzM0NTMlMkM1OTk5NCUyQzE3MDE5MCUyMiUyMHJlbCUzRCVFMiU4MCU5RG5vZm9sbG93JUUyJTgwJTlEJTNFJTNDJTJGZGl2JTNFJTBB[\/vc_raw_html][vc_empty_space][vc_column_text]Uma \u00f3tima op\u00e7\u00e3o para aqueles com pouco tempo ou que viajam com crian\u00e7as. Uma vis\u00e3o panor\u00e2mica da cidade que pode ser combinada com uma viagem de barco Rabelo e visita \u00e0s adegas, conseguindo mais por menos dinheiro[\/vc_column_text][vc_empty_space][\/vc_column][\/vc_row][vc_row][vc_column][vc_empty_space][vc_column_text]<\/p>\n<h2>Barcos Rabelos<\/h2>\n<p>[\/vc_column_text][vc_empty_space][vc_raw_html]JTNDZGl2JTIwZGF0YS1neWctaHJlZiUzRCUyMmh0dHBzJTNBJTJGJTJGd2lkZ2V0LmdldHlvdXJndWlkZS5jb20lMkZkZWZhdWx0JTJGYWN0aXZpdGVzLmZyYW1lJTIyJTIwZGF0YS1neWctbG9jYWxlLWNvZGUlM0QlMjJwdC1QVCUyMiUyMGRhdGEtZ3lnLXdpZGdldCUzRCUyMmFjdGl2aXRpZXMlMjIlMjBkYXRhLWd5Zy1udW1iZXItb2YtaXRlbXMlM0QlMjIyJTIyJTIwZGF0YS1neWctY3VycmVuY3klM0QlMjJFVVIlMjIlMjBkYXRhLWd5Zy1wYXJ0bmVyLWlkJTNEJTIyNTZQUTRVWSUyMiUyMGRhdGEtZ3lnLXRvdXItaWRzJTNEJTIyNjQ4NzMlMkMxODMzMDglMjIlM0UlM0MlMkZkaXYlM0UlMEElM0NzY3JpcHQlMjBhc3luYyUyMGRlZmVyJTIwc3JjJTNEJTIyaHR0cHMlM0ElMkYlMkZ3aWRnZXQuZ2V0eW91cmd1aWRlLmNvbSUyRnYyJTJGd2lkZ2V0LmpzJTIyJTIwcmVsJTNEJUUyJTgwJTlEbm9mb2xsb3clRTIlODAlOUQlM0UlM0MlMkZzY3JpcHQlM0U=[\/vc_raw_html][vc_empty_space][vc_column_text]Os barcos Rabelos levavam os barris das quintas espalhadas ao longo das margens do rio Douro \u00e0s Adegas em Gaia. Hoje em dia, mant\u00eam a sua ess\u00eancia mas dedicam-se essencialmente a passeios tur\u00edsticos. Parte da identidade da cidade que deve ser desfrutada na sua visita ao Porto<\/p>\n<p>O percurso mais oferecido \u00e9 o cruzeiro as seis pontes. Partindo do cais da Ribeira, navegam sob as 6 pontes, proporcionando vistas deslumbrantes sobre a colorida cidade do Porto e as Caves de Vila Nova de Gaia[\/vc_column_text][vc_empty_space][\/vc_column][\/vc_row][vc_row][vc_column][vc_empty_space][vc_column_text]<\/p>\n<h2>Magic Train Tour<\/h2>\n<p>[\/vc_column_text][vc_raw_html]JTNDZGl2JTIwZGF0YS1neWctaHJlZiUzRCUyMmh0dHBzJTNBJTJGJTJGd2lkZ2V0LmdldHlvdXJndWlkZS5jb20lMkZkZWZhdWx0JTJGYWN0aXZpdGVzLmZyYW1lJTIyJTIwZGF0YS1neWctbG9jYWxlLWNvZGUlM0QlMjJwdC1QVCUyMiUyMGRhdGEtZ3lnLXdpZGdldCUzRCUyMmFjdGl2aXRpZXMlMjIlMjBkYXRhLWd5Zy1udW1iZXItb2YtaXRlbXMlM0QlMjIxJTIyJTIwZGF0YS1neWctY3VycmVuY3klM0QlMjJFVVIlMjIlMjBkYXRhLWd5Zy1wYXJ0bmVyLWlkJTNEJTIyNTZQUTRVWSUyMiUyMGRhdGEtZ3lnLXRvdXItaWRzJTNEJTIyNDk1ODglMjIlMjByZWwlM0QlRTIlODAlOURub2ZvbGxvdyVFMiU4MCU5RCUzRSUzQyUyRmRpdiUzRQ==[\/vc_raw_html][vc_empty_space][vc_column_text]O Magic Train Tour \u00e9 um comboio carism\u00e1tico que percorre as ruas do Porto. Uma boa op\u00e7\u00e3o para quem viaja com crian\u00e7as ou prefere evitar grandes caminhadas. \u00c9 tamb\u00e9m mais econ\u00f3mica pois o bilhete inclui para al\u00e9m do passeio de comboio, visita a uma das adegas, com degusta\u00e7\u00e3o de 2 vinhos e ainda navegar no Douro a bordo dos emblem\u00e1ticos barcos Rabelo.<\/p>\n<p>O magic Tour Train parte da Catedral da S\u00e9 a cada 30 minutos[\/vc_column_text][vc_empty_space][vc_column_text]<a href=\"\/?page_id=11056\" target=\"_blank\" rel=\"noopener noreferrer\">O que visitar no Porto<\/a>[\/vc_column_text][vc_empty_space][\/vc_column][\/vc_row]<\/p>\n<\/div>","protected":false},"excerpt":{"rendered":"<p>[vc_row full_width=&#8221;stretch_row&#8221; bg_type=&#8221;image&#8221; parallax_style=&#8221;vcpb-default&#8221; bg_image_new=&#8221;id^6033|url^https:\/\/suncarsgroup.comwp-content\/uploads\/2015\/01\/rent-porsche-spain.jpg|caption^null|alt^null|title^rent-porsche-spain|description^null&#8221; bg_override=&#8221;full&#8221; css=&#8221;.vc_custom_1558282495634{margin-top: 0px !important;padding-top: 150px !important;padding-bottom: 150px !important;background-image: url(https:\/\/holiday-active.com\/wp-content\/uploads\/2019\/05\/Getting-around-Porto_218578006.jpeg?id=14316) !important;background-position: center !important;background-repeat: no-repeat !important;background-size: cover !important;}&#8221;][vc_column css=&#8221;.vc_custom_1478894705020{padding-top: 100px !important;padding-bottom: 100px !important;}&#8221;][\/vc_column][\/vc_row][vc_row][vc_column][vc_empty_space][vc_column_text] Transportes no Porto [\/vc_column_text][vc_empty_space][vc_column_text]Para visitar o Porto n\u00e3o precisa de carro. O melhor \u00e9 mesmo nem conduzir na cidade. O estacionamento \u00e9 dif\u00edcil a n\u00e3o ser que recorra a [&hellip;]<\/p>\n","protected":false},"author":1,"featured_media":0,"parent":0,"menu_order":0,"comment_status":"closed","ping_status":"closed","template":"","meta":{"_monsterinsights_skip_tracking":false,"_monsterinsights_sitenote_active":false,"_monsterinsights_sitenote_note":"","_monsterinsights_sitenote_category":0,"footnotes":""},"class_list":["post-14472","page","type-page","status-publish","has-post-thumbnail","hentry"],"yoast_head":"<!-- This site is optimized with the Yoast SEO plugin v27.2 - https:\/\/yoast.com\/product\/yoast-seo-wordpress\/ -->\n<title>Transportes no Porto | holiday-active.com<\/title>\n<meta name=\"description\" content=\"Para conhecer o centro do Porto n\u00e3o precisa de trazer carro. O melhor mesmo \u00e9 usar o sistema de transportes no Porto e descobrir a cidade a p\u00e9. Saiba como\" \/>\n<meta name=\"robots\" content=\"index, follow, max-snippet:-1, max-image-preview:large, max-video-preview:-1\" \/>\n<link rel=\"canonical\" href=\"https:\/\/holiday-active.com\/pt-pt\/transportes-no-porto\/\" \/>\n<meta property=\"og:locale\" content=\"pt_PT\" \/>\n<meta property=\"og:type\" content=\"article\" \/>\n<meta property=\"og:title\" content=\"Transportes no Porto | holiday-active.com\" \/>\n<meta property=\"og:description\" content=\"Para conhecer o centro do Porto n\u00e3o precisa de trazer carro. O melhor mesmo \u00e9 usar o sistema de transportes no Porto e descobrir a cidade a p\u00e9. Saiba como\" \/>\n<meta property=\"og:url\" content=\"https:\/\/holiday-active.com\/pt-pt\/transportes-no-porto\/\" \/>\n<meta property=\"og:site_name\" content=\"holiday-active.com\" \/>\n<meta property=\"article:publisher\" content=\"https:\/\/www.facebook.com\/holidayactive\" \/>\n<meta property=\"article:modified_time\" content=\"2019-11-18T18:38:35+00:00\" \/>\n<meta property=\"og:image\" content=\"https:\/\/holiday-active.com\/wp-content\/uploads\/2019\/05\/metro-porto-lines.png\" \/>\n<meta name=\"twitter:card\" content=\"summary_large_image\" \/>\n<meta name=\"twitter:label1\" content=\"Tempo estimado de leitura\" \/>\n\t<meta name=\"twitter:data1\" content=\"8 minutos\" \/>\n<script type=\"application\/ld+json\" class=\"yoast-schema-graph\">{\"@context\":\"https:\/\/schema.org\",\"@graph\":[{\"@type\":\"WebPage\",\"@id\":\"https:\/\/holiday-active.com\/pt-pt\/transportes-no-porto\/\",\"url\":\"https:\/\/holiday-active.com\/pt-pt\/transportes-no-porto\/\",\"name\":\"Transportes no Porto | holiday-active.com\",\"isPartOf\":{\"@id\":\"https:\/\/holiday-active.com\/#website\"},\"primaryImageOfPage\":{\"@id\":\"https:\/\/holiday-active.com\/pt-pt\/transportes-no-porto\/#primaryimage\"},\"image\":{\"@id\":\"https:\/\/holiday-active.com\/pt-pt\/transportes-no-porto\/#primaryimage\"},\"thumbnailUrl\":\"https:\/\/holiday-active.com\/wp-content\/uploads\/2019\/05\/metro-porto-lines.png\",\"datePublished\":\"2019-06-07T08:39:23+00:00\",\"dateModified\":\"2019-11-18T18:38:35+00:00\",\"description\":\"Para conhecer o centro do Porto n\u00e3o precisa de trazer carro. O melhor mesmo \u00e9 usar o sistema de transportes no Porto e descobrir a cidade a p\u00e9. Saiba como\",\"breadcrumb\":{\"@id\":\"https:\/\/holiday-active.com\/pt-pt\/transportes-no-porto\/#breadcrumb\"},\"inLanguage\":\"pt-PT\",\"potentialAction\":[{\"@type\":\"ReadAction\",\"target\":[\"https:\/\/holiday-active.com\/pt-pt\/transportes-no-porto\/\"]}]},{\"@type\":\"ImageObject\",\"inLanguage\":\"pt-PT\",\"@id\":\"https:\/\/holiday-active.com\/pt-pt\/transportes-no-porto\/#primaryimage\",\"url\":\"https:\/\/holiday-active.com\/wp-content\/uploads\/2019\/05\/metro-porto-lines.png\",\"contentUrl\":\"https:\/\/holiday-active.com\/wp-content\/uploads\/2019\/05\/metro-porto-lines.png\"},{\"@type\":\"BreadcrumbList\",\"@id\":\"https:\/\/holiday-active.com\/pt-pt\/transportes-no-porto\/#breadcrumb\",\"itemListElement\":[{\"@type\":\"ListItem\",\"position\":1,\"name\":\"Home\",\"item\":\"https:\/\/holiday-active.com\/pt-pt\/\"},{\"@type\":\"ListItem\",\"position\":2,\"name\":\"Transportes no Porto\"}]},{\"@type\":\"WebSite\",\"@id\":\"https:\/\/holiday-active.com\/#website\",\"url\":\"https:\/\/holiday-active.com\/\",\"name\":\"holiday-active.com\",\"description\":\"Traveling in Portugal\",\"potentialAction\":[{\"@type\":\"SearchAction\",\"target\":{\"@type\":\"EntryPoint\",\"urlTemplate\":\"https:\/\/holiday-active.com\/?s={search_term_string}\"},\"query-input\":{\"@type\":\"PropertyValueSpecification\",\"valueRequired\":true,\"valueName\":\"search_term_string\"}}],\"inLanguage\":\"pt-PT\"}]}<\/script>\n<!-- \/ Yoast SEO plugin. -->","yoast_head_json":{"title":"Transportes no Porto | holiday-active.com","description":"Para conhecer o centro do Porto n\u00e3o precisa de trazer carro. O melhor mesmo \u00e9 usar o sistema de transportes no Porto e descobrir a cidade a p\u00e9. Saiba como","robots":{"index":"index","follow":"follow","max-snippet":"max-snippet:-1","max-image-preview":"max-image-preview:large","max-video-preview":"max-video-preview:-1"},"canonical":"https:\/\/holiday-active.com\/pt-pt\/transportes-no-porto\/","og_locale":"pt_PT","og_type":"article","og_title":"Transportes no Porto | holiday-active.com","og_description":"Para conhecer o centro do Porto n\u00e3o precisa de trazer carro. O melhor mesmo \u00e9 usar o sistema de transportes no Porto e descobrir a cidade a p\u00e9. Saiba como","og_url":"https:\/\/holiday-active.com\/pt-pt\/transportes-no-porto\/","og_site_name":"holiday-active.com","article_publisher":"https:\/\/www.facebook.com\/holidayactive","article_modified_time":"2019-11-18T18:38:35+00:00","og_image":[{"url":"https:\/\/holiday-active.com\/wp-content\/uploads\/2019\/05\/metro-porto-lines.png","type":"","width":"","height":""}],"twitter_card":"summary_large_image","twitter_misc":{"Tempo estimado de leitura":"8 minutos"},"schema":{"@context":"https:\/\/schema.org","@graph":[{"@type":"WebPage","@id":"https:\/\/holiday-active.com\/pt-pt\/transportes-no-porto\/","url":"https:\/\/holiday-active.com\/pt-pt\/transportes-no-porto\/","name":"Transportes no Porto | holiday-active.com","isPartOf":{"@id":"https:\/\/holiday-active.com\/#website"},"primaryImageOfPage":{"@id":"https:\/\/holiday-active.com\/pt-pt\/transportes-no-porto\/#primaryimage"},"image":{"@id":"https:\/\/holiday-active.com\/pt-pt\/transportes-no-porto\/#primaryimage"},"thumbnailUrl":"https:\/\/holiday-active.com\/wp-content\/uploads\/2019\/05\/metro-porto-lines.png","datePublished":"2019-06-07T08:39:23+00:00","dateModified":"2019-11-18T18:38:35+00:00","description":"Para conhecer o centro do Porto n\u00e3o precisa de trazer carro. O melhor mesmo \u00e9 usar o sistema de transportes no Porto e descobrir a cidade a p\u00e9. Saiba como","breadcrumb":{"@id":"https:\/\/holiday-active.com\/pt-pt\/transportes-no-porto\/#breadcrumb"},"inLanguage":"pt-PT","potentialAction":[{"@type":"ReadAction","target":["https:\/\/holiday-active.com\/pt-pt\/transportes-no-porto\/"]}]},{"@type":"ImageObject","inLanguage":"pt-PT","@id":"https:\/\/holiday-active.com\/pt-pt\/transportes-no-porto\/#primaryimage","url":"https:\/\/holiday-active.com\/wp-content\/uploads\/2019\/05\/metro-porto-lines.png","contentUrl":"https:\/\/holiday-active.com\/wp-content\/uploads\/2019\/05\/metro-porto-lines.png"},{"@type":"BreadcrumbList","@id":"https:\/\/holiday-active.com\/pt-pt\/transportes-no-porto\/#breadcrumb","itemListElement":[{"@type":"ListItem","position":1,"name":"Home","item":"https:\/\/holiday-active.com\/pt-pt\/"},{"@type":"ListItem","position":2,"name":"Transportes no Porto"}]},{"@type":"WebSite","@id":"https:\/\/holiday-active.com\/#website","url":"https:\/\/holiday-active.com\/","name":"holiday-active.com","description":"Traveling in Portugal","potentialAction":[{"@type":"SearchAction","target":{"@type":"EntryPoint","urlTemplate":"https:\/\/holiday-active.com\/?s={search_term_string}"},"query-input":{"@type":"PropertyValueSpecification","valueRequired":true,"valueName":"search_term_string"}}],"inLanguage":"pt-PT"}]}},"_links":{"self":[{"href":"https:\/\/holiday-active.com\/pt-pt\/wp-json\/wp\/v2\/pages\/14472","targetHints":{"allow":["GET"]}}],"collection":[{"href":"https:\/\/holiday-active.com\/pt-pt\/wp-json\/wp\/v2\/pages"}],"about":[{"href":"https:\/\/holiday-active.com\/pt-pt\/wp-json\/wp\/v2\/types\/page"}],"author":[{"embeddable":true,"href":"https:\/\/holiday-active.com\/pt-pt\/wp-json\/wp\/v2\/users\/1"}],"replies":[{"embeddable":true,"href":"https:\/\/holiday-active.com\/pt-pt\/wp-json\/wp\/v2\/comments?post=14472"}],"version-history":[{"count":0,"href":"https:\/\/holiday-active.com\/pt-pt\/wp-json\/wp\/v2\/pages\/14472\/revisions"}],"wp:attachment":[{"href":"https:\/\/holiday-active.com\/pt-pt\/wp-json\/wp\/v2\/media?parent=14472"}],"curies":[{"name":"wp","href":"https:\/\/api.w.org\/{rel}","templated":true}]}}