{"id":14378,"date":"2019-05-19T17:10:09","date_gmt":"2019-05-19T17:10:09","guid":{"rendered":"https:\/\/holiday-active.com\/map-of-portugal\/"},"modified":"2021-05-05T18:48:55","modified_gmt":"2021-05-05T18:48:55","slug":"mapa-de-portugal","status":"publish","type":"page","link":"https:\/\/holiday-active.com\/pt-pt\/mapa-de-portugal\/","title":{"rendered":"Mapa de Portugal"},"content":{"rendered":"<div class=\"wpb-content-wrapper\"><p>[vc_row][vc_column][vc_empty_space][vc_column_text]<\/p>\n<h2>Decidir sobre o que visitar em Portugal.<\/h2>\n<p>[\/vc_column_text][vc_empty_space][vc_column_text]Portugal est\u00e1 dividido em 18 distritos e 2 Regi\u00f5es Aut\u00f3nomas (A\u00e7ores e Madeira). No entanto, do ponto de vista do visitante, algumas cidades s\u00e3o bem mais interessantes do que outras.<\/p>\n<p>Junte-se a n\u00f3s nesta viagem por Portugal e deixe-nos ajud\u00e1-lo a planear o seu itiner\u00e1rio com sugest\u00f5es sobre o que visitar e fornecendo-lhe fatos hist\u00f3ricos interessantes para melhor conhecer o pa\u00eds que visita.<\/p>\n<p>Destac\u00e1mos o que visit\u00e1mos e recomendamos<\/p>\n<p>Em holiday-active.com encontrar\u00e1 tudo o que precisa sobre Portugal[\/vc_column_text][vc_empty_space][\/vc_column][\/vc_row][vc_row][vc_column width=&#8221;2\/3&#8243;][vc_empty_space][vc_column_text]<\/p>\n<h2>Os 18 Distritos por Regi\u00e3o<\/h2>\n<p>[\/vc_column_text][vc_empty_space][vc_tta_tour style=&#8221;modern&#8221; shape=&#8221;square&#8221; spacing=&#8221;2&#8243; gap=&#8221;15&#8243; alignment=&#8221;center&#8221; active_section=&#8221;1&#8243; no_fill_content_area=&#8221;true&#8221;][vc_tta_section title=&#8221;Norte&#8221; tab_id=&#8221;1453659272382-df5ac533-eb5c0ce4-f18b&#8221;][vc_column_text]<span style=\"color: #ed8323;\"><strong>Porto<\/strong><\/span><\/p>\n<p>Amarante, Bai\u00e3o, Felgueiras, Gondomar, Lousada, Maia, Marco de Canaveses, Matosinhos, Pa\u00e7os de Ferreira, Paredes, Penafiel, <a href=\"\/?page_id=11056\" target=\"_blank\" rel=\"noopener noreferrer\">Porto<\/a>, P\u00f3voa de Varzim, Santo Tirso, Valongo, Vila do Conde, Vila Nova de Gaia, Trofa.<\/p>\n<p><strong><span style=\"color: #ed8323;\">Braga<\/span><\/strong><\/p>\n<p>Amares, Barcelos, <a href=\"\/?page_id=13345\" target=\"_blank\" rel=\"noopener noreferrer\">Braga<\/a>, Cabeceiras de Basto, Celorico de Basto,Esposende, Fafe, <a href=\"\/?page_id=13108\" target=\"_blank\" rel=\"noopener noreferrer\">Guimar\u00e3es<\/a>, P\u00f3voa de Lanhoso, Terras de Bouro, Vieira do Minho,Vila Nova de Famalic\u00e3o, Vila Verde, Vizela.<\/p>\n<p><strong><span style=\"color: #ed8323;\">Aveiro<\/span><\/strong><\/p>\n<p>\u00c1gueda, Albergaria-a-Velha, Anadia, Arouca, <a href=\"\/?page_id=12137\" target=\"_blank\" rel=\"noopener noreferrer\">Aveiro<\/a>, Castelo de Paiva ,Espinho,\u00a0 Estarreja, Santa Maria da Feira, \u00cdlhavo, Mealhada,\u00a0 Murtosa, Oliveira de Azem\u00e9is, Oliveira do Bairro, Ovar, S\u00e3o Jo\u00e3o da Madeira, Sever do Vouga, Vagos, Vale de Cambra.<\/p>\n<p><strong><span style=\"color: #ed8323;\">Viana do Castelo<\/span><\/strong><\/p>\n<p>Arcos de Valdevez, Caminha, Melga\u00e7o, Mon\u00e7\u00e3o, Paredes de Coura, Ponte da Barca, Ponte de Lima, Valen\u00e7a, Viana do Castelo, Vila Nova de Cerveira.<\/p>\n<p><strong><span style=\"color: #ed8323;\">Vila Real<\/span><\/strong><\/p>\n<p>Alij\u00f3, Boticas, Chaves, Mes\u00e3o Frio, Mondim de Basto,\u00a0 Montalegre,\u00a0 Mur\u00e7a, Peso da R\u00e9gua, Ribeira da Pena, Sabrosa, Santa Marta de Penagui\u00e3o, Valpa\u00e7os, Vila Pouca de Aguiar, Vila Real.<\/p>\n<p><strong><span style=\"color: #ed8323;\">Bragan\u00e7a<\/span><\/strong><\/p>\n<p>Alf\u00e2ndega da F\u00e9, Bragan\u00e7a, Carrazeda de Ansi\u00e3es, Freixo de Espada a Cinta, Macedo de Cavaleiros, Miranda do Douro, Mirandela, Mogadouro, Torre de Moncorvo, Vila Flor, Vimioso, Vinhais.[\/vc_column_text][\/vc_tta_section][vc_tta_section title=&#8221;Centro&#8221; tab_id=&#8221;1453659272535-73654d91-1a0d0ce4-f18b&#8221;][vc_column_text]<strong><span style=\"color: #ed8323;\">Leiria<\/span><\/strong><\/p>\n<p><a href=\"\/?page_id=12213\" target=\"_blank\" rel=\"noopener noreferrer\">Alcoba\u00e7a,<\/a> Alvai\u00e1zere, Ansi\u00e3o, <a href=\"\/?page_id=12360\" target=\"_blank\" rel=\"noopener noreferrer\">Batalha<\/a>, Bombarral, Caldas da Rainha, Castanheira de Pera, Figueir\u00f3 dos Vinhos, Leiria, Marinha Grande, <a href=\"\/?page_id=12243\" target=\"_blank\" rel=\"noopener noreferrer\">Nazar\u00e9<\/a>, <a href=\"\/?page_id=12330\" target=\"_blank\" rel=\"noopener noreferrer\">\u00d3bidos<\/a>, Pedrog\u00e3o<\/p>\n<p><strong><span style=\"color: #ed8323;\">Santar\u00e9m<\/span><\/strong><\/p>\n<p>Abrantes, Alcanena, Almeirim, Alpiar\u00e7a, Benavente, Cartaxo, Chamusca, Const\u00e2ncia, Coruche, Entroncamento, Ferreira do Z\u00eazere, Goleg\u00e3, Ma\u00e7\u00e3o, Rio Maior, Salvaterra de Magos, Santar\u00e9m, Sardoal, <a href=\"\/?page_id=12448\" target=\"_blank\" rel=\"noopener noreferrer\">Tomar<\/a>,\u00a0 Torres Novas,\u00a0 Vila Nova da Barquinha, Our\u00e9m.<\/p>\n<p><span style=\"color: #ed8323;\"><strong>Coimbra<\/strong><\/span><\/p>\n<p>Arganil, Cantanhede, Coimbra, Condeixa-a-Nova, Figueira da Foz, G\u00f3is, Lous\u00e3, Mira, Miranda do Corvo, Montemor-o-Velho, Oliveira do Hospital, Pampilhosa da Serra, Penacova, Penela, Soure, T\u00e1bua, Vila Nova de Poiares.<\/p>\n<p><span style=\"color: #ed8323;\"><strong>Viseu<\/strong><\/span><\/p>\n<p>Armamar, Carregal do Sal, Castro Daire,\u00a0 Cinf\u00e3es, Lamego, Mangualde, Moimenta da Beira, Mort\u00e1gua, Nelas, Oliveira de Frades, Penalva do Castelo, Penedono, Resende, Santa Comba D\u00e3o, S\u00e3o Jo\u00e3o da Pesqueira, S\u00e3o Pedro do Sul, S\u00e1t\u00e3o, Sernancelhe, Tabua\u00e7o, Tarouca, Tondela, Vila Nova de Paiva, Viseu, Vouzela.<\/p>\n<p><strong><span style=\"color: #ed8323;\">Castelo Branco<\/span><\/strong><\/p>\n<p><a href=\"https:\/\/holiday-active.com\/pt-pt\/aldeias-historicas-de-portugal\/\" target=\"_blank\" rel=\"noopener noreferrer\">Belmonte<\/a>, Castelo Branco, Covilh\u00e3, Fund\u00e3o, Idanha-a-Nova, Oleiros, Penamacor, Proen\u00e7a-a-Nova, Sert\u00e3, Vila de Rei, Vila Velha de Rod\u00e3o.<\/p>\n<p><strong><span style=\"color: #ed8323;\">Guarda<\/span><\/strong><\/p>\n<p>Aguiar da Beira, <a href=\"https:\/\/holiday-active.com\/pt-pt\/aldeias-historicas-de-portugal\/\" target=\"_blank\" rel=\"noopener noreferrer\">Almeida,<\/a> Celorico da Beira, Figueira de Castelo Rodrigo, Fornos de Algodres, Gouveia, Guarda, <a href=\"\/?page_id=12494\" target=\"_blank\" rel=\"noopener noreferrer\">Manteigas<\/a>, Meda, Pinhel,\u00a0 Sabugal, <a href=\"\/?page_id=12494\" target=\"_blank\" rel=\"noopener noreferrer\">Seia<\/a>, <a href=\"https:\/\/holiday-active.com\/pt-pt\/aldeias-historicas-de-portugal\/\" target=\"_blank\" rel=\"noopener noreferrer\">Trancoso<\/a>, Vila Nova de Foz Coa.[\/vc_column_text][\/vc_tta_section][vc_tta_section title=&#8221;Lisboa&#8221; tab_id=&#8221;1453724046746-6bac657d-e7550ce4-f18b&#8221;][vc_column_text]<strong><span style=\"color: #ed8323;\">Lisboa<\/span><\/strong><\/p>\n<p>Alenquer, Arruda dos Vinhos, Azambuja, Cadaval,\u00a0 <a href=\"https:\/\/holiday-active.com\/pt-pt\/o-que-visitar-em-cascais-uma-vila-de-charme-e-cultura\/\" target=\"_blank\" rel=\"noopener noreferrer\">Cascais<\/a>,\u00a0<a href=\"\/?page_id=10876\" target=\"_blank\" rel=\"noopener noreferrer\"> Lisboa<\/a>, Loures,\u00a0 Lourinh\u00e3,\u00a0 <a href=\"\/?page_id=14562\" target=\"_blank\" rel=\"noopener noreferrer\">Mafra<\/a>, Oeiras, <a href=\"\/?page_id=10774\" target=\"_blank\" rel=\"noopener noreferrer\">Sintra<\/a>,\u00a0 Sobral de Monte Agra\u00e7o, Torres Vedras, Vila Franca de Xira, Amadora, Odivelas.<\/p>\n<p><span style=\"color: #ed8323;\"><strong>Set\u00fabal<\/strong><\/span><\/p>\n<p>Alc\u00e1cer do Sal, Alcochete, Almada, Barreiro, Gr\u00e2ndola, Moita, Montijo, Palmela, Santiago do Cac\u00e9m,\u00a0 Seixal, <a href=\"https:\/\/holiday-active.com\/pt-pt\/porque-deve-visitar-sesimbra\/\" target=\"_blank\" rel=\"noopener noreferrer\">Sesimbra<\/a>,\u00a0 Set\u00fabal, <a href=\"https:\/\/holiday-active.com\/pt-pt\/sines-terra-de-vasco-da-gama\/\" target=\"_blank\" rel=\"noopener\">Sines<\/a>[\/vc_column_text][\/vc_tta_section][vc_tta_section title=&#8221;Alentejo&#8221; tab_id=&#8221;1453724321169-cfaee126-5b760ce4-f18b&#8221;][vc_column_text]<strong><span style=\"color: #ed8323;\">\u00c9vora<\/span><\/strong><\/p>\n<p><a href=\"\/?page_id=14598\" target=\"_blank\" rel=\"noopener noreferrer\">Alandroal<\/a>, <a href=\"\/?page_id=13879\" target=\"_blank\" rel=\"noopener noreferrer\">Arraiolos,<\/a> Borba, Estremoz, <a href=\"\/?page_id=13965\" target=\"_blank\" rel=\"noopener noreferrer\">\u00c9vora,<\/a> Montemor-o-Novo, Mora, Mour\u00e3o, Portel, <a href=\"\/?page_id=14598\" target=\"_blank\" rel=\"noopener noreferrer\">Redondo<\/a>, <a href=\"\/?page_id=12877\" target=\"_blank\" rel=\"noopener noreferrer\">Reguengos de Monsaraz<\/a>, Vendas Novas, <a href=\"\/?page_id=14598\" target=\"_blank\" rel=\"noopener noreferrer\">Viana do Alentejo,<\/a> <a href=\"\/?page_id=13627\" target=\"_blank\" rel=\"noopener noreferrer\">Vila Vi\u00e7osa,<\/a> Oliven\u00e7a.<\/p>\n<p><strong><span style=\"color: #ed8323;\">Beja<\/span><\/strong><\/p>\n<p>Aljustrel, Almod\u00f4var, Alvito, Barrancos, Beja, Castro Verde, Cuba, Ferreira do Alentejo, M\u00e9rtola, Moura, <a href=\"https:\/\/holiday-active.com\/pt-pt\/o-que-visitar-em-odemira\/\" target=\"_blank\" rel=\"noopener\">Odemira<\/a>, Ourique, Serpa, Vidigueira.<\/p>\n<p><span style=\"color: #ed8323;\"><strong>Portalegre<\/strong><\/span><\/p>\n<p><a href=\"\/?page_id=12778\" target=\"_blank\" rel=\"noopener noreferrer\">Alter do Ch\u00e3o<\/a>, Arronches, Avis, Campo Maior, <a href=\"\/?page_id=13020\" target=\"_blank\" rel=\"noopener noreferrer\">Castelo de Vide,<\/a> <a href=\"\/?page_id=12778\" target=\"_blank\" rel=\"noopener noreferrer\">Crato,<\/a> <a href=\"\/?page_id=13776\" target=\"_blank\" rel=\"noopener noreferrer\">Elvas<\/a>, Fronteira, Gavi\u00e3o, <a href=\"\/?page_id=12778\" target=\"_blank\" rel=\"noopener noreferrer\">Marv\u00e3o<\/a>, Monforte, Nisa, Ponte de Sor, Portalegre, Sousel.[\/vc_column_text][\/vc_tta_section][vc_tta_section title=&#8221;Algarve&#8221; tab_id=&#8221;1453724412973-7c8fe39d-ddba0ce4-f18b&#8221;][vc_column_text]<span style=\"color: #ed8323;\"><strong>Faro<\/strong><\/span><\/p>\n<p><a href=\"\/?page_id=11561\" target=\"_blank\" rel=\"noopener noreferrer\">Albufeira, Alcoutim, <\/a><a href=\"https:\/\/holiday-active.com\/pt-pt\/aljezur-preserve-as-suas-praias-paradisicas\/\" target=\"_blank\" rel=\"noopener\">Aljezur<\/a>, <a href=\"https:\/\/holiday-active.com\/pt-pt\/o-que-visitar-no-algarve\/\" target=\"_blank\" rel=\"noopener\">Castro Marim, Faro, Lagoa, Lagos, Loul\u00e9, Monchique, Olh\u00e3o da Restaura\u00e7\u00e3o, Portim\u00e3o, S\u00e3o Br\u00e1s de Alportel, Silves, Tavira,<\/a> <a href=\"https:\/\/holiday-active.com\/pt-pt\/sagres-misticismo-surf-mar-natureza\/\" target=\"_blank\" rel=\"noopener\">Vila do Bispo<\/a>, <a href=\"https:\/\/holiday-active.com\/pt-pt\/o-que-visitar-no-algarve\/\" target=\"_blank\" rel=\"noopener\">Vila Real Santo Ant\u00f3nio.<\/a>[\/vc_column_text][\/vc_tta_section][vc_tta_section title=&#8221;A\u00e7ores&#8221; tab_id=&#8221;1453724466019-c3fbed54-28020ce4-f18b&#8221;][vc_column_text]<strong><span style=\"color: #ed8323;\">Azores<\/span><\/strong><\/p>\n<p>Angra do Hero\u00edsmo, Calheta, Santa Cruz da Graciosa, Velas, Vila Praia da Vit\u00f3ria, Corvo, Horta, Lajes das Flores, Lajes do Pico, Madalena, Santa Cruz das Flores, S\u00e3o Roque do Pico, Lagoa, Nordeste, Ponta Delgada, Povoa\u00e7\u00e3o, Ribeira Grande, Vila Franca do Campo, Vila do Porto.[\/vc_column_text][\/vc_tta_section][vc_tta_section title=&#8221;Madeira&#8221; tab_id=&#8221;1453724561206-10ac38e3-88200ce4-f18b&#8221;][vc_column_text]<span style=\"color: #ed8323;\"><strong>Madeira<\/strong><\/span><\/p>\n<p>Calheta, C\u00e2mara de Lobos, Funchal, Machico, Ponta do Sol, Porto Moniz,Porto Santo, Ribeira Brava, Santa Cruz, Santana, S\u00e3o Vicente.[\/vc_column_text][\/vc_tta_section][\/vc_tta_tour][\/vc_column][vc_column width=&#8221;1\/3&#8243;][vc_empty_space height=&#8221;96px&#8221;][vc_single_image image=&#8221;7541&#8243; img_size=&#8221;301&#215;586&#8243;][vc_column_text]<\/p>\n<h6 style=\"text-align: center;\">Mapa de Portugal por Distritos<\/h6>\n<p>[\/vc_column_text][vc_empty_space height=&#8221;96px&#8221;][\/vc_column][\/vc_row][vc_row][vc_column][vc_empty_space][vc_column_text]<\/p>\n<h2>Melhor forma de chegar ao seu destino<\/h2>\n<p>[\/vc_column_text][vc_empty_space][\/vc_column][\/vc_row][vc_row css=&#8221;.vc_custom_1558285788364{background-color: #efefef !important;}&#8221;][vc_column width=&#8221;2\/3&#8243;][vc_empty_space][vc_raw_html]JTNDZGl2JTNFJTBBJTIwJTIwJTIwJTIwJTIwJTNDaWZyYW1lJTIwd2lkdGglM0QlMjI4MDAlMjIlMjBoZWlnaHQlM0QlMjIzMDAlMjIlMjBmcmFtZWJvcmRlciUzRCUyMjAlMjIlMjBzcmMlM0QlMjJodHRwcyUzQSUyRiUyRnd3dy5iaW5nLmNvbSUyRm1hcHMlMkZlbWJlZCUzRmglM0QzMDAlMjZ3JTNEODAwJTI2Y3AlM0QzOS40OTA5OTc4MjA4MzUzMn4tNy45Njg2NjUxMjI5ODU4NSUyNmx2bCUzRDYlMjZ0eXAlM0RkJTI2c3R5JTNEciUyNnNyYyUzRFNIRUxMJTI2Rk9STSUzRE1CRURWOCUyMiUyMHNjcm9sbGluZyUzRCUyMm5vJTIyJTNFJTBBJTIwJTIwJTIwJTIwJTIwJTNDJTJGaWZyYW1lJTNFJTBBJTIwJTIwJTIwJTIwJTIwJTNDZGl2JTIwc3R5bGUlM0QlMjJ3aGl0ZS1zcGFjZSUzQSUyMG5vd3JhcCUzQiUyMHRleHQtYWxpZ24lM0ElMjBjZW50ZXIlM0IlMjB3aWR0aCUzQSUyMDgwMHB4JTNCJTIwcGFkZGluZyUzQSUyMDZweCUyMDAlM0IlMjIlM0UlMEElMjAlMjAlMjAlMjAlMjAlMjAlMjAlMjAlM0NhJTIwaWQlM0QlMjJsYXJnZU1hcExpbmslMjIlMjB0YXJnZXQlM0QlMjJfYmxhbmslMjIlMjBocmVmJTNEJTIyaHR0cHMlM0ElMkYlMkZ3d3cuYmluZy5jb20lMkZtYXBzJTNGY3AlM0QzOS40OTA5OTc4MjA4MzUzMn4tNy45Njg2NjUxMjI5ODU4NSUyNmFtcCUzQnN0eSUzRHIlMjZhbXAlM0JsdmwlM0Q2JTI2YW1wJTNCRk9STSUzRE1CRURMRCUyMiUzRVZpZXclMjBMYXJnZXIlMjBNYXAlM0MlMkZhJTNFJTIwJTI2bmJzcCUzQiUyMCU3QyUyMCUyNm5ic3AlM0IlMEElMjAlMjAlMjAlMjAlMjAlMjAlMjAlMjAlM0NhJTIwaWQlM0QlMjJkaXJNYXBMaW5rJTIyJTIwdGFyZ2V0JTNEJTIyX2JsYW5rJTIyJTIwaHJlZiUzRCUyMmh0dHBzJTNBJTJGJTJGd3d3LmJpbmcuY29tJTJGbWFwcyUyRmRpcmVjdGlvbnMlM0ZjcCUzRDM5LjQ5MDk5NzgyMDgzNTMyfi03Ljk2ODY2NTEyMjk4NTg1JTI2YW1wJTNCc3R5JTNEciUyNmFtcCUzQmx2bCUzRDYlMjZhbXAlM0JydHAlM0R+cG9zLjM5LjQ5MDk5NzgyMDgzNTMyXy03Ljk2ODY2NTEyMjk4NTg1X19fXyUyNmFtcCUzQkZPUk0lM0RNQkVETEQlMjIlM0VHZXQlMjBEaXJlY3Rpb25zJTNDJTJGYSUzRSUwQSUyMCUyMCUyMCUyMCUzQyUyRmRpdiUzRSUwQSUzQyUyRmRpdiUzRQ==[\/vc_raw_html][\/vc_column][vc_column width=&#8221;1\/3&#8243;][vc_empty_space][vc_column_text]<\/p>\n<p style=\"text-align: center;\"><a href=\"\/?page_id=13400\" target=\"_blank\" rel=\"noopener noreferrer\">Aluguer de Carro\u00a0<\/a><\/p>\n<p style=\"text-align: center;\"><a href=\"\/?page_id=13400\" target=\"_blank\" rel=\"noopener noreferrer\"> e <\/a><\/p>\n<p style=\"text-align: center;\"><a href=\"\/?page_id=13400\" target=\"_blank\" rel=\"noopener noreferrer\">Conduzir em Portugal<\/a><\/p>\n<p>&nbsp;<\/p>\n<p style=\"text-align: center;\"><a href=\"\/?page_id=14257\" target=\"_blank\" rel=\"noopener noreferrer\">Deslocar-se em Lisboa<\/a><\/p>\n<p style=\"text-align: center;\">Deslocar-se no Porto<\/p>\n<p style=\"text-align: center;\">Deslocar-se em Portugal<\/p>\n<p>&nbsp;<\/p>\n<p style=\"text-align: center;\"><a href=\"\/?page_id=13997\" target=\"_blank\" rel=\"noopener noreferrer\">Alojamento<\/a><\/p>\n<p>[\/vc_column_text][\/vc_column][\/vc_row]<\/p>\n<\/div>","protected":false},"excerpt":{"rendered":"<p>[vc_row][vc_column][vc_empty_space][vc_column_text] Decidir sobre o que visitar em Portugal. [\/vc_column_text][vc_empty_space][vc_column_text]Portugal est\u00e1 dividido em 18 distritos e 2 Regi\u00f5es Aut\u00f3nomas (A\u00e7ores e Madeira). No entanto, do ponto de vista do visitante, algumas cidades s\u00e3o bem mais interessantes do que outras. Junte-se a n\u00f3s nesta viagem por Portugal e deixe-nos ajud\u00e1-lo a planear o seu itiner\u00e1rio com sugest\u00f5es [&hellip;]<\/p>\n","protected":false},"author":1,"featured_media":0,"parent":0,"menu_order":0,"comment_status":"closed","ping_status":"closed","template":"","meta":{"_monsterinsights_skip_tracking":false,"_monsterinsights_sitenote_active":false,"_monsterinsights_sitenote_note":"","_monsterinsights_sitenote_category":0,"footnotes":""},"class_list":["post-14378","page","type-page","status-publish","has-post-thumbnail","hentry"],"yoast_head":"<!-- This site is optimized with the Yoast SEO plugin v27.2 - https:\/\/yoast.com\/product\/yoast-seo-wordpress\/ -->\n<title>Mapa de Portugal | holiday-active.com<\/title>\n<meta name=\"description\" content=\"Mapa de Portugal com tudo o que vale a pena visitar. Deixe-nos ajud\u00e1-lo a planear o seu itiner\u00e1rio com sugest\u00f5es sobre o que visitar e como l\u00e1 chegar\" \/>\n<meta name=\"robots\" content=\"index, follow, max-snippet:-1, max-image-preview:large, max-video-preview:-1\" \/>\n<link rel=\"canonical\" href=\"https:\/\/holiday-active.com\/pt-pt\/mapa-de-portugal\/\" \/>\n<meta property=\"og:locale\" content=\"pt_PT\" \/>\n<meta property=\"og:type\" content=\"article\" \/>\n<meta property=\"og:title\" content=\"Mapa de Portugal | holiday-active.com\" \/>\n<meta property=\"og:description\" content=\"Mapa de Portugal com tudo o que vale a pena visitar. Deixe-nos ajud\u00e1-lo a planear o seu itiner\u00e1rio com sugest\u00f5es sobre o que visitar e como l\u00e1 chegar\" \/>\n<meta property=\"og:url\" content=\"https:\/\/holiday-active.com\/pt-pt\/mapa-de-portugal\/\" \/>\n<meta property=\"og:site_name\" content=\"holiday-active.com\" \/>\n<meta property=\"article:publisher\" content=\"https:\/\/www.facebook.com\/holidayactive\" \/>\n<meta property=\"article:modified_time\" content=\"2021-05-05T18:48:55+00:00\" \/>\n<meta name=\"twitter:card\" content=\"summary_large_image\" \/>\n<meta name=\"twitter:label1\" content=\"Tempo estimado de leitura\" \/>\n\t<meta name=\"twitter:data1\" content=\"6 minutos\" \/>\n<script type=\"application\/ld+json\" class=\"yoast-schema-graph\">{\"@context\":\"https:\/\/schema.org\",\"@graph\":[{\"@type\":\"WebPage\",\"@id\":\"https:\/\/holiday-active.com\/pt-pt\/mapa-de-portugal\/\",\"url\":\"https:\/\/holiday-active.com\/pt-pt\/mapa-de-portugal\/\",\"name\":\"Mapa de Portugal | holiday-active.com\",\"isPartOf\":{\"@id\":\"https:\/\/holiday-active.com\/#website\"},\"datePublished\":\"2019-05-19T17:10:09+00:00\",\"dateModified\":\"2021-05-05T18:48:55+00:00\",\"description\":\"Mapa de Portugal com tudo o que vale a pena visitar. Deixe-nos ajud\u00e1-lo a planear o seu itiner\u00e1rio com sugest\u00f5es sobre o que visitar e como l\u00e1 chegar\",\"breadcrumb\":{\"@id\":\"https:\/\/holiday-active.com\/pt-pt\/mapa-de-portugal\/#breadcrumb\"},\"inLanguage\":\"pt-PT\",\"potentialAction\":[{\"@type\":\"ReadAction\",\"target\":[\"https:\/\/holiday-active.com\/pt-pt\/mapa-de-portugal\/\"]}]},{\"@type\":\"BreadcrumbList\",\"@id\":\"https:\/\/holiday-active.com\/pt-pt\/mapa-de-portugal\/#breadcrumb\",\"itemListElement\":[{\"@type\":\"ListItem\",\"position\":1,\"name\":\"Home\",\"item\":\"https:\/\/holiday-active.com\/pt-pt\/\"},{\"@type\":\"ListItem\",\"position\":2,\"name\":\"Mapa de Portugal\"}]},{\"@type\":\"WebSite\",\"@id\":\"https:\/\/holiday-active.com\/#website\",\"url\":\"https:\/\/holiday-active.com\/\",\"name\":\"holiday-active.com\",\"description\":\"Traveling in Portugal\",\"potentialAction\":[{\"@type\":\"SearchAction\",\"target\":{\"@type\":\"EntryPoint\",\"urlTemplate\":\"https:\/\/holiday-active.com\/?s={search_term_string}\"},\"query-input\":{\"@type\":\"PropertyValueSpecification\",\"valueRequired\":true,\"valueName\":\"search_term_string\"}}],\"inLanguage\":\"pt-PT\"}]}<\/script>\n<!-- \/ Yoast SEO plugin. -->","yoast_head_json":{"title":"Mapa de Portugal | holiday-active.com","description":"Mapa de Portugal com tudo o que vale a pena visitar. Deixe-nos ajud\u00e1-lo a planear o seu itiner\u00e1rio com sugest\u00f5es sobre o que visitar e como l\u00e1 chegar","robots":{"index":"index","follow":"follow","max-snippet":"max-snippet:-1","max-image-preview":"max-image-preview:large","max-video-preview":"max-video-preview:-1"},"canonical":"https:\/\/holiday-active.com\/pt-pt\/mapa-de-portugal\/","og_locale":"pt_PT","og_type":"article","og_title":"Mapa de Portugal | holiday-active.com","og_description":"Mapa de Portugal com tudo o que vale a pena visitar. Deixe-nos ajud\u00e1-lo a planear o seu itiner\u00e1rio com sugest\u00f5es sobre o que visitar e como l\u00e1 chegar","og_url":"https:\/\/holiday-active.com\/pt-pt\/mapa-de-portugal\/","og_site_name":"holiday-active.com","article_publisher":"https:\/\/www.facebook.com\/holidayactive","article_modified_time":"2021-05-05T18:48:55+00:00","twitter_card":"summary_large_image","twitter_misc":{"Tempo estimado de leitura":"6 minutos"},"schema":{"@context":"https:\/\/schema.org","@graph":[{"@type":"WebPage","@id":"https:\/\/holiday-active.com\/pt-pt\/mapa-de-portugal\/","url":"https:\/\/holiday-active.com\/pt-pt\/mapa-de-portugal\/","name":"Mapa de Portugal | holiday-active.com","isPartOf":{"@id":"https:\/\/holiday-active.com\/#website"},"datePublished":"2019-05-19T17:10:09+00:00","dateModified":"2021-05-05T18:48:55+00:00","description":"Mapa de Portugal com tudo o que vale a pena visitar. Deixe-nos ajud\u00e1-lo a planear o seu itiner\u00e1rio com sugest\u00f5es sobre o que visitar e como l\u00e1 chegar","breadcrumb":{"@id":"https:\/\/holiday-active.com\/pt-pt\/mapa-de-portugal\/#breadcrumb"},"inLanguage":"pt-PT","potentialAction":[{"@type":"ReadAction","target":["https:\/\/holiday-active.com\/pt-pt\/mapa-de-portugal\/"]}]},{"@type":"BreadcrumbList","@id":"https:\/\/holiday-active.com\/pt-pt\/mapa-de-portugal\/#breadcrumb","itemListElement":[{"@type":"ListItem","position":1,"name":"Home","item":"https:\/\/holiday-active.com\/pt-pt\/"},{"@type":"ListItem","position":2,"name":"Mapa de Portugal"}]},{"@type":"WebSite","@id":"https:\/\/holiday-active.com\/#website","url":"https:\/\/holiday-active.com\/","name":"holiday-active.com","description":"Traveling in Portugal","potentialAction":[{"@type":"SearchAction","target":{"@type":"EntryPoint","urlTemplate":"https:\/\/holiday-active.com\/?s={search_term_string}"},"query-input":{"@type":"PropertyValueSpecification","valueRequired":true,"valueName":"search_term_string"}}],"inLanguage":"pt-PT"}]}},"_links":{"self":[{"href":"https:\/\/holiday-active.com\/pt-pt\/wp-json\/wp\/v2\/pages\/14378","targetHints":{"allow":["GET"]}}],"collection":[{"href":"https:\/\/holiday-active.com\/pt-pt\/wp-json\/wp\/v2\/pages"}],"about":[{"href":"https:\/\/holiday-active.com\/pt-pt\/wp-json\/wp\/v2\/types\/page"}],"author":[{"embeddable":true,"href":"https:\/\/holiday-active.com\/pt-pt\/wp-json\/wp\/v2\/users\/1"}],"replies":[{"embeddable":true,"href":"https:\/\/holiday-active.com\/pt-pt\/wp-json\/wp\/v2\/comments?post=14378"}],"version-history":[{"count":3,"href":"https:\/\/holiday-active.com\/pt-pt\/wp-json\/wp\/v2\/pages\/14378\/revisions"}],"predecessor-version":[{"id":17160,"href":"https:\/\/holiday-active.com\/pt-pt\/wp-json\/wp\/v2\/pages\/14378\/revisions\/17160"}],"wp:attachment":[{"href":"https:\/\/holiday-active.com\/pt-pt\/wp-json\/wp\/v2\/media?parent=14378"}],"curies":[{"name":"wp","href":"https:\/\/api.w.org\/{rel}","templated":true}]}}