{"id":14257,"date":"2019-05-17T13:58:10","date_gmt":"2019-05-17T13:58:10","guid":{"rendered":"https:\/\/holiday-active.com\/?page_id=14257"},"modified":"2022-01-03T20:00:00","modified_gmt":"2022-01-03T20:00:00","slug":"transportes-em-lisboa","status":"publish","type":"page","link":"https:\/\/holiday-active.com\/pt-pt\/transportes-em-lisboa\/","title":{"rendered":"Transportes em Lisboa"},"content":{"rendered":"<div class=\"wpb-content-wrapper\"><p>[vc_row full_width=&#8221;stretch_row&#8221; bg_type=&#8221;image&#8221; parallax_style=&#8221;vcpb-default&#8221; bg_image_new=&#8221;id^6033|url^https:\/\/suncarsgroup.comwp-content\/uploads\/2015\/01\/rent-porsche-spain.jpg|caption^null|alt^null|title^rent-porsche-spain|description^null&#8221; bg_override=&#8221;full&#8221; css=&#8221;.vc_custom_1557210659966{margin-top: 0px !important;padding-top: 150px !important;padding-bottom: 150px !important;background-image: url(https:\/\/holiday-active.com\/wp-content\/uploads\/2019\/05\/getting-around-Lisbon-.jpg?id=14262) !important;background-position: center !important;background-repeat: no-repeat !important;background-size: cover !important;}&#8221;][vc_column css=&#8221;.vc_custom_1478894705020{padding-top: 100px !important;padding-bottom: 100px !important;}&#8221;][\/vc_column][\/vc_row][vc_row][vc_column][vc_empty_space][vc_column_text]<\/p>\n<h2>Transportes em Lisboa<\/h2>\n<p>[\/vc_column_text][vc_empty_space][vc_column_text]Lisboa, especialmente no seu centro hist\u00f3rico, \u00e9 pass\u00edvel de ser explorada a p\u00e9 embora as suas 7 colinas e cal\u00e7ada portuguesa possam de algum modo incentiv\u00e1-lo a recorrer aos transportes p\u00fablicos.<\/p>\n<p>N\u00e3o se esque\u00e7a de levar sapatos confort\u00e1veis, c\u00e2mara fotogr\u00e1fica e dar tempo para admirar a vista e os pormenores \u00fanicos da cidade. O percurso, por vezes, \u00e9 mais interessante que o destino.[\/vc_column_text][vc_empty_space][\/vc_column][\/vc_row][vc_row][vc_column][vc_empty_space][vc_column_text]<\/p>\n<h2>Metro de Lisboa<\/h2>\n<p>[\/vc_column_text][vc_empty_space][vc_column_text]<img decoding=\"async\" class=\"alignnone size-full wp-image-14264\" src=\"https:\/\/holiday-active.com\/wp-content\/uploads\/2019\/05\/Metro-de-Lisboa-DiagramadaRede_2019-1.png\" alt=\"Metro de Lisboa\" width=\"1080\" height=\"764\" srcset=\"https:\/\/holiday-active.com\/wp-content\/uploads\/2019\/05\/Metro-de-Lisboa-DiagramadaRede_2019-1.png 1080w, https:\/\/holiday-active.com\/wp-content\/uploads\/2019\/05\/Metro-de-Lisboa-DiagramadaRede_2019-1-768x543.png 768w\" sizes=\"(max-width: 1080px) 100vw, 1080px\" \/><\/p>\n<p>A rede do Metropolitano de Lisboa cobre grande parte de Lisboa. Constitu\u00edda por quatro linhas que s\u00e3o organizadas por cores \u2013 azul, amarela, verde e vermelha \u2013 e conta com cerca de 50 esta\u00e7\u00f5es. Inclusive tem uma esta\u00e7\u00e3o no Aeroporto de Lisboa (linha vermelha), o que \u00e9 uma excelente op\u00e7\u00e3o para quem chega \u00e0 cidade.<\/p>\n<p>Os bilhetes podem ser comprados nos guichets ou m\u00e1quinas autom\u00e1ticas. Na sua primeira viagem ter\u00e1 que adquirir o Cart\u00e3o Lisboa Viva (aprox 0,50\u20ac), que \u00e9 recarreg\u00e1vel e tem a dura\u00e7\u00e3o de 1 ano. Pode carregar o seu cart\u00e3o com o valor de uma viagem, bilhete di\u00e1rio ou Zapping, um carregamento de valor fixo, que fica em cr\u00e9dito, para ir abatendo em diversas utiliza\u00e7\u00f5es.<\/p>\n<p>Poder\u00e1 em alternaiva optar pelo Bilhete Travelling all Lisboa. Um s\u00f3 bilhete e v\u00e1rios meios de transporte. Viaje por 24 horas nos Comboios Urbanos de Lisboa, nos autocarros, elevadores, ascensores e el\u00e9tricos da Carris e no Metro de Lisboa. Entre e saia as vezes que quiser. Este bilhete \u00e9 adquirido nos mesmos locais que o cart\u00e3o Lisboa Viva e tem o valor aproximado de 11\u20ac<\/p>\n<p>Todos ao bilhetes tem que ser validados no torniquete \u00e0 entrada e sa\u00edda da plataforma da esta\u00e7\u00e3o.<\/p>\n<p>Cada cart\u00e3o \u00e9 pessoal. Se o grupo for de tr\u00eas pessoas ter\u00e1 que adquirir 3 cart\u00f5es[\/vc_column_text][vc_empty_space][\/vc_column][\/vc_row][vc_row][vc_column][vc_empty_space][vc_column_text]<\/p>\n<h2>El\u00e9ctricos<\/h2>\n<p>[\/vc_column_text][vc_empty_space][vc_column_text]<img decoding=\"async\" class=\"alignnone size-full wp-image-14266\" src=\"https:\/\/holiday-active.com\/wp-content\/uploads\/2019\/05\/getting-around-lisbon-by-tram-_102016066.jpeg\" alt=\"gettiing around lisbon by tram\" width=\"1200\" height=\"500\" srcset=\"https:\/\/holiday-active.com\/wp-content\/uploads\/2019\/05\/getting-around-lisbon-by-tram-_102016066.jpeg 1200w, https:\/\/holiday-active.com\/wp-content\/uploads\/2019\/05\/getting-around-lisbon-by-tram-_102016066-768x320.jpeg 768w\" sizes=\"(max-width: 1200px) 100vw, 1200px\" \/><\/p>\n<p>O carism\u00e1tico el\u00e9ctrico que percorre as ruas de Alfama, Gra\u00e7a, Castelo, Chiado, Barro Alto e Bel\u00e9m s\u00e3o uma atra\u00e7\u00e3o tur\u00edstica e meio de transporte da popula\u00e7\u00e3o da cidade.<\/p>\n<p>Os bilhetes podem ser adquiridos no el\u00e9ctrico, sendo mais barato utilizar o Cart\u00e3o Lisboa Viva, o mesmo que \u00e9 usado no metro. Caso ainda n\u00e3o o tenha adquirido, poder\u00e1 faz\u00ea-lo num dos v\u00e1rios terminais rodovi\u00e1rios ou quiosques espalhados pela cidade[\/vc_column_text][vc_empty_space][\/vc_column][\/vc_row][vc_row][vc_column][vc_empty_space][vc_column_text]<\/p>\n<h2>Autocarros<\/h2>\n<p>[\/vc_column_text][vc_empty_space][vc_column_text]Lisboa tem uma boa rede de autocarros, com 78 linhas no total. Para simular o seu percurso e saber qual o autocarro a apanhar para o seu destino clique<a href=\"http:\/\/www.carris.pt\/pt\/simuladores\/\" target=\"_blank\" rel=\"noopener noreferrer\"> aqui.<\/a><\/p>\n<p>Tamb\u00e9m aqui utilizar\u00e1 o seu Cart\u00e3o Lisboa Viva[\/vc_column_text][vc_empty_space][\/vc_column][\/vc_row][vc_row][vc_column][vc_empty_space][vc_column_text]<\/p>\n<h2>Comboios<\/h2>\n<p>[\/vc_column_text][vc_empty_space][vc_column_text]Na zona metropolitana de Lisboa opera a Linha de Sintra e a Linha de Cascais.<\/p>\n<p>O pre\u00e7o da viagem de comboio varia de acordo com o seu destino. Aqui o cart\u00e3o Lisboa Viva n\u00e3o \u00e9 v\u00e1lido, mas sim o Cart\u00e3o Viva Viagem. Funciona de modo id\u00eantico ao da Lisboa Viva e poder\u00e1 ser adquirido nos guich\u00eas das esta\u00e7\u00f5es de comboios ou m\u00e1quinas autom\u00e1ticas<\/p>\n<p>Na esta\u00e7\u00e3o de Santa Apol\u00f3nia, Entrecampos, Sete Rios e Gare do Oriente poder\u00e1 apanhar o comboio para a restante parte do Pa\u00eds<\/p>\n<p>Para aceder ao mapa da zona metropolitana de Lisboa, clique\u00a0<a href=\"https:\/\/holiday-active.com\/wp-content\/uploads\/2019\/05\/ligacao-cp-metro-lisboa-baixa.pdf\" target=\"_blank\" rel=\"noopener noreferrer\">aqui<\/a>[\/vc_column_text][vc_empty_space][\/vc_column][\/vc_row][vc_row][vc_column][vc_empty_space][vc_column_text]<\/p>\n<h2>Taxi e Uber<\/h2>\n<p>[\/vc_column_text][vc_empty_space][vc_column_text]Os t\u00e1xis de cor preta com tejadilho verde ou todos beges circulam por toda a cidade e por vezes pode ser um solu\u00e7\u00e3o mais pr\u00e1tica e econ\u00f4mica, principalmente se for um grupo (m\u00e1ximo de 4 pax). Do aeroporto at\u00e9 ao Marqu\u00eas de Pombal ou Parque da Na\u00e7\u00f5es n\u00e3o dever\u00e1 pagar mais que 12\u20ac, dependendo da Bagagem. At\u00e9 Cascais, conte com um valor aproximado de 60\u20ac<\/p>\n<p>A Uber tamb\u00e9m opera em Portugal e por vezes sai mais barato que o t\u00e1xi[\/vc_column_text][vc_empty_space][\/vc_column][\/vc_row][vc_row][vc_column][vc_empty_space][vc_column_text]<\/p>\n<h2>Bicicletas<\/h2>\n<p>[\/vc_column_text][vc_empty_space][vc_column_text]Pode alugar uma bicicleta numa loja tradicional ou recorrer a de uma das muitas espalhadas por Lisboa. Estas bicicletas pertencem a diversas empresas e ter\u00e1 que descarregar uma aplica\u00e7\u00e3o no seu telem\u00f3vel para as poder utilizar. Caso seja j\u00e1 cliente da Uber poder\u00e1 recorrer a uma das sua bicicletas, facilmente reconhec\u00edveis pelo a sua cor encarnada viva, e economiza o trabalho de configurar uma nova app[\/vc_column_text][vc_empty_space][\/vc_column][\/vc_row][vc_row][vc_column][vc_empty_space][vc_column_text]<\/p>\n<h2>Hop On Hop Off<\/h2>\n<p>[\/vc_column_text][vc_empty_space][vc_raw_html]JTNDZGl2JTIwZGF0YS1neWctcGFydG5lci1pZCUzRCUyMjU2UFE0VVklMjIlMjBkYXRhLWd5Zy1udW1iZXItb2YtaXRlbXMlM0QlMjI0JTIyJTIwZGF0YS1neWctY3VycmVuY3klM0QlMjJFVVIlMjIlMjBkYXRhLWd5Zy1sb2NhbGUtY29kZSUzRCUyMnB0LVBUJTIyJTIwZGF0YS1neWctaWQlM0QlMjJjb2RlLWV4YW1wbGUlMjIlMjBkYXRhLWd5Zy10b3VyLWlkcyUzRCUyMjYzNDE5JTJDMTUxMjIlMkM2MzMyNiUyQzEwMjElMjIlMjBkYXRhLWd5Zy13aWRnZXQlM0QlMjJhY3Rpdml0ZXMlMjIlMjBkYXRhLWd5Zy1ocmVmJTNEJTIyaHR0cHMlM0ElMkYlMkZ3aWRnZXQuZ2V0eW91cmd1aWRlLmNvbSUyRjU2UFE0VVklMkZhY3Rpdml0aWVzLmZyYW1lJTIyJTNFJTNDJTJGZGl2JTNFJTBBJTNDc2NyaXB0JTIwYXN5bmMlMjBkZWZlciUyMHNyYyUzRCUyMmh0dHBzJTNBJTJGJTJGd2lkZ2V0LmdldHlvdXJndWlkZS5jb20lMkZ2MiUyRndpZGdldC5qcyUyMiUyMHJlbCUzRCUyMm5vZm9sbG93JTIyJTNFJTNDJTJGc2NyaXB0JTNFJTBBJTBB[\/vc_raw_html][vc_empty_space][vc_column_text]Uma \u00f3tima op\u00e7\u00e3o para quem se quer primeiro orientar um pouco na cidade e depois explorar com calma o que mais gostou de ver.<\/p>\n<p>Ou, para quem vem com pouco tempo e pretende ver o m\u00e1ximo poss\u00edvel de Lisboa. Tente, no entanto, evitar a hora de ponta.<\/p>\n<p>Os ingressos podem ser combinados para incluir passeios de autocarro, el\u00e9ctrico e barco e s\u00e3o v\u00e1lidos por 24, 48 ou 72 horas.[\/vc_column_text][vc_empty_space][\/vc_column][\/vc_row][vc_row][vc_column][vc_empty_space][vc_column_text]<\/p>\n<h2>HippoTrip Tours<\/h2>\n<p>[\/vc_column_text][vc_empty_space][vc_column_text]<img decoding=\"async\" class=\"alignnone size-full wp-image-14272\" src=\"https:\/\/holiday-active.com\/wp-content\/uploads\/2019\/05\/Getting-around-Hippotrip-DSC_0556.jpg\" alt=\"Getting around lisbon. Hippotrip\" width=\"1200\" height=\"500\" srcset=\"https:\/\/holiday-active.com\/wp-content\/uploads\/2019\/05\/Getting-around-Hippotrip-DSC_0556.jpg 1200w, https:\/\/holiday-active.com\/wp-content\/uploads\/2019\/05\/Getting-around-Hippotrip-DSC_0556-768x320.jpg 768w\" sizes=\"(max-width: 1200px) 100vw, 1200px\" \/><\/p>\n<p>Tenho que mencionar este tour pois \u00e9 uma verdadeira del\u00edcia, e n\u00e3o s\u00f3 para as crian\u00e7as!<\/p>\n<p>Um tour muito animado e interactivo num ve\u00edculo anf\u00edbio com a dura\u00e7\u00e3o de 90 minutos que nos conduz pelo cora\u00e7\u00e3o da cidade e depois mergulha no rio Tejo. \u00c9 um autocarro, \u00e9 um barco, \u00e9 muito divertido!<\/p>\n<p>Hippo, Hippo, Urra!!!<\/p>\n<p><a href=\"https:\/\/www.getyourguide.com\/lisbon-l42\/lisbon-hippotrip-amphibious-tour-t75896\/?partner_id=56PQ4UY&amp;utm_medium=online_publisher&amp;placement=%22other%22\" target=\"_blank\" rel=\"noopener\">Garanta J\u00e1 o seu lugar abordo &#8211; Adquira aqui o seu Bilhete<\/a>[\/vc_column_text][vc_empty_space][\/vc_column][\/vc_row]<\/p>\n<\/div>","protected":false},"excerpt":{"rendered":"<p>[vc_row full_width=&#8221;stretch_row&#8221; bg_type=&#8221;image&#8221; parallax_style=&#8221;vcpb-default&#8221; bg_image_new=&#8221;id^6033|url^https:\/\/suncarsgroup.comwp-content\/uploads\/2015\/01\/rent-porsche-spain.jpg|caption^null|alt^null|title^rent-porsche-spain|description^null&#8221; bg_override=&#8221;full&#8221; css=&#8221;.vc_custom_1557210659966{margin-top: 0px !important;padding-top: 150px !important;padding-bottom: 150px !important;background-image: url(https:\/\/holiday-active.com\/wp-content\/uploads\/2019\/05\/getting-around-Lisbon-.jpg?id=14262) !important;background-position: center !important;background-repeat: no-repeat !important;background-size: cover !important;}&#8221;][vc_column css=&#8221;.vc_custom_1478894705020{padding-top: 100px !important;padding-bottom: 100px !important;}&#8221;][\/vc_column][\/vc_row][vc_row][vc_column][vc_empty_space][vc_column_text] Transportes em Lisboa [\/vc_column_text][vc_empty_space][vc_column_text]Lisboa, especialmente no seu centro hist\u00f3rico, \u00e9 pass\u00edvel de ser explorada a p\u00e9 embora as suas 7 colinas e cal\u00e7ada portuguesa possam de algum modo incentiv\u00e1-lo [&hellip;]<\/p>\n","protected":false},"author":1,"featured_media":0,"parent":0,"menu_order":0,"comment_status":"closed","ping_status":"closed","template":"","meta":{"_monsterinsights_skip_tracking":false,"_monsterinsights_sitenote_active":false,"_monsterinsights_sitenote_note":"","_monsterinsights_sitenote_category":0,"footnotes":""},"class_list":["post-14257","page","type-page","status-publish","has-post-thumbnail","hentry"],"yoast_head":"<!-- This site is optimized with the Yoast SEO plugin v27.2 - https:\/\/yoast.com\/product\/yoast-seo-wordpress\/ -->\n<title>Transportes em Lisboa | holiday-active.com<\/title>\n<meta name=\"robots\" content=\"index, follow, max-snippet:-1, max-image-preview:large, max-video-preview:-1\" \/>\n<link rel=\"canonical\" href=\"https:\/\/holiday-active.com\/pt-pt\/transportes-em-lisboa\/\" \/>\n<meta property=\"og:locale\" content=\"pt_PT\" \/>\n<meta property=\"og:type\" content=\"article\" \/>\n<meta property=\"og:title\" content=\"Transportes em Lisboa | holiday-active.com\" \/>\n<meta property=\"og:description\" content=\"[vc_row full_width=&#8221;stretch_row&#8221; bg_type=&#8221;image&#8221; parallax_style=&#8221;vcpb-default&#8221; bg_image_new=&#8221;id^6033|url^https:\/\/suncarsgroup.comwp-content\/uploads\/2015\/01\/rent-porsche-spain.jpg|caption^null|alt^null|title^rent-porsche-spain|description^null&#8221; bg_override=&#8221;full&#8221; css=&#8221;.vc_custom_1557210659966{margin-top: 0px !important;padding-top: 150px !important;padding-bottom: 150px !important;background-image: url(https:\/\/holiday-active.com\/wp-content\/uploads\/2019\/05\/getting-around-Lisbon-.jpg?id=14262) !important;background-position: center !important;background-repeat: no-repeat !important;background-size: cover !important;}&#8221;][vc_column css=&#8221;.vc_custom_1478894705020{padding-top: 100px !important;padding-bottom: 100px !important;}&#8221;][\/vc_column][\/vc_row][vc_row][vc_column][vc_empty_space][vc_column_text] Transportes em Lisboa [\/vc_column_text][vc_empty_space][vc_column_text]Lisboa, especialmente no seu centro hist\u00f3rico, \u00e9 pass\u00edvel de ser explorada a p\u00e9 embora as suas 7 colinas e cal\u00e7ada portuguesa possam de algum modo incentiv\u00e1-lo [&hellip;]\" \/>\n<meta property=\"og:url\" content=\"https:\/\/holiday-active.com\/pt-pt\/transportes-em-lisboa\/\" \/>\n<meta property=\"og:site_name\" content=\"holiday-active.com\" \/>\n<meta property=\"article:publisher\" content=\"https:\/\/www.facebook.com\/holidayactive\" \/>\n<meta property=\"article:modified_time\" content=\"2022-01-03T20:00:00+00:00\" \/>\n<meta property=\"og:image\" content=\"https:\/\/holiday-active.com\/wp-content\/uploads\/2019\/05\/Metro-de-Lisboa-DiagramadaRede_2019-1.png\" \/>\n<meta name=\"twitter:card\" content=\"summary_large_image\" \/>\n<meta name=\"twitter:label1\" content=\"Tempo estimado de leitura\" \/>\n\t<meta name=\"twitter:data1\" content=\"6 minutos\" \/>\n<script type=\"application\/ld+json\" class=\"yoast-schema-graph\">{\"@context\":\"https:\/\/schema.org\",\"@graph\":[{\"@type\":\"WebPage\",\"@id\":\"https:\/\/holiday-active.com\/pt-pt\/transportes-em-lisboa\/\",\"url\":\"https:\/\/holiday-active.com\/pt-pt\/transportes-em-lisboa\/\",\"name\":\"Transportes em Lisboa | holiday-active.com\",\"isPartOf\":{\"@id\":\"https:\/\/holiday-active.com\/#website\"},\"primaryImageOfPage\":{\"@id\":\"https:\/\/holiday-active.com\/pt-pt\/transportes-em-lisboa\/#primaryimage\"},\"image\":{\"@id\":\"https:\/\/holiday-active.com\/pt-pt\/transportes-em-lisboa\/#primaryimage\"},\"thumbnailUrl\":\"https:\/\/holiday-active.com\/wp-content\/uploads\/2019\/05\/Metro-de-Lisboa-DiagramadaRede_2019-1.png\",\"datePublished\":\"2019-05-17T13:58:10+00:00\",\"dateModified\":\"2022-01-03T20:00:00+00:00\",\"breadcrumb\":{\"@id\":\"https:\/\/holiday-active.com\/pt-pt\/transportes-em-lisboa\/#breadcrumb\"},\"inLanguage\":\"pt-PT\",\"potentialAction\":[{\"@type\":\"ReadAction\",\"target\":[\"https:\/\/holiday-active.com\/pt-pt\/transportes-em-lisboa\/\"]}]},{\"@type\":\"ImageObject\",\"inLanguage\":\"pt-PT\",\"@id\":\"https:\/\/holiday-active.com\/pt-pt\/transportes-em-lisboa\/#primaryimage\",\"url\":\"https:\/\/holiday-active.com\/wp-content\/uploads\/2019\/05\/Metro-de-Lisboa-DiagramadaRede_2019-1.png\",\"contentUrl\":\"https:\/\/holiday-active.com\/wp-content\/uploads\/2019\/05\/Metro-de-Lisboa-DiagramadaRede_2019-1.png\"},{\"@type\":\"BreadcrumbList\",\"@id\":\"https:\/\/holiday-active.com\/pt-pt\/transportes-em-lisboa\/#breadcrumb\",\"itemListElement\":[{\"@type\":\"ListItem\",\"position\":1,\"name\":\"Home\",\"item\":\"https:\/\/holiday-active.com\/pt-pt\/\"},{\"@type\":\"ListItem\",\"position\":2,\"name\":\"Transportes em Lisboa\"}]},{\"@type\":\"WebSite\",\"@id\":\"https:\/\/holiday-active.com\/#website\",\"url\":\"https:\/\/holiday-active.com\/\",\"name\":\"holiday-active.com\",\"description\":\"Traveling in Portugal\",\"potentialAction\":[{\"@type\":\"SearchAction\",\"target\":{\"@type\":\"EntryPoint\",\"urlTemplate\":\"https:\/\/holiday-active.com\/?s={search_term_string}\"},\"query-input\":{\"@type\":\"PropertyValueSpecification\",\"valueRequired\":true,\"valueName\":\"search_term_string\"}}],\"inLanguage\":\"pt-PT\"}]}<\/script>\n<!-- \/ Yoast SEO plugin. -->","yoast_head_json":{"title":"Transportes em Lisboa | holiday-active.com","robots":{"index":"index","follow":"follow","max-snippet":"max-snippet:-1","max-image-preview":"max-image-preview:large","max-video-preview":"max-video-preview:-1"},"canonical":"https:\/\/holiday-active.com\/pt-pt\/transportes-em-lisboa\/","og_locale":"pt_PT","og_type":"article","og_title":"Transportes em Lisboa | holiday-active.com","og_description":"[vc_row full_width=&#8221;stretch_row&#8221; bg_type=&#8221;image&#8221; parallax_style=&#8221;vcpb-default&#8221; bg_image_new=&#8221;id^6033|url^https:\/\/suncarsgroup.comwp-content\/uploads\/2015\/01\/rent-porsche-spain.jpg|caption^null|alt^null|title^rent-porsche-spain|description^null&#8221; bg_override=&#8221;full&#8221; css=&#8221;.vc_custom_1557210659966{margin-top: 0px !important;padding-top: 150px !important;padding-bottom: 150px !important;background-image: url(https:\/\/holiday-active.com\/wp-content\/uploads\/2019\/05\/getting-around-Lisbon-.jpg?id=14262) !important;background-position: center !important;background-repeat: no-repeat !important;background-size: cover !important;}&#8221;][vc_column css=&#8221;.vc_custom_1478894705020{padding-top: 100px !important;padding-bottom: 100px !important;}&#8221;][\/vc_column][\/vc_row][vc_row][vc_column][vc_empty_space][vc_column_text] Transportes em Lisboa [\/vc_column_text][vc_empty_space][vc_column_text]Lisboa, especialmente no seu centro hist\u00f3rico, \u00e9 pass\u00edvel de ser explorada a p\u00e9 embora as suas 7 colinas e cal\u00e7ada portuguesa possam de algum modo incentiv\u00e1-lo [&hellip;]","og_url":"https:\/\/holiday-active.com\/pt-pt\/transportes-em-lisboa\/","og_site_name":"holiday-active.com","article_publisher":"https:\/\/www.facebook.com\/holidayactive","article_modified_time":"2022-01-03T20:00:00+00:00","og_image":[{"url":"https:\/\/holiday-active.com\/wp-content\/uploads\/2019\/05\/Metro-de-Lisboa-DiagramadaRede_2019-1.png","type":"","width":"","height":""}],"twitter_card":"summary_large_image","twitter_misc":{"Tempo estimado de leitura":"6 minutos"},"schema":{"@context":"https:\/\/schema.org","@graph":[{"@type":"WebPage","@id":"https:\/\/holiday-active.com\/pt-pt\/transportes-em-lisboa\/","url":"https:\/\/holiday-active.com\/pt-pt\/transportes-em-lisboa\/","name":"Transportes em Lisboa | holiday-active.com","isPartOf":{"@id":"https:\/\/holiday-active.com\/#website"},"primaryImageOfPage":{"@id":"https:\/\/holiday-active.com\/pt-pt\/transportes-em-lisboa\/#primaryimage"},"image":{"@id":"https:\/\/holiday-active.com\/pt-pt\/transportes-em-lisboa\/#primaryimage"},"thumbnailUrl":"https:\/\/holiday-active.com\/wp-content\/uploads\/2019\/05\/Metro-de-Lisboa-DiagramadaRede_2019-1.png","datePublished":"2019-05-17T13:58:10+00:00","dateModified":"2022-01-03T20:00:00+00:00","breadcrumb":{"@id":"https:\/\/holiday-active.com\/pt-pt\/transportes-em-lisboa\/#breadcrumb"},"inLanguage":"pt-PT","potentialAction":[{"@type":"ReadAction","target":["https:\/\/holiday-active.com\/pt-pt\/transportes-em-lisboa\/"]}]},{"@type":"ImageObject","inLanguage":"pt-PT","@id":"https:\/\/holiday-active.com\/pt-pt\/transportes-em-lisboa\/#primaryimage","url":"https:\/\/holiday-active.com\/wp-content\/uploads\/2019\/05\/Metro-de-Lisboa-DiagramadaRede_2019-1.png","contentUrl":"https:\/\/holiday-active.com\/wp-content\/uploads\/2019\/05\/Metro-de-Lisboa-DiagramadaRede_2019-1.png"},{"@type":"BreadcrumbList","@id":"https:\/\/holiday-active.com\/pt-pt\/transportes-em-lisboa\/#breadcrumb","itemListElement":[{"@type":"ListItem","position":1,"name":"Home","item":"https:\/\/holiday-active.com\/pt-pt\/"},{"@type":"ListItem","position":2,"name":"Transportes em Lisboa"}]},{"@type":"WebSite","@id":"https:\/\/holiday-active.com\/#website","url":"https:\/\/holiday-active.com\/","name":"holiday-active.com","description":"Traveling in Portugal","potentialAction":[{"@type":"SearchAction","target":{"@type":"EntryPoint","urlTemplate":"https:\/\/holiday-active.com\/?s={search_term_string}"},"query-input":{"@type":"PropertyValueSpecification","valueRequired":true,"valueName":"search_term_string"}}],"inLanguage":"pt-PT"}]}},"_links":{"self":[{"href":"https:\/\/holiday-active.com\/pt-pt\/wp-json\/wp\/v2\/pages\/14257","targetHints":{"allow":["GET"]}}],"collection":[{"href":"https:\/\/holiday-active.com\/pt-pt\/wp-json\/wp\/v2\/pages"}],"about":[{"href":"https:\/\/holiday-active.com\/pt-pt\/wp-json\/wp\/v2\/types\/page"}],"author":[{"embeddable":true,"href":"https:\/\/holiday-active.com\/pt-pt\/wp-json\/wp\/v2\/users\/1"}],"replies":[{"embeddable":true,"href":"https:\/\/holiday-active.com\/pt-pt\/wp-json\/wp\/v2\/comments?post=14257"}],"version-history":[{"count":1,"href":"https:\/\/holiday-active.com\/pt-pt\/wp-json\/wp\/v2\/pages\/14257\/revisions"}],"predecessor-version":[{"id":17528,"href":"https:\/\/holiday-active.com\/pt-pt\/wp-json\/wp\/v2\/pages\/14257\/revisions\/17528"}],"wp:attachment":[{"href":"https:\/\/holiday-active.com\/pt-pt\/wp-json\/wp\/v2\/media?parent=14257"}],"curies":[{"name":"wp","href":"https:\/\/api.w.org\/{rel}","templated":true}]}}