{"id":13997,"date":"2019-04-24T07:13:11","date_gmt":"2019-04-24T07:13:11","guid":{"rendered":"https:\/\/holiday-active.com\/?page_id=13997"},"modified":"2022-04-17T19:55:57","modified_gmt":"2022-04-17T19:55:57","slug":"alojamento-em-portugal","status":"publish","type":"page","link":"https:\/\/holiday-active.com\/pt-pt\/alojamento-em-portugal\/","title":{"rendered":"Alojamento em Portugal"},"content":{"rendered":"<div class=\"wpb-content-wrapper\"><p>[vc_row full_width=&#8221;stretch_row&#8221; bg_type=&#8221;image&#8221; parallax_style=&#8221;vcpb-default&#8221; bg_image_new=&#8221;id^6033|url^https:\/\/suncarsgroup.comwp-content\/uploads\/2015\/01\/rent-porsche-spain.jpg|caption^null|alt^null|title^rent-porsche-spain|description^null&#8221; bg_override=&#8221;full&#8221; css=&#8221;.vc_custom_1555942209793{margin-top: 0px !important;padding-top: 0px !important;padding-bottom: 0px !important;background-image: url(https:\/\/holiday-active.com\/wp-content\/uploads\/2019\/04\/Accommodation-in-Portugal_136650499.jpeg?id=13992) !important;background-position: center !important;background-repeat: no-repeat !important;background-size: cover !important;}&#8221;][vc_column css=&#8221;.vc_custom_1478894705020{padding-top: 100px !important;padding-bottom: 100px !important;}&#8221;][vc_column_text]<\/p>\n<h3><span style=\"font-weight: 400;\">Reserve j\u00e1 o seu alojamento em Portugal ou em qualquer lugar do mundo.<\/span><\/h3>\n<p>[\/vc_column_text][vc_raw_html]JTNDaW5zJTIwY2xhc3MlM0QlMjJib29raW5nYWZmJTIyJTIwZGF0YS1haWQlM0QlMjIxNzY0NTk5JTIyJTIwZGF0YS10YXJnZXRfYWlkJTNEJTIyMTc2NDU5OSUyMiUyMGRhdGEtcHJvZCUzRCUyMm5zYiUyMiUyMGRhdGEtd2lkdGglM0QlMjIxMDAlMjUlMjIlMjBkYXRhLWhlaWdodCUzRCUyMmF1dG8lMjIlMjBkYXRhLWxhbmclM0QlMjJwdCUyMiUzRSUwQSUyMCUyMCUyMCUyMCUzQyUyMS0tJTIwQW55dGhpbmclMjBpbnNpZGUlMjB3aWxsJTIwZ28lMjBhd2F5JTIwb25jZSUyMHdpZGdldCUyMGlzJTIwbG9hZGVkLiUyMC0tJTNFJTBBJTIwJTIwJTIwJTIwJTIwJTIwJTIwJTIwJTNDYSUyMGhyZWYlM0QlMjIlMkYlMkZ3d3cuYm9va2luZy5jb20lM0ZhaWQlM0QxNzY0NTk5JTIyJTIwcmVsJTNEJUUyJTgwJTlEbm9mb2xsb3clRTIlODAlOUQlM0VCb29raW5nLmNvbSUzQyUyRmElM0UlMEElM0MlMkZpbnMlM0UlMEElM0NzY3JpcHQlMjB0eXBlJTNEJTIydGV4dCUyRmphdmFzY3JpcHQlMjIlM0UlMEElMjAlMjAlMjAlMjAlMjhmdW5jdGlvbiUyOGQlMkMlMjBzYyUyQyUyMHUlMjklMjAlN0IlMEElMjAlMjAlMjAlMjAlMjAlMjB2YXIlMjBzJTIwJTNEJTIwZC5jcmVhdGVFbGVtZW50JTI4c2MlMjklMkMlMjBwJTIwJTNEJTIwZC5nZXRFbGVtZW50c0J5VGFnTmFtZSUyOHNjJTI5JTVCMCU1RCUzQiUwQSUyMCUyMCUyMCUyMCUyMCUyMHMudHlwZSUyMCUzRCUyMCUyN3RleHQlMkZqYXZhc2NyaXB0JTI3JTNCJTBBJTIwJTIwJTIwJTIwJTIwJTIwcy5hc3luYyUyMCUzRCUyMHRydWUlM0IlMEElMjAlMjAlMjAlMjAlMjAlMjBzLnNyYyUyMCUzRCUyMHUlMjAlMkIlMjAlMjclM0Z2JTNEJTI3JTIwJTJCJTIwJTI4JTJCbmV3JTIwRGF0ZSUyOCUyOSUyOSUzQiUwQSUyMCUyMCUyMCUyMCUyMCUyMHAucGFyZW50Tm9kZS5pbnNlcnRCZWZvcmUlMjhzJTJDcCUyOSUzQiUwQSUyMCUyMCUyMCUyMCUyMCUyMCU3RCUyOSUyOGRvY3VtZW50JTJDJTIwJTI3c2NyaXB0JTI3JTJDJTIwJTI3JTJGJTJGYWZmLmJzdGF0aWMuY29tJTJGc3RhdGljJTJGYWZmaWxpYXRlX2Jhc2UlMkZqcyUyRmZsZXhpcHJvZHVjdC5qcyUyNyUyOSUzQiUwQSUzQyUyRnNjcmlwdCUzRQ==[\/vc_raw_html][\/vc_column][\/vc_row][vc_row][vc_column][vc_empty_space][vc_column_text]<\/p>\n<h2>Alojamento em Portugal<\/h2>\n<p>&nbsp;<\/p>\n<p>Existem v\u00e1rios os tipos de alojamento tur\u00edsticos em Portugal: Hotel, turismo rural, alojamento local, hostel e pousadas. Tantas op\u00e7\u00f5es que n\u00e3o sabe o que escolher?<\/p>\n<p>Siga as nossas dicas e sugest\u00f5es<\/p>\n<p>&nbsp;<\/p>\n<ul>\n<li><strong>N\u00e3o deixe para a \u00faltima hora<br \/>\n<\/strong>Haver\u00e1 sempre um s\u00edtio para ficar, mas bom e barato, esses s\u00e3o sempre os primeiros a serem escolhidos. N\u00e3o fique com as sobras dos outros e organize-se atempadamente.<\/li>\n<\/ul>\n<p>&nbsp;<\/p>\n<ul>\n<li><strong>Verifique o local exacto do alojamento.<br \/>\n<\/strong>Os locais mais centrais s\u00e3o um pouco mais caros. Mas tenha aten\u00e7\u00e3o que o alojamento perfeito na periferia n\u00e3o lhe v\u00e1 custar uma pequena fortuna ou tempo, em desloca\u00e7\u00f5es.<\/li>\n<\/ul>\n<p>&nbsp;<\/p>\n<ul>\n<li><strong>Alojamento local<\/strong><br \/>\nSe viajar em grupo ou em fam\u00edlia pondere em alugar uma apartamento ou casa em vez de uma s\u00e9rie de quartos \u00a0Ter\u00e1 o conforto de casa, num ambiente menos tur\u00edstico e provavelmente pagar\u00e1 uma fra\u00e7\u00e3o do que pagaria num hotel.<\/li>\n<\/ul>\n<p>&nbsp;<\/p>\n<ul>\n<li><strong>Tente arranjar um alojamento com cozinha<\/strong><br \/>\nHostels, aparthotels e alojamento local com cozinha permite poupar na alimenta\u00e7\u00e3o.<\/li>\n<\/ul>\n<p>&nbsp;<\/p>\n<ul>\n<li><strong>Hostels, uma op\u00e7\u00e3o econ\u00f3mica<\/strong><br \/>\nOs Hostels portugueses t\u00eam ganho diversas pr\u00e9mios e recomenda\u00e7\u00f5es. Uma op\u00e7\u00e3o barata, havendo inclusive hostels que se parecem com verdadeiros hot\u00e9is. \u00c9 um ambiente divertido para quem gosta de conviver e n\u00e3o tem a privacidade como crit\u00e9rio essencial para um alojamento para f\u00e9rias. T\u00eam normalmente quartos com dormit\u00f3rio, havendo alguns com quartos privativos.<\/li>\n<\/ul>\n<p>&nbsp;<\/p>\n<ul>\n<li><strong>Turismo Rural. Ideal para familias ou refugios romanticos<\/strong><br \/>\nO turismo rural \u00e9 cada vez mais popular. Num ambiente rural, menos tur\u00edstico, em pleno contacto com a natureza. \u00d3timo para passeios, atividades outdoor, relaxar e conhecer o processo de produ\u00e7\u00e3o agr\u00edcola de algumas dessas unidades. Normalmente vinho, azeites, corti\u00e7a, animal e\/ou seus derivados.<\/li>\n<\/ul>\n<p>&nbsp;<\/p>\n<ul>\n<li><strong>Pousadas de Portugal &#8211; Realeza<\/strong><br \/>\nPorque h\u00e1 coisas que devem ser experimentadas, pelo menos uma vez na vida. Castelos, conventos e pal\u00e1cios transformados em hot\u00e9is hist\u00f3ricos. Uma aut\u00eantica viagem no tempo em que se sente como uma rainha e vive o conto de fadas.<\/li>\n<\/ul>\n<p>[\/vc_column_text][\/vc_column][\/vc_row][vc_row][vc_column][vc_empty_space height=&#8221;48px&#8221;][vc_column_text]<\/p>\n<h2>Os melhores s\u00edtios para ficar Portugal<\/h2>\n<p>[\/vc_column_text][vc_empty_space][vc_column_text]<strong>Veja as nossas sugest\u00f5es de alojamento em Portugal, por localidade.<\/strong>[\/vc_column_text][\/vc_column][\/vc_row][vc_row][vc_column][vc_empty_space height=&#8221;24px&#8221;][vc_separator][vc_empty_space height=&#8221;24px&#8221;][\/vc_column][\/vc_row][vc_row][vc_column width=&#8221;1\/6&#8243;][vc_column_text]<\/p>\n<h3>Norte<\/h3>\n<p><a href=\"\/?page_id=11056#3dca09c8-f4f0-9\" target=\"_blank\" rel=\"noopener noreferrer\">Porto<\/a><br \/>\n<a href=\"\/?page_id=12137#3dca09c8-f4f0-9\" target=\"_blank\" rel=\"noopener noreferrer\">Aveiro<\/a><br \/>\n<a href=\"\/?page_id=13108#3dca09c8-f4f0-9db95-c649\" target=\"_blank\" rel=\"noopener noreferrer\">Guimar\u00e3es\u00a0<\/a><br \/>\n<a href=\"\/?page_id=13345#3dca09c8-f4f0-9594a-5a49\" target=\"_blank\" rel=\"noopener noreferrer\">Braga<\/a>[\/vc_column_text][\/vc_column][vc_column width=&#8221;1\/6&#8243;][vc_column_text]<\/p>\n<h3>Centro<\/h3>\n<p><a href=\"\/?page_id=12330#3dca09c8-f4f0-9adb5-5edc\" target=\"_blank\" rel=\"noopener noreferrer\">\u00d3bidos<\/a><br \/>\n<a href=\"\/?page_id=12213#3dca09c8-f4f0-9640f-7555\" target=\"_blank\" rel=\"noopener noreferrer\">Alcoba\u00e7a<\/a><br \/>\n<a href=\"\/?page_id=12243#3dca09c8-f4f0-9d6d4-ec15\" target=\"_blank\" rel=\"noopener noreferrer\">Nazar\u00e9<\/a><br \/>\n<a href=\"\/?page_id=12360#3dca09c8-f4f0-9b323-9b48\" target=\"_blank\" rel=\"noopener noreferrer\">Batalha<\/a><br \/>\n<a href=\"\/?page_id=12448#3dca09c8-f4f0-90681-7f43\" target=\"_blank\" rel=\"noopener noreferrer\">Tomar<\/a><br \/>\n<a href=\"\/?page_id=12494#3dca09c8-f4f0-9a88d-b0e3\" target=\"_blank\" rel=\"noopener noreferrer\">Serra da Estrela<\/a><br \/>\n<a href=\"https:\/\/holiday-active.com\/pt-pt\/aldeias-historicas-de-portugal\/\" target=\"_blank\" rel=\"noopener\">Aldeias Hist\u00f3ricas<\/a>[\/vc_column_text][\/vc_column][vc_column width=&#8221;1\/6&#8243;][vc_column_text]<\/p>\n<h3>Lisboa<\/h3>\n<p><a href=\"\/?page_id=10876#3dca09c8-f4f0-9\" target=\"_blank\" rel=\"noopener noreferrer\">Lisboa<\/a><br \/>\n<a href=\"https:\/\/holiday-active.com\/pt-pt\/o-que-visitar-em-cascais-uma-vila-de-charme-e-cultura\/#3dca09c8-f4f0-9db95-c649124f-8b05\" target=\"_blank\" rel=\"noopener noreferrer\">Cascais<\/a><br \/>\n<a href=\"\/?page_id=10774#3dca09c8-f4f0-9\" target=\"_blank\" rel=\"noopener noreferrer\">Sintra<\/a><br \/>\n<a href=\"https:\/\/holiday-active.com\/pt-pt\/o-que-visitar-em-mafra-o-itinerario-para-um-dia-perfeito\/\" target=\"_blank\" rel=\"noopener\">Mafra<\/a><br \/>\n<a href=\"https:\/\/holiday-active.com\/pt-pt\/porque-deve-visitar-sesimbra\/\" target=\"_blank\" rel=\"noopener\">Sesimbra<\/a>[\/vc_column_text][\/vc_column][vc_column width=&#8221;1\/6&#8243;][vc_column_text]<\/p>\n<h3>Alentejo<\/h3>\n<p><a href=\"\/?page_id=13020#3dca09c8-f4f0-9917a-a36d\" target=\"_blank\" rel=\"noopener noreferrer\">Castelo de Vide<\/a><br \/>\n<a href=\"\/?page_id=12778#3dca09c8-f4f0-92a79-8cba\" target=\"_blank\" rel=\"noopener noreferrer\">Marv\u00e3o<\/a><br \/>\n<a href=\"\/?page_id=13879#3dca09c8-f4f0-9db95-c6498277-a4a8\" target=\"_blank\" rel=\"noopener noreferrer\">Arraiolos<\/a><br \/>\n<a href=\"\/?page_id=13944#3dca09c8-f4f0-9db95-c649b55a-6099\" target=\"_blank\" rel=\"noopener noreferrer\">\u00c9vora Monte<\/a><br \/>\n<a href=\"\/?page_id=13627#3dca09c8-f4f0-9089d-c0a4\" target=\"_blank\" rel=\"noopener noreferrer\">Vila Vi\u00e7osa<\/a><br \/>\n<a href=\"\/?page_id=13776#3dca09c8-f4f0-9db95-c649e1ea-88fe\" target=\"_blank\" rel=\"noopener noreferrer\">Elvas<\/a><br \/>\n<a href=\"\/?page_id=12877#3dca09c8-f4f0-9003d-538c\" target=\"_blank\" rel=\"noopener noreferrer\">Monsaraz<\/a><br \/>\n<a href=\"https:\/\/holiday-active.com\/pt-pt\/alqueva-descubra-o-grande-lago-no-alentejo\/#3dca09c8-f4f0-92de6-8edc\" target=\"_blank\" rel=\"noopener noreferrer\">Alqueva<\/a>[\/vc_column_text][\/vc_column][vc_column width=&#8221;1\/6&#8243;][vc_column_text]<\/p>\n<h3>Alentejo<\/h3>\n<p><a href=\"https:\/\/holiday-active.com\/pt-pt\/sines-terra-de-vasco-da-gama\/#3dca09c8-f4f0-9db95-c649be27-021d176a-1aa2e451-f082\" target=\"_blank\" rel=\"noopener\">Sines<\/a><br \/>\n<a href=\"https:\/\/holiday-active.com\/pt-pt\/porto-covo-uma-aldeia-cheia-de-caracter\/#3dca09c8-f4f0-9db95-c649be27-021d176a-1aa2cb16-cb83\" target=\"_blank\" rel=\"noopener\">Porto Covo<\/a><br \/>\n<a href=\"https:\/\/holiday-active.com\/pt-pt\/vila-nova-de-milfontes-entre-o-mar-e-o-rio\/#3dca09c8-f4f0-9db95-c649be27-021d176a-1aa23840-b3d9\" target=\"_blank\" rel=\"noopener\">V. Nova Milfontes<\/a><br \/>\n<a href=\"https:\/\/holiday-active.com\/pt-pt\/almograve-faca-uma-pausa-e-relaxe\/#3dca09c8-f4f0-9db95-c649be27-021d176a-1aa2a83a-d262\" target=\"_blank\" rel=\"noopener\">Almograve<\/a><br \/>\n<a href=\"https:\/\/holiday-active.com\/pt-pt\/zambujeira-do-mar-uma-combinacao-perfeita-de-sol-mar-e-boa-comida\/#3dca09c8-f4f0-9db95-c649be27-021d176a-1aa27916-c448\" target=\"_blank\" rel=\"noopener\">Zambujeira<\/a><br \/>\n<a href=\"https:\/\/holiday-active.com\/pt-pt\/o-refugio-de-amalia-rodrigues\/#3dca09c8-f4f0-9db95-c649be27-021d176a-1aa28ddb-2aaa\" target=\"_blank\" rel=\"noopener\">Brej\u00e3o<\/a><br \/>\n<a href=\"https:\/\/holiday-active.com\/pt-pt\/o-que-visitar-em-odemira\/#3dca09c8-f4f0-9db95-c649be27-021d176a-1aa2fa5d-5cd4\" target=\"_blank\" rel=\"noopener\">Odemira<\/a><br \/>\n<a href=\"https:\/\/holiday-active.com\/pt-pt\/barragem-de-santa-clara\/#3dca09c8-f4f0-9db95-c649be27-021d176a-1aa2be78-e8d7\" target=\"_blank\" rel=\"noopener\">B. Sta Clara<\/a><br \/>\n<a href=\"https:\/\/holiday-active.com\/pt-pt\/onde-o-alentejo-encontra-o-algarve\/#3dca09c8-f4f0-9db95-c649be27-021d176a-1aa24bf5-e458\" target=\"_blank\" rel=\"noopener\">Odeceixe<\/a>[\/vc_column_text][\/vc_column][vc_column width=&#8221;1\/6&#8243;][vc_column_text]<\/p>\n<h3>Algarve<\/h3>\n<p><a href=\"\/?page_id=11561\" target=\"_blank\" rel=\"noopener noreferrer\">Algarve<\/a><br \/>\n<a href=\"https:\/\/holiday-active.com\/pt-pt\/location\/costa-vicentina\/\" target=\"_blank\" rel=\"noopener\">C. Vicentina<\/a>[\/vc_column_text][\/vc_column][\/vc_row][vc_row][vc_column][vc_empty_space height=&#8221;24px&#8221;][vc_separator][vc_empty_space height=&#8221;24px&#8221;][\/vc_column][\/vc_row][vc_row][vc_column][vc_empty_space][vc_column_text]Selecion\u00e1mos os alojamentos que gostar\u00edamos ou nos quais j\u00e1 fic\u00e1mos. Salientamos que n\u00e3o recebemos nenhum benef\u00edcio do hotel ou alojamento para este ser destacado.<\/p>\n<p>Desfrute de Portugal com holiday-active.com<\/p>\n<p>A holiday-active.com \u00e9 parceiro da booking.com\u00a0 o que significa que recebemos uma pequena comiss\u00e3o se reservar atrav\u00e9s dele. Isso n\u00e3o afeta de forma alguma o pre\u00e7o final, mas ajuda-nos a manter o site atualizado.[\/vc_column_text][vc_empty_space][\/vc_column][\/vc_row]<\/p>\n<\/div>","protected":false},"excerpt":{"rendered":"<p>[vc_row full_width=&#8221;stretch_row&#8221; bg_type=&#8221;image&#8221; parallax_style=&#8221;vcpb-default&#8221; bg_image_new=&#8221;id^6033|url^https:\/\/suncarsgroup.comwp-content\/uploads\/2015\/01\/rent-porsche-spain.jpg|caption^null|alt^null|title^rent-porsche-spain|description^null&#8221; bg_override=&#8221;full&#8221; css=&#8221;.vc_custom_1555942209793{margin-top: 0px !important;padding-top: 0px !important;padding-bottom: 0px !important;background-image: url(https:\/\/holiday-active.com\/wp-content\/uploads\/2019\/04\/Accommodation-in-Portugal_136650499.jpeg?id=13992) !important;background-position: center !important;background-repeat: no-repeat !important;background-size: cover !important;}&#8221;][vc_column css=&#8221;.vc_custom_1478894705020{padding-top: 100px !important;padding-bottom: 100px !important;}&#8221;][vc_column_text] Reserve j\u00e1 o seu alojamento em Portugal ou em qualquer lugar do mundo. [\/vc_column_text][vc_raw_html]JTNDaW5zJTIwY2xhc3MlM0QlMjJib29raW5nYWZmJTIyJTIwZGF0YS1haWQlM0QlMjIxNzY0NTk5JTIyJTIwZGF0YS10YXJnZXRfYWlkJTNEJTIyMTc2NDU5OSUyMiUyMGRhdGEtcHJvZCUzRCUyMm5zYiUyMiUyMGRhdGEtd2lkdGglM0QlMjIxMDAlMjUlMjIlMjBkYXRhLWhlaWdodCUzRCUyMmF1dG8lMjIlMjBkYXRhLWxhbmclM0QlMjJwdCUyMiUzRSUwQSUyMCUyMCUyMCUyMCUzQyUyMS0tJTIwQW55dGhpbmclMjBpbnNpZGUlMjB3aWxsJTIwZ28lMjBhd2F5JTIwb25jZSUyMHdpZGdldCUyMGlzJTIwbG9hZGVkLiUyMC0tJTNFJTBBJTIwJTIwJTIwJTIwJTIwJTIwJTIwJTIwJTNDYSUyMGhyZWYlM0QlMjIlMkYlMkZ3d3cuYm9va2luZy5jb20lM0ZhaWQlM0QxNzY0NTk5JTIyJTIwcmVsJTNEJUUyJTgwJTlEbm9mb2xsb3clRTIlODAlOUQlM0VCb29raW5nLmNvbSUzQyUyRmElM0UlMEElM0MlMkZpbnMlM0UlMEElM0NzY3JpcHQlMjB0eXBlJTNEJTIydGV4dCUyRmphdmFzY3JpcHQlMjIlM0UlMEElMjAlMjAlMjAlMjAlMjhmdW5jdGlvbiUyOGQlMkMlMjBzYyUyQyUyMHUlMjklMjAlN0IlMEElMjAlMjAlMjAlMjAlMjAlMjB2YXIlMjBzJTIwJTNEJTIwZC5jcmVhdGVFbGVtZW50JTI4c2MlMjklMkMlMjBwJTIwJTNEJTIwZC5nZXRFbGVtZW50c0J5VGFnTmFtZSUyOHNjJTI5JTVCMCU1RCUzQiUwQSUyMCUyMCUyMCUyMCUyMCUyMHMudHlwZSUyMCUzRCUyMCUyN3RleHQlMkZqYXZhc2NyaXB0JTI3JTNCJTBBJTIwJTIwJTIwJTIwJTIwJTIwcy5hc3luYyUyMCUzRCUyMHRydWUlM0IlMEElMjAlMjAlMjAlMjAlMjAlMjBzLnNyYyUyMCUzRCUyMHUlMjAlMkIlMjAlMjclM0Z2JTNEJTI3JTIwJTJCJTIwJTI4JTJCbmV3JTIwRGF0ZSUyOCUyOSUyOSUzQiUwQSUyMCUyMCUyMCUyMCUyMCUyMHAucGFyZW50Tm9kZS5pbnNlcnRCZWZvcmUlMjhzJTJDcCUyOSUzQiUwQSUyMCUyMCUyMCUyMCUyMCUyMCU3RCUyOSUyOGRvY3VtZW50JTJDJTIwJTI3c2NyaXB0JTI3JTJDJTIwJTI3JTJGJTJGYWZmLmJzdGF0aWMuY29tJTJGc3RhdGljJTJGYWZmaWxpYXRlX2Jhc2UlMkZqcyUyRmZsZXhpcHJvZHVjdC5qcyUyNyUyOSUzQiUwQSUzQyUyRnNjcmlwdCUzRQ==[\/vc_raw_html][\/vc_column][\/vc_row][vc_row][vc_column][vc_empty_space][vc_column_text] Alojamento em Portugal &nbsp; Existem v\u00e1rios os tipos de alojamento tur\u00edsticos em Portugal: Hotel, turismo [&hellip;]<\/p>\n","protected":false},"author":1,"featured_media":17517,"parent":0,"menu_order":0,"comment_status":"closed","ping_status":"closed","template":"","meta":{"_monsterinsights_skip_tracking":false,"_monsterinsights_sitenote_active":false,"_monsterinsights_sitenote_note":"","_monsterinsights_sitenote_category":0,"footnotes":""},"class_list":["post-13997","page","type-page","status-publish","has-post-thumbnail","hentry"],"yoast_head":"<!-- This site is optimized with the Yoast SEO plugin v27.2 - https:\/\/yoast.com\/product\/yoast-seo-wordpress\/ -->\n<title>Alojamento em Portugal | holiday-active.com<\/title>\n<meta name=\"description\" content=\"O alojamento certo determina em muito o sucesso de suas f\u00e9rias Dicas sobre as melhores locais de Portugal para ficar e como conseguir mais, gastando menos\" \/>\n<meta name=\"robots\" content=\"index, follow, max-snippet:-1, max-image-preview:large, max-video-preview:-1\" \/>\n<link rel=\"canonical\" href=\"https:\/\/holiday-active.com\/pt-pt\/alojamento-em-portugal\/\" \/>\n<meta property=\"og:locale\" content=\"pt_PT\" \/>\n<meta property=\"og:type\" content=\"article\" \/>\n<meta property=\"og:title\" content=\"Alojamento em Portugal | holiday-active.com\" \/>\n<meta property=\"og:description\" content=\"O alojamento certo determina em muito o sucesso de suas f\u00e9rias Dicas sobre as melhores locais de Portugal para ficar e como conseguir mais, gastando menos\" \/>\n<meta property=\"og:url\" content=\"https:\/\/holiday-active.com\/pt-pt\/alojamento-em-portugal\/\" \/>\n<meta property=\"og:site_name\" content=\"holiday-active.com\" \/>\n<meta property=\"article:publisher\" content=\"https:\/\/www.facebook.com\/holidayactive\" \/>\n<meta property=\"article:modified_time\" content=\"2022-04-17T19:55:57+00:00\" \/>\n<meta property=\"og:image\" content=\"https:\/\/holiday-active.com\/wp-content\/uploads\/2022\/01\/Alojamento.jpg\" \/>\n\t<meta property=\"og:image:width\" content=\"1200\" \/>\n\t<meta property=\"og:image:height\" content=\"500\" \/>\n\t<meta property=\"og:image:type\" content=\"image\/jpeg\" \/>\n<meta name=\"twitter:card\" content=\"summary_large_image\" \/>\n<meta name=\"twitter:label1\" content=\"Tempo estimado de leitura\" \/>\n\t<meta name=\"twitter:data1\" content=\"4 minutos\" \/>\n<script type=\"application\/ld+json\" class=\"yoast-schema-graph\">{\"@context\":\"https:\/\/schema.org\",\"@graph\":[{\"@type\":\"WebPage\",\"@id\":\"https:\/\/holiday-active.com\/pt-pt\/alojamento-em-portugal\/\",\"url\":\"https:\/\/holiday-active.com\/pt-pt\/alojamento-em-portugal\/\",\"name\":\"Alojamento em Portugal | holiday-active.com\",\"isPartOf\":{\"@id\":\"https:\/\/holiday-active.com\/#website\"},\"primaryImageOfPage\":{\"@id\":\"https:\/\/holiday-active.com\/pt-pt\/alojamento-em-portugal\/#primaryimage\"},\"image\":{\"@id\":\"https:\/\/holiday-active.com\/pt-pt\/alojamento-em-portugal\/#primaryimage\"},\"thumbnailUrl\":\"https:\/\/holiday-active.com\/wp-content\/uploads\/2022\/01\/Alojamento.jpg\",\"datePublished\":\"2019-04-24T07:13:11+00:00\",\"dateModified\":\"2022-04-17T19:55:57+00:00\",\"description\":\"O alojamento certo determina em muito o sucesso de suas f\u00e9rias Dicas sobre as melhores locais de Portugal para ficar e como conseguir mais, gastando menos\",\"breadcrumb\":{\"@id\":\"https:\/\/holiday-active.com\/pt-pt\/alojamento-em-portugal\/#breadcrumb\"},\"inLanguage\":\"pt-PT\",\"potentialAction\":[{\"@type\":\"ReadAction\",\"target\":[\"https:\/\/holiday-active.com\/pt-pt\/alojamento-em-portugal\/\"]}]},{\"@type\":\"ImageObject\",\"inLanguage\":\"pt-PT\",\"@id\":\"https:\/\/holiday-active.com\/pt-pt\/alojamento-em-portugal\/#primaryimage\",\"url\":\"https:\/\/holiday-active.com\/wp-content\/uploads\/2022\/01\/Alojamento.jpg\",\"contentUrl\":\"https:\/\/holiday-active.com\/wp-content\/uploads\/2022\/01\/Alojamento.jpg\",\"width\":1200,\"height\":500,\"caption\":\"barbecue seafood for dinner by the sea, sunset\"},{\"@type\":\"BreadcrumbList\",\"@id\":\"https:\/\/holiday-active.com\/pt-pt\/alojamento-em-portugal\/#breadcrumb\",\"itemListElement\":[{\"@type\":\"ListItem\",\"position\":1,\"name\":\"Home\",\"item\":\"https:\/\/holiday-active.com\/pt-pt\/\"},{\"@type\":\"ListItem\",\"position\":2,\"name\":\"Alojamento em Portugal\"}]},{\"@type\":\"WebSite\",\"@id\":\"https:\/\/holiday-active.com\/#website\",\"url\":\"https:\/\/holiday-active.com\/\",\"name\":\"holiday-active.com\",\"description\":\"Traveling in Portugal\",\"potentialAction\":[{\"@type\":\"SearchAction\",\"target\":{\"@type\":\"EntryPoint\",\"urlTemplate\":\"https:\/\/holiday-active.com\/?s={search_term_string}\"},\"query-input\":{\"@type\":\"PropertyValueSpecification\",\"valueRequired\":true,\"valueName\":\"search_term_string\"}}],\"inLanguage\":\"pt-PT\"}]}<\/script>\n<!-- \/ Yoast SEO plugin. -->","yoast_head_json":{"title":"Alojamento em Portugal | holiday-active.com","description":"O alojamento certo determina em muito o sucesso de suas f\u00e9rias Dicas sobre as melhores locais de Portugal para ficar e como conseguir mais, gastando menos","robots":{"index":"index","follow":"follow","max-snippet":"max-snippet:-1","max-image-preview":"max-image-preview:large","max-video-preview":"max-video-preview:-1"},"canonical":"https:\/\/holiday-active.com\/pt-pt\/alojamento-em-portugal\/","og_locale":"pt_PT","og_type":"article","og_title":"Alojamento em Portugal | holiday-active.com","og_description":"O alojamento certo determina em muito o sucesso de suas f\u00e9rias Dicas sobre as melhores locais de Portugal para ficar e como conseguir mais, gastando menos","og_url":"https:\/\/holiday-active.com\/pt-pt\/alojamento-em-portugal\/","og_site_name":"holiday-active.com","article_publisher":"https:\/\/www.facebook.com\/holidayactive","article_modified_time":"2022-04-17T19:55:57+00:00","og_image":[{"width":1200,"height":500,"url":"https:\/\/holiday-active.com\/wp-content\/uploads\/2022\/01\/Alojamento.jpg","type":"image\/jpeg"}],"twitter_card":"summary_large_image","twitter_misc":{"Tempo estimado de leitura":"4 minutos"},"schema":{"@context":"https:\/\/schema.org","@graph":[{"@type":"WebPage","@id":"https:\/\/holiday-active.com\/pt-pt\/alojamento-em-portugal\/","url":"https:\/\/holiday-active.com\/pt-pt\/alojamento-em-portugal\/","name":"Alojamento em Portugal | holiday-active.com","isPartOf":{"@id":"https:\/\/holiday-active.com\/#website"},"primaryImageOfPage":{"@id":"https:\/\/holiday-active.com\/pt-pt\/alojamento-em-portugal\/#primaryimage"},"image":{"@id":"https:\/\/holiday-active.com\/pt-pt\/alojamento-em-portugal\/#primaryimage"},"thumbnailUrl":"https:\/\/holiday-active.com\/wp-content\/uploads\/2022\/01\/Alojamento.jpg","datePublished":"2019-04-24T07:13:11+00:00","dateModified":"2022-04-17T19:55:57+00:00","description":"O alojamento certo determina em muito o sucesso de suas f\u00e9rias Dicas sobre as melhores locais de Portugal para ficar e como conseguir mais, gastando menos","breadcrumb":{"@id":"https:\/\/holiday-active.com\/pt-pt\/alojamento-em-portugal\/#breadcrumb"},"inLanguage":"pt-PT","potentialAction":[{"@type":"ReadAction","target":["https:\/\/holiday-active.com\/pt-pt\/alojamento-em-portugal\/"]}]},{"@type":"ImageObject","inLanguage":"pt-PT","@id":"https:\/\/holiday-active.com\/pt-pt\/alojamento-em-portugal\/#primaryimage","url":"https:\/\/holiday-active.com\/wp-content\/uploads\/2022\/01\/Alojamento.jpg","contentUrl":"https:\/\/holiday-active.com\/wp-content\/uploads\/2022\/01\/Alojamento.jpg","width":1200,"height":500,"caption":"barbecue seafood for dinner by the sea, sunset"},{"@type":"BreadcrumbList","@id":"https:\/\/holiday-active.com\/pt-pt\/alojamento-em-portugal\/#breadcrumb","itemListElement":[{"@type":"ListItem","position":1,"name":"Home","item":"https:\/\/holiday-active.com\/pt-pt\/"},{"@type":"ListItem","position":2,"name":"Alojamento em Portugal"}]},{"@type":"WebSite","@id":"https:\/\/holiday-active.com\/#website","url":"https:\/\/holiday-active.com\/","name":"holiday-active.com","description":"Traveling in Portugal","potentialAction":[{"@type":"SearchAction","target":{"@type":"EntryPoint","urlTemplate":"https:\/\/holiday-active.com\/?s={search_term_string}"},"query-input":{"@type":"PropertyValueSpecification","valueRequired":true,"valueName":"search_term_string"}}],"inLanguage":"pt-PT"}]}},"_links":{"self":[{"href":"https:\/\/holiday-active.com\/pt-pt\/wp-json\/wp\/v2\/pages\/13997","targetHints":{"allow":["GET"]}}],"collection":[{"href":"https:\/\/holiday-active.com\/pt-pt\/wp-json\/wp\/v2\/pages"}],"about":[{"href":"https:\/\/holiday-active.com\/pt-pt\/wp-json\/wp\/v2\/types\/page"}],"author":[{"embeddable":true,"href":"https:\/\/holiday-active.com\/pt-pt\/wp-json\/wp\/v2\/users\/1"}],"replies":[{"embeddable":true,"href":"https:\/\/holiday-active.com\/pt-pt\/wp-json\/wp\/v2\/comments?post=13997"}],"version-history":[{"count":5,"href":"https:\/\/holiday-active.com\/pt-pt\/wp-json\/wp\/v2\/pages\/13997\/revisions"}],"predecessor-version":[{"id":17680,"href":"https:\/\/holiday-active.com\/pt-pt\/wp-json\/wp\/v2\/pages\/13997\/revisions\/17680"}],"wp:featuredmedia":[{"embeddable":true,"href":"https:\/\/holiday-active.com\/pt-pt\/wp-json\/wp\/v2\/media\/17517"}],"wp:attachment":[{"href":"https:\/\/holiday-active.com\/pt-pt\/wp-json\/wp\/v2\/media?parent=13997"}],"curies":[{"name":"wp","href":"https:\/\/api.w.org\/{rel}","templated":true}]}}