{"id":13400,"date":"2019-01-28T08:10:29","date_gmt":"2019-01-28T08:10:29","guid":{"rendered":"https:\/\/holiday-active.com\/?page_id=13400"},"modified":"2019-11-14T15:41:09","modified_gmt":"2019-11-14T15:41:09","slug":"conduzir-em-portugal","status":"publish","type":"page","link":"https:\/\/holiday-active.com\/pt-pt\/conduzir-em-portugal\/","title":{"rendered":"Conduzir em Portugal. Tudo o que deve saber"},"content":{"rendered":"<div class=\"wpb-content-wrapper\"><p>[vc_row full_width=&#8221;stretch_row&#8221; css=&#8221;.vc_custom_1548593043988{padding-top: 0px !important;background-image: url(https:\/\/holiday-active.com\/wp-content\/uploads\/2019\/01\/Driving-in-Portugal_107332166.jpeg?id=13390) !important;background-position: center !important;background-repeat: no-repeat !important;background-size: cover !important;}&#8221;][vc_column css=&#8221;.vc_custom_1548524008041{padding-top: 100px !important;padding-bottom: 100px !important;}&#8221;][vc_column_text]<\/p>\n<h3><b>Seleccionamos a empresa de aluguer de carros mais competitiva<\/b><\/h3>\n<p>[\/vc_column_text][vc_empty_space][vc_raw_html]JTNDZGl2JTIwaWQlM0QlMjJyYy1jb25uZWN0LWNvbnRhaW5lciUyMiUzRSUzQyUyRmRpdiUzRSUyMCUwQSUwQSUzQ3NjcmlwdCUyMGlkJTNEJTI3cmMtY29ubmVjdCUyNyUyMHNyYyUzRCUyN2h0dHBzJTNBJTJGJTJGd3d3LnJlbnRhbGNhcnMuY29tJTJGcGFydG5lcnMlMkZpbnRlZ3JhdGlvbnMlMkZjb25uZWN0JTJGY29ubmVjdC5qcyUyNyUyMGRhdGEtY29udGFpbmVyJTNEJTI3cmMtY29ubmVjdC1jb250YWluZXIlMjclMjBkYXRhLXByZWZsYW5nJTNEJTI3cHQlMjclMjBkYXRhLWVuYWJsZS1yZXR1cm4tY2hlY2tib3glM0QlMjd0cnVlJTI3JTIwZGF0YS1hZmZpbGlhdGUtY29kZSUzRCUyN2hvbGlkYXlhY3Q5NDYlMjclMjBkYXRhLXByaW1hcnklM0QlMjdlZDgzMjMlMjclM0UlM0MlMkZzY3JpcHQlM0UlMEElMEE=[\/vc_raw_html][\/vc_column][\/vc_row][vc_row][vc_column][vc_empty_space][vc_column_text]<\/p>\n<h1>Conduzir em Portugal<\/h1>\n<p>O que a maioria das pessoas dir\u00e1 sobre conduzir em Portugal \u00e9 que a sinal\u00e9tica com dire\u00e7\u00f5es s\u00e3o poucos, especialmente em zonas interiores, longe das principais cidades. A menos que seja um especialista a ler mapas de estradas em papel, um GPS \u00e9 extremamente \u00fatil<\/p>\n<p>N\u00e3o obstante, temos excelentes acessos rodovi\u00e1rios. Autoestradas que cobrem mais de 3.000km, que se estendem e o levam de uma forma r\u00e1pida e facil a quase todos os cantos de Portugal. Se preferir uma viagem mais descontra\u00edda, com tempo para apreciar a paisagem e o interior das cidades portuguesas, as \u201cEstradas Nacionais\u201d podem ser uma alternativa. \u00c9 certamente mais barato uma vez que evita as portagens.<\/p>\n<p>&nbsp;<\/p>\n<h3>Portagens em Portugal<\/h3>\n<p><img decoding=\"async\" class=\"alignnone size-full wp-image-13387\" src=\"https:\/\/holiday-active.com\/wp-content\/uploads\/2019\/01\/Tolls-in-Portugal.jpg\" alt=\"Electronic tolls in Portugal\" width=\"1200\" height=\"500\" srcset=\"https:\/\/holiday-active.com\/wp-content\/uploads\/2019\/01\/Tolls-in-Portugal.jpg 1200w, https:\/\/holiday-active.com\/wp-content\/uploads\/2019\/01\/Tolls-in-Portugal-768x320.jpg 768w\" sizes=\"(max-width: 1200px) 100vw, 1200px\" \/><\/p>\n<p>&nbsp;<\/p>\n<p><strong>Como funcionam?<\/strong><\/p>\n<p>A maioria dos portagens t\u00eam cabines de pagamento manuais, com operador, onde pode efectuar o seu pagamento em dinheiro ou cart\u00e3o de cr\u00e9dito. Existem tamb\u00e9m m\u00e1quinas autom\u00e1ticas, cujo o pagamento \u00e9 feito apenas com cart\u00f5es de cr\u00e9dito. No entanto, tenha em aten\u00e7\u00e3o \u00e0s vias da Via Verde, identificadas por um quadrado verde com uma V a branco. Uma via destinada a pagamento eletr\u00f4nico, que s\u00f3 se tiver aderido a este servi\u00e7o e tiver o dispositivo eletr\u00f4nico apropriado poder\u00e1 utiliz\u00e1-lo, caso contr\u00e1rio ser\u00e1 multado.<\/p>\n<p>Existem auto estradas que s\u00f3 possuem sistema de portagens eletr\u00f3nicas (ex-SCUTS). Identificadas por um arco, que l\u00ea e registra a sua matr\u00edcula. Se n\u00e3o tiver o dispositivo eletr\u00f4nico, depois de 48 horas dever\u00e1 ir pagar a portagem numa esta\u00e7\u00e3o de correios (CTT) ou em lojas que sejam agentes da Payshop. Os pagamentos t\u00eam que ser feitos no prazo de 5 dias ap\u00f3s passar a portagem<\/p>\n<p><strong>Autoestradas que possuem apenas o sistema de portagens eletr\u00f3nicas:<\/strong><\/p>\n<p>Costa de Prata | A44, A29, A25 e A17<br \/>\nGrande Porto | A4, A41, A42 e VRI<br \/>\nBeiras Litoral e Alta | A25<br \/>\nInterior Norte | A24<br \/>\nNorte Litoral | A28<br \/>\nBaixo Tejo | A33<br \/>\nSubconcess\u00e3o Pinhal Interior | A13, A13-1<br \/>\nT\u00fanel do Mar\u00e3o | A4<br \/>\nLitoral Oeste | A8, A19<br \/>\nBeira interior | A23<br \/>\nVia do Infante | A22<\/p>\n<p>Como tal, recomendamos que pe\u00e7a tamb\u00e9m o dispositivo Via Verde ao alugar o carro. Assim poder\u00e1 conduzir em qualquer estrada e pagar o valor da portagem mais uma pequena taxa de aluguer do dispositivo quando for entregar o carro. Sem complica\u00e7\u00f5es e preocupa\u00e7\u00f5es e que o deixa com mais tempo para melhor aproveitar suas f\u00e9rias.<\/p>\n<p>Se conduze a sua pr\u00f3pria viatura, procure outras solu\u00e7\u00f5es em \u00a0<a href=\"http:\/\/www.portugaltolls.com\" target=\"_blank\" rel=\"noopener noreferrer\">http:\/\/www.portugaltolls.com<\/a><\/p>\n<p>&nbsp;<\/p>\n<h2>\u00c9 Bom Saber<\/h2>\n<p><img decoding=\"async\" class=\"alignnone size-full wp-image-13406\" src=\"https:\/\/holiday-active.com\/wp-content\/uploads\/2019\/01\/Conduzir-em-portugal-_214067589.jpeg\" alt=\"Conduzir em Portugal. O que deve saber anres de se por \u00e0 estrada\" width=\"1200\" height=\"500\" srcset=\"https:\/\/holiday-active.com\/wp-content\/uploads\/2019\/01\/Conduzir-em-portugal-_214067589.jpeg 1200w, https:\/\/holiday-active.com\/wp-content\/uploads\/2019\/01\/Conduzir-em-portugal-_214067589-768x320.jpeg 768w\" sizes=\"(max-width: 1200px) 100vw, 1200px\" \/><\/p>\n<p>&nbsp;<\/p>\n<p>Limites de velocidade: 50 km \/ h dentro de cidades e cidades 120 km \/ h em auto-estradas. 90 km\/ h nas restantes estradas<\/p>\n<p>A condu\u00e7\u00e3o \u00e9 \u00e0 direita. Nas rotundas, os ve\u00edculos que circulam dentro da rotunda t\u00eam o direito de passagem<\/p>\n<p>Cintos de seguran\u00e7a: O uso de cintos de seguran\u00e7a, em Portugal, \u00e9 obrigat\u00f3rio. Poder\u00e1 ser multado se n\u00e3o estiver a us\u00e1-los, incluindo os passageiros no banco de tr\u00e1s.<\/p>\n<p>Crian\u00e7as com menos de 12 anos de idade n\u00e3o podem sentar-se no banco da frente do carro, a menos que tenham pelo menos 150 cm (59 &#8220;) de altura. Assentos dedicados s\u00e3o necess\u00e1rios para crian\u00e7as sentadas no banco de tr\u00e1s at\u00e9 os 12 anos.<\/p>\n<p>Coletes fluorescentes e tri\u00e2ngulos de estrada devem ser transportados no ve\u00edculo para serem usados \u200b\u200bcaso ocorra um acidente ou avaria no carro, e este se encontrar imobilizado<\/p>\n<p>Mesmo que sejamos considerados um dos pa\u00edses mais seguros a visitar, n\u00e3o tente o destino deixando objetos vis\u00edveis dentro do carro.<\/p>\n<p>As esta\u00e7\u00f5es de servi\u00e7o s\u00e3o abundantes e normalmente est\u00e3o abertas das 7h \u00e0s 22h. No entanto, isso pode n\u00e3o ser assim em cidades pequenas, por isso n\u00e3o deixe at\u00e9 \u00e0 \u00faltima gota![\/vc_column_text][vc_empty_space][\/vc_column][\/vc_row]<\/p>\n<\/div>","protected":false},"excerpt":{"rendered":"<p>[vc_row full_width=&#8221;stretch_row&#8221; css=&#8221;.vc_custom_1548593043988{padding-top: 0px !important;background-image: url(https:\/\/holiday-active.com\/wp-content\/uploads\/2019\/01\/Driving-in-Portugal_107332166.jpeg?id=13390) !important;background-position: center !important;background-repeat: no-repeat !important;background-size: cover !important;}&#8221;][vc_column css=&#8221;.vc_custom_1548524008041{padding-top: 100px !important;padding-bottom: 100px !important;}&#8221;][vc_column_text] Seleccionamos a empresa de aluguer de carros mais competitiva [\/vc_column_text][vc_empty_space][vc_raw_html]JTNDZGl2JTIwaWQlM0QlMjJyYy1jb25uZWN0LWNvbnRhaW5lciUyMiUzRSUzQyUyRmRpdiUzRSUyMCUwQSUwQSUzQ3NjcmlwdCUyMGlkJTNEJTI3cmMtY29ubmVjdCUyNyUyMHNyYyUzRCUyN2h0dHBzJTNBJTJGJTJGd3d3LnJlbnRhbGNhcnMuY29tJTJGcGFydG5lcnMlMkZpbnRlZ3JhdGlvbnMlMkZjb25uZWN0JTJGY29ubmVjdC5qcyUyNyUyMGRhdGEtY29udGFpbmVyJTNEJTI3cmMtY29ubmVjdC1jb250YWluZXIlMjclMjBkYXRhLXByZWZsYW5nJTNEJTI3cHQlMjclMjBkYXRhLWVuYWJsZS1yZXR1cm4tY2hlY2tib3glM0QlMjd0cnVlJTI3JTIwZGF0YS1hZmZpbGlhdGUtY29kZSUzRCUyN2hvbGlkYXlhY3Q5NDYlMjclMjBkYXRhLXByaW1hcnklM0QlMjdlZDgzMjMlMjclM0UlM0MlMkZzY3JpcHQlM0UlMEElMEE=[\/vc_raw_html][\/vc_column][\/vc_row][vc_row][vc_column][vc_empty_space][vc_column_text] Conduzir em Portugal O que a maioria das pessoas dir\u00e1 sobre conduzir em Portugal \u00e9 que a sinal\u00e9tica com dire\u00e7\u00f5es s\u00e3o poucos, especialmente em zonas interiores, longe [&hellip;]<\/p>\n","protected":false},"author":1,"featured_media":0,"parent":0,"menu_order":0,"comment_status":"closed","ping_status":"closed","template":"","meta":{"_monsterinsights_skip_tracking":false,"_monsterinsights_sitenote_active":false,"_monsterinsights_sitenote_note":"","_monsterinsights_sitenote_category":0,"footnotes":""},"class_list":["post-13400","page","type-page","status-publish","has-post-thumbnail","hentry"],"yoast_head":"<!-- This site is optimized with the Yoast SEO plugin v27.2 - https:\/\/yoast.com\/product\/yoast-seo-wordpress\/ -->\n<title>Conduzir em Portugal. Tudo o que deve saber | holiday-active.com<\/title>\n<meta name=\"description\" content=\"Tudo o que precisa saber sobre a conduzir em Portugal. Quais as auto-estradas que t\u00eam portagens eletr\u00f3nicas e como pag\u00e1-las. Aluguer de Carros a bons pre\u00e7os\" \/>\n<meta name=\"robots\" content=\"index, follow, max-snippet:-1, max-image-preview:large, max-video-preview:-1\" \/>\n<link rel=\"canonical\" href=\"https:\/\/holiday-active.com\/pt-pt\/conduzir-em-portugal\/\" \/>\n<meta property=\"og:locale\" content=\"pt_PT\" \/>\n<meta property=\"og:type\" content=\"article\" \/>\n<meta property=\"og:title\" content=\"Conduzir em Portugal. Tudo o que deve saber | holiday-active.com\" \/>\n<meta property=\"og:description\" content=\"Tudo o que precisa saber sobre a conduzir em Portugal. Quais as auto-estradas que t\u00eam portagens eletr\u00f3nicas e como pag\u00e1-las. Aluguer de Carros a bons pre\u00e7os\" \/>\n<meta property=\"og:url\" content=\"https:\/\/holiday-active.com\/pt-pt\/conduzir-em-portugal\/\" \/>\n<meta property=\"og:site_name\" content=\"holiday-active.com\" \/>\n<meta property=\"article:publisher\" content=\"https:\/\/www.facebook.com\/holidayactive\" \/>\n<meta property=\"article:modified_time\" content=\"2019-11-14T15:41:09+00:00\" \/>\n<meta property=\"og:image\" content=\"https:\/\/holiday-active.com\/wp-content\/uploads\/2019\/01\/Conduzir-em-portugal-_214067589.jpeg\" \/>\n\t<meta property=\"og:image:width\" content=\"1200\" \/>\n\t<meta property=\"og:image:height\" content=\"500\" \/>\n\t<meta property=\"og:image:type\" content=\"image\/jpeg\" \/>\n<meta name=\"twitter:card\" content=\"summary_large_image\" \/>\n<meta name=\"twitter:label1\" content=\"Tempo estimado de leitura\" \/>\n\t<meta name=\"twitter:data1\" content=\"4 minutos\" \/>\n<script type=\"application\/ld+json\" class=\"yoast-schema-graph\">{\"@context\":\"https:\/\/schema.org\",\"@graph\":[{\"@type\":\"WebPage\",\"@id\":\"https:\/\/holiday-active.com\/pt-pt\/conduzir-em-portugal\/\",\"url\":\"https:\/\/holiday-active.com\/pt-pt\/conduzir-em-portugal\/\",\"name\":\"Conduzir em Portugal. Tudo o que deve saber | holiday-active.com\",\"isPartOf\":{\"@id\":\"https:\/\/holiday-active.com\/#website\"},\"primaryImageOfPage\":{\"@id\":\"https:\/\/holiday-active.com\/pt-pt\/conduzir-em-portugal\/#primaryimage\"},\"image\":{\"@id\":\"https:\/\/holiday-active.com\/pt-pt\/conduzir-em-portugal\/#primaryimage\"},\"thumbnailUrl\":\"https:\/\/holiday-active.com\/wp-content\/uploads\/2019\/01\/Tolls-in-Portugal.jpg\",\"datePublished\":\"2019-01-28T08:10:29+00:00\",\"dateModified\":\"2019-11-14T15:41:09+00:00\",\"description\":\"Tudo o que precisa saber sobre a conduzir em Portugal. Quais as auto-estradas que t\u00eam portagens eletr\u00f3nicas e como pag\u00e1-las. Aluguer de Carros a bons pre\u00e7os\",\"breadcrumb\":{\"@id\":\"https:\/\/holiday-active.com\/pt-pt\/conduzir-em-portugal\/#breadcrumb\"},\"inLanguage\":\"pt-PT\",\"potentialAction\":[{\"@type\":\"ReadAction\",\"target\":[\"https:\/\/holiday-active.com\/pt-pt\/conduzir-em-portugal\/\"]}]},{\"@type\":\"ImageObject\",\"inLanguage\":\"pt-PT\",\"@id\":\"https:\/\/holiday-active.com\/pt-pt\/conduzir-em-portugal\/#primaryimage\",\"url\":\"https:\/\/holiday-active.com\/wp-content\/uploads\/2019\/01\/Tolls-in-Portugal.jpg\",\"contentUrl\":\"https:\/\/holiday-active.com\/wp-content\/uploads\/2019\/01\/Tolls-in-Portugal.jpg\"},{\"@type\":\"BreadcrumbList\",\"@id\":\"https:\/\/holiday-active.com\/pt-pt\/conduzir-em-portugal\/#breadcrumb\",\"itemListElement\":[{\"@type\":\"ListItem\",\"position\":1,\"name\":\"Home\",\"item\":\"https:\/\/holiday-active.com\/pt-pt\/\"},{\"@type\":\"ListItem\",\"position\":2,\"name\":\"Conduzir em Portugal. Tudo o que deve saber\"}]},{\"@type\":\"WebSite\",\"@id\":\"https:\/\/holiday-active.com\/#website\",\"url\":\"https:\/\/holiday-active.com\/\",\"name\":\"holiday-active.com\",\"description\":\"Traveling in Portugal\",\"potentialAction\":[{\"@type\":\"SearchAction\",\"target\":{\"@type\":\"EntryPoint\",\"urlTemplate\":\"https:\/\/holiday-active.com\/?s={search_term_string}\"},\"query-input\":{\"@type\":\"PropertyValueSpecification\",\"valueRequired\":true,\"valueName\":\"search_term_string\"}}],\"inLanguage\":\"pt-PT\"}]}<\/script>\n<!-- \/ Yoast SEO plugin. -->","yoast_head_json":{"title":"Conduzir em Portugal. Tudo o que deve saber | holiday-active.com","description":"Tudo o que precisa saber sobre a conduzir em Portugal. Quais as auto-estradas que t\u00eam portagens eletr\u00f3nicas e como pag\u00e1-las. Aluguer de Carros a bons pre\u00e7os","robots":{"index":"index","follow":"follow","max-snippet":"max-snippet:-1","max-image-preview":"max-image-preview:large","max-video-preview":"max-video-preview:-1"},"canonical":"https:\/\/holiday-active.com\/pt-pt\/conduzir-em-portugal\/","og_locale":"pt_PT","og_type":"article","og_title":"Conduzir em Portugal. Tudo o que deve saber | holiday-active.com","og_description":"Tudo o que precisa saber sobre a conduzir em Portugal. Quais as auto-estradas que t\u00eam portagens eletr\u00f3nicas e como pag\u00e1-las. Aluguer de Carros a bons pre\u00e7os","og_url":"https:\/\/holiday-active.com\/pt-pt\/conduzir-em-portugal\/","og_site_name":"holiday-active.com","article_publisher":"https:\/\/www.facebook.com\/holidayactive","article_modified_time":"2019-11-14T15:41:09+00:00","og_image":[{"width":1200,"height":500,"url":"https:\/\/holiday-active.com\/wp-content\/uploads\/2019\/01\/Conduzir-em-portugal-_214067589.jpeg","type":"image\/jpeg"}],"twitter_card":"summary_large_image","twitter_misc":{"Tempo estimado de leitura":"4 minutos"},"schema":{"@context":"https:\/\/schema.org","@graph":[{"@type":"WebPage","@id":"https:\/\/holiday-active.com\/pt-pt\/conduzir-em-portugal\/","url":"https:\/\/holiday-active.com\/pt-pt\/conduzir-em-portugal\/","name":"Conduzir em Portugal. Tudo o que deve saber | holiday-active.com","isPartOf":{"@id":"https:\/\/holiday-active.com\/#website"},"primaryImageOfPage":{"@id":"https:\/\/holiday-active.com\/pt-pt\/conduzir-em-portugal\/#primaryimage"},"image":{"@id":"https:\/\/holiday-active.com\/pt-pt\/conduzir-em-portugal\/#primaryimage"},"thumbnailUrl":"https:\/\/holiday-active.com\/wp-content\/uploads\/2019\/01\/Tolls-in-Portugal.jpg","datePublished":"2019-01-28T08:10:29+00:00","dateModified":"2019-11-14T15:41:09+00:00","description":"Tudo o que precisa saber sobre a conduzir em Portugal. Quais as auto-estradas que t\u00eam portagens eletr\u00f3nicas e como pag\u00e1-las. Aluguer de Carros a bons pre\u00e7os","breadcrumb":{"@id":"https:\/\/holiday-active.com\/pt-pt\/conduzir-em-portugal\/#breadcrumb"},"inLanguage":"pt-PT","potentialAction":[{"@type":"ReadAction","target":["https:\/\/holiday-active.com\/pt-pt\/conduzir-em-portugal\/"]}]},{"@type":"ImageObject","inLanguage":"pt-PT","@id":"https:\/\/holiday-active.com\/pt-pt\/conduzir-em-portugal\/#primaryimage","url":"https:\/\/holiday-active.com\/wp-content\/uploads\/2019\/01\/Tolls-in-Portugal.jpg","contentUrl":"https:\/\/holiday-active.com\/wp-content\/uploads\/2019\/01\/Tolls-in-Portugal.jpg"},{"@type":"BreadcrumbList","@id":"https:\/\/holiday-active.com\/pt-pt\/conduzir-em-portugal\/#breadcrumb","itemListElement":[{"@type":"ListItem","position":1,"name":"Home","item":"https:\/\/holiday-active.com\/pt-pt\/"},{"@type":"ListItem","position":2,"name":"Conduzir em Portugal. Tudo o que deve saber"}]},{"@type":"WebSite","@id":"https:\/\/holiday-active.com\/#website","url":"https:\/\/holiday-active.com\/","name":"holiday-active.com","description":"Traveling in Portugal","potentialAction":[{"@type":"SearchAction","target":{"@type":"EntryPoint","urlTemplate":"https:\/\/holiday-active.com\/?s={search_term_string}"},"query-input":{"@type":"PropertyValueSpecification","valueRequired":true,"valueName":"search_term_string"}}],"inLanguage":"pt-PT"}]}},"_links":{"self":[{"href":"https:\/\/holiday-active.com\/pt-pt\/wp-json\/wp\/v2\/pages\/13400","targetHints":{"allow":["GET"]}}],"collection":[{"href":"https:\/\/holiday-active.com\/pt-pt\/wp-json\/wp\/v2\/pages"}],"about":[{"href":"https:\/\/holiday-active.com\/pt-pt\/wp-json\/wp\/v2\/types\/page"}],"author":[{"embeddable":true,"href":"https:\/\/holiday-active.com\/pt-pt\/wp-json\/wp\/v2\/users\/1"}],"replies":[{"embeddable":true,"href":"https:\/\/holiday-active.com\/pt-pt\/wp-json\/wp\/v2\/comments?post=13400"}],"version-history":[{"count":0,"href":"https:\/\/holiday-active.com\/pt-pt\/wp-json\/wp\/v2\/pages\/13400\/revisions"}],"wp:attachment":[{"href":"https:\/\/holiday-active.com\/pt-pt\/wp-json\/wp\/v2\/media?parent=13400"}],"curies":[{"name":"wp","href":"https:\/\/api.w.org\/{rel}","templated":true}]}}